{"id":1217,"date":"2024-05-01T10:17:09","date_gmt":"2024-05-01T08:17:09","guid":{"rendered":"https:\/\/burgguessing.at\/megkoezelites\/"},"modified":"2024-05-09T21:09:57","modified_gmt":"2024-05-09T19:09:57","slug":"megkoezelites","status":"publish","type":"page","link":"https:\/\/burgguessing.at\/hu\/megkoezelites\/","title":{"rendered":"Megk\u00f6zel\u00edt\u00e9s"},"content":{"rendered":"<div  class=\"gs_lIzJAu row_wrap has-background\"><div id='bg_69d598a28bbbd' class='greyd-background bg_full'>\n\t\t\t\t\t\t\t\t<div class='bg_color'><\/div><div class='bg_image'  data-srcset='{\"full\":\"https:\\\/\\\/burgguessing.at\\\/wp-content\\\/uploads\\\/2024\\\/05\\\/Flug-M-12_web.jpg\",\"150\":\"https:\\\/\\\/burgguessing.at\\\/wp-content\\\/uploads\\\/2024\\\/05\\\/Flug-M-12_web-150x150.jpg\",\"300\":\"https:\\\/\\\/burgguessing.at\\\/wp-content\\\/uploads\\\/2024\\\/05\\\/Flug-M-12_web-300x120.jpg\",\"768\":\"https:\\\/\\\/burgguessing.at\\\/wp-content\\\/uploads\\\/2024\\\/05\\\/Flug-M-12_web-768x307.jpg\",\"1024\":\"https:\\\/\\\/burgguessing.at\\\/wp-content\\\/uploads\\\/2024\\\/05\\\/Flug-M-12_web-1024x409.jpg\"}'><\/div>\n\t\t\t\t\t\t\t\t\n\t\t\t\t\t\t\t\t\n\t\t\t\t\t\t\t\t\n\t\t\t\t\t\t\t<\/div>\n<div class=\"wp-block-columns row_xxxl dyn has-color-33-background-color has-background is-layout-flex wp-container-core-columns-is-layout-9d6595d7 wp-block-columns-is-layout-flex\">\n<div class=\"wp-block-column col-12 col-sm-auto is-layout-flow wp-block-column-is-layout-flow\" style=\"padding-top:0px;padding-right:0px;padding-bottom:0px;padding-left:0px\"><div  class=\"row_wrap\">\n<div class=\"wp-block-columns row_xxl is-layout-flex wp-container-core-columns-is-layout-9d6595d7 wp-block-columns-is-layout-flex\">\n<div class=\"wp-block-column col-12 col-sm-auto is-layout-flow wp-block-column-is-layout-flow\">\n<div id=\"greyd-69d598a28b83a\" class=\"wp-block-greyd-box row_xxl dyn gs_OCyphH greyd-content-box gs_OCyphH flex-justify-flex-end\" style=\"margin-right: auto !important; margin-left: auto !important; \">\n<h1 class=\"has-text-align-right dyn has-color-62-color has-text-color has-h-2-font-size wp-block-heading\">Megk\u00f6zel\u00edt\u00e9s<\/h1>\n<\/div>\n<\/div>\n<\/div>\n<\/div><\/div>\n<\/div>\n<\/div><div  class=\"gs_F5tVjp row_wrap\">\n<div class=\"wp-block-columns row_xxl is-layout-flex wp-container-core-columns-is-layout-9d6595d7 wp-block-columns-is-layout-flex\">\n<div class=\"wp-block-column col-12 col-sm-12 col-md-10 col-lg-10 offset-sm-0 offset-md-1 offset-lg-1 is-layout-flow wp-block-column-is-layout-flow\">\n<h3 class=\"has-text-align-center dyn wp-block-heading gs_ctvgct\" style=\"font-size:1.3em\">Megk\u00f6zel\u00edt\u00e9s aut\u00f3val<\/h3>\n\n\n\n<p class=\"has-text-align-center dyn\"><strong>B\u00e9csb\u0151l:<\/strong> A2-es aut\u00f3p\u00e1lya, Lafnitztal kij\u00e1rat, kb. 30 perc a B57-es \u00faton G\u00fcssing fel\u00e9<br><strong>Grazb\u00f3l:<\/strong> A2-es aut\u00f3p\u00e1lya, Ilz\/F\u00fcrstenfeld kij\u00e1rat, kb. 30 perc tov\u00e1bb G\u00fcssing fel\u00e9<br><br><strong>v\u00e1bb G\u00fcssing fel\u00e9<\/strong><\/p>\n<\/div>\n<\/div>\n<\/div><div  class=\"gs_F5tVjp row_wrap\">\n<div class=\"wp-block-columns row_xxl is-layout-flex wp-container-core-columns-is-layout-9d6595d7 wp-block-columns-is-layout-flex\">\n<div class=\"wp-block-column col-12 col-sm-12 col-md-10 col-lg-10 offset-sm-0 offset-md-1 offset-lg-1 is-layout-flow wp-block-column-is-layout-flow\">\n<h3 class=\"has-text-align-center dyn wp-block-heading gs_ctvgct\" style=\"font-size:1.3em\">Megk\u00f6zel\u00edt\u00e9s t\u00f6megk\u00f6zleked\u00e9ssel<\/h3>\n\n\n\n<p class=\"has-text-align-center dyn\"><strong>Verkehrsbetriebe Burgenland GmbH<\/strong><br>Europastra\u00dfe 1, 7540 G\u00fcssing<br>Telefon: +43 (0) 800 500 805<br>E-Mail: <a href=\"mailto:office@verkehrsbetriebe-burgenland.at\">office@verkehrsbetriebe-burgenland.at<\/a><br><br><span class=\"is-button button is-style-prim small\" data-type=\"link\" data-params=\"{\"url\":\"www.verkehrsbetriebe-burgenland.at\",\"id\":\"www.verkehrsbetriebe-burgenland.at\",\"title\":\"www.verkehrsbetriebe-burgenland.at\",\"type\":\"link\",\"opensInNewTab\":true}\">www.verkehrsbetriebe-burgenland.at<\/span><\/p>\n<\/div>\n<\/div>\n<\/div>","protected":false},"excerpt":{"rendered":"","protected":false},"author":1,"featured_media":0,"parent":0,"menu_order":0,"comment_status":"closed","ping_status":"closed","template":"","meta":{"greyd_block_editor_preview":[],"footnotes":""},"class_list":["post-1217","page","type-page","status-publish","hentry"],"_links":{"self":[{"href":"https:\/\/burgguessing.at\/hu\/wp-json\/wp\/v2\/pages\/1217","targetHints":{"allow":["GET"]}}],"collection":[{"href":"https:\/\/burgguessing.at\/hu\/wp-json\/wp\/v2\/pages"}],"about":[{"href":"https:\/\/burgguessing.at\/hu\/wp-json\/wp\/v2\/types\/page"}],"author":[{"embeddable":true,"href":"https:\/\/burgguessing.at\/hu\/wp-json\/wp\/v2\/users\/1"}],"replies":[{"embeddable":true,"href":"https:\/\/burgguessing.at\/hu\/wp-json\/wp\/v2\/comments?post=1217"}],"version-history":[{"count":3,"href":"https:\/\/burgguessing.at\/hu\/wp-json\/wp\/v2\/pages\/1217\/revisions"}],"predecessor-version":[{"id":1220,"href":"https:\/\/burgguessing.at\/hu\/wp-json\/wp\/v2\/pages\/1217\/revisions\/1220"}],"wp:attachment":[{"href":"https:\/\/burgguessing.at\/hu\/wp-json\/wp\/v2\/media?parent=1217"}],"curies":[{"name":"wp","href":"https:\/\/api.w.org\/{rel}","templated":true}]}}