{"id":1213,"date":"2023-10-18T09:37:07","date_gmt":"2023-10-18T07:37:07","guid":{"rendered":"https:\/\/burgguessing.at\/home\/"},"modified":"2026-04-28T15:59:26","modified_gmt":"2026-04-28T13:59:26","slug":"home","status":"publish","type":"page","link":"https:\/\/burgguessing.at\/hu\/","title":{"rendered":"Home"},"content":{"rendered":"<div  class=\"gs_NLgHWM row_wrap\">\n<div class=\"wp-block-columns is-layout-flex wp-container-core-columns-is-layout-9d6595d7 wp-block-columns-is-layout-flex\">\n<div class=\"wp-block-column col-12 col-sm-auto is-layout-flow wp-block-column-is-layout-flow\" style=\"padding-top:0px;padding-right:0px;padding-bottom:0px;padding-left:0px\">\n<div class=\"wp-block-query is-layout-flow wp-block-query-is-layout-flow\"><\/div>\n<\/div>\n<\/div>\n<\/div><div  class=\"gs_jfPTRb row_wrap has-background\"><div id='bg_6a005ff257441' class='greyd-background bg_full'>\n\t\t\t\t\t\t\t\t<div class='bg_color'><\/div>\n\t\t\t\t\t\t\t\t\n\t\t\t\t\t\t\t\t\n\t\t\t\t\t\t\t\t\n\t\t\t\t\t\t\t<\/div>\n<div class=\"wp-block-columns has-color-11-background-color has-background is-layout-flex wp-container-core-columns-is-layout-9d6595d7 wp-block-columns-is-layout-flex\">\n<div class=\"wp-block-column col-12 col-sm-auto is-layout-flow wp-block-column-is-layout-flow\"><div  class=\"row_wrap\">\n<div class=\"wp-block-columns row_xxl is-layout-flex wp-container-core-columns-is-layout-9d6595d7 wp-block-columns-is-layout-flex\">\n<div class=\"wp-block-column col-12 col-sm-auto is-layout-flow wp-block-column-is-layout-flow\">\n<h3 class=\"wp-block-heading has-text-align-center has-color-62-color has-text-color has-link-color wp-elements-343a7838d22172064f0b012f00395535 gs_lvDSZd\" style=\"font-size:1.75em;font-style:normal;font-weight:700\">aktuelle Ausstellungen:<\/h3>\n\n\n\n<h3 class=\"wp-block-heading has-text-align-center has-color-62-color has-text-color has-link-color wp-elements-0a594263c670be3174222c67e97995d4 gs_W8Z8CD\" style=\"font-size:1.75em;font-style:normal;font-weight:400\">\u201eder Pelikan \u00fcber G\u00fcssing<br\/>500 Jahre Familie Batthy\u00e1ny auf der Burg\u201c <br\/>und<br\/>\u201eViele Blicke, eine Burg \u2013 <br\/>Fotografische Perspektiven auf Burg G\u00fcssing\u201c<\/h3>\n<\/div>\n<\/div>\n<\/div><\/div>\n<\/div>\n<\/div><div  class=\"gs_F5tVjp row_wrap\">\n<div class=\"wp-block-columns is-layout-flex wp-container-core-columns-is-layout-9d6595d7 wp-block-columns-is-layout-flex\">\n<div class=\"wp-block-column col-12 col-sm-12 col-md-10 col-lg-10 offset-sm-0 offset-md-1 offset-lg-1 is-layout-flow wp-block-column-is-layout-flow\">\n<h3 class=\"wp-block-heading has-text-align-center gs_SeWP9v\" style=\"font-size:1.3em\">G\u00fcssing v\u00e1ra \u2013 t\u00f6rt\u00e9nelmi \u00e9kk\u0151 D\u00e9l-Burgenlandban<\/h3>\n\n\n\n<p class=\"has-text-align-center\">Fedezze fel a G\u00fcssingi v\u00e1rat, amely igazi csemeg\u00e9t jelent mindazok sz\u00e1m\u00e1ra, akik sz\u00edvesen tesznek kir\u00e1ndul\u00e1sokat a m\u00faltba. A v\u00e1r a D\u00e9l-Burgenland idilli t\u00e1j\u00e1ra magasodik, \u00e9s a v\u00e1rhegyr\u0151l leny\u0171g\u00f6z\u0151 kil\u00e1t\u00e1s ny\u00edlik G\u00fcssing v\u00e1ros\u00e1ra, a G\u00fcssinger Fischteiche Ramsar-ter\u00fcletre, valamint eg\u00e9szen a magyar alf\u00f6ldig. <\/p>\n\n\n\n<p class=\"has-text-align-center\">A kast\u00e9ly m\u00fazeum\u00e1ban izgalmas id\u0151utaz\u00e1sra indulhat. Mer\u00fclj\u00f6n el a kast\u00e9ly leny\u0171g\u00f6z\u0151 m\u00faltj\u00e1ban, amelyet a m\u00fazeum \u0151riz \u00e9s dokument\u00e1l a fellegv\u00e1rban. <\/p>\n\n\n\n<p class=\"has-text-align-center\">Az \u00e1tfog\u00f3 gy\u0171jtem\u00e9ny \u2013 az \u0151s\u00f6k arck\u00e9pcsarnok\u00e1t\u00f3l eg\u00e9szen a fegyvergy\u0171jtem\u00e9nyig \u2013 a Batthy\u00e1ny f\u0151\u00fari csal\u00e1d dics\u0151s\u00e9ges t\u00f6rt\u00e9nelm\u00e9r\u0151l tan\u00faskodik.<\/p>\n\n\n\n<p class=\"has-text-align-center\">A hatalmas v\u00e1rudvar m\u00e9ret\u00e9vel ny\u0171g\u00f6zi le a l\u00e1togat\u00f3kat. Ez egy nyugodt hely, ahol \u00e9rdemes elid\u0151zni. Emellett minden ny\u00e1ron l\u00e1tv\u00e1nyos szabadt\u00e9ri sz\u00ednpadd\u00e1 alakul, ahol musical-el\u0151ad\u00e1sokat \u00e9s sz\u00e1mos egy\u00e9b rendezv\u00e9nyt tartanak.  <\/p>\n\n\n\n<p class=\"has-text-align-center\">\u00d6r\u00f6mmel v\u00e1rja a g\u00fcssingi v\u00e1r \u2013 mindig meg\u00e9ri ell\u00e1togatni hozz\u00e1nk!<\/p>\n<\/div>\n<\/div>\n<\/div><div  class=\"gs_QLf6mn row_wrap\">\n<div class=\"wp-block-columns row_xxxl is-layout-flex wp-container-core-columns-is-layout-9d6595d7 wp-block-columns-is-layout-flex\">\n<div class=\"wp-block-column col-12 col-sm-auto is-layout-flow wp-block-column-is-layout-flow\" style=\"padding-top:0px;padding-right:0px;padding-bottom:0px;padding-left:0px\">\n<div id=\"greyd-6a005ff258ca5\" class=\"wp-block-greyd-box dyn gs_73rkJE greyd-content-box gs_73rkJE has-background\"><div id='bg_6a005ff258b0f' class='greyd-background'>\n\t\t\t\t\t\t\t\t<div class='bg_image'  data-srcset='{\"full\":\"https:\\\/\\\/burgguessing.at\\\/wp-content\\\/uploads\\\/2024\\\/03\\\/Burggang_1_Robert_Bruenner_Fotografie.jpg\",\"150\":\"https:\\\/\\\/burgguessing.at\\\/wp-content\\\/uploads\\\/2024\\\/03\\\/Burggang_1_Robert_Bruenner_Fotografie-150x150.jpg\",\"300\":\"https:\\\/\\\/burgguessing.at\\\/wp-content\\\/uploads\\\/2024\\\/03\\\/Burggang_1_Robert_Bruenner_Fotografie-300x200.jpg\"}'><\/div>\n\t\t\t\t\t\t\t\t\n\t\t\t\t\t\t\t\t\n\t\t\t\t\t\t\t\t\n\t\t\t\t\t\t\t<\/div><\/div>\n<\/div>\n\n\n\n<div class=\"wp-block-column col-12 col-sm-auto is-layout-flow wp-block-column-is-layout-flow\" style=\"padding-top:0px;padding-right:0px;padding-bottom:0px;padding-left:0px\">\n<div id=\"greyd-6a005ff258eec\" class=\"wp-block-greyd-box dyn gs_Z0WLJe greyd-content-box gs_Z0WLJe has-background\"><div id='bg_6a005ff258dd5' class='greyd-background'>\n\t\t\t\t\t\t\t\t<div class='bg_image'  data-srcset='{\"full\":\"https:\\\/\\\/burgguessing.at\\\/wp-content\\\/uploads\\\/2024\\\/03\\\/Burg_1_Robert_Bruenner_Fotografie.jpg\",\"150\":\"https:\\\/\\\/burgguessing.at\\\/wp-content\\\/uploads\\\/2024\\\/03\\\/Burg_1_Robert_Bruenner_Fotografie-150x150.jpg\",\"200\":\"https:\\\/\\\/burgguessing.at\\\/wp-content\\\/uploads\\\/2024\\\/03\\\/Burg_1_Robert_Bruenner_Fotografie-200x300.jpg\"}'><\/div>\n\t\t\t\t\t\t\t\t\n\t\t\t\t\t\t\t\t\n\t\t\t\t\t\t\t\t\n\t\t\t\t\t\t\t<\/div><\/div>\n<\/div>\n\n\n\n<div class=\"wp-block-column col-12 col-sm-auto is-layout-flow wp-block-column-is-layout-flow\" style=\"padding-top:0px;padding-right:0px;padding-bottom:0px;padding-left:0px\">\n<div id=\"greyd-6a005ff2590ea\" class=\"wp-block-greyd-box dyn gs_LtfDB0 greyd-content-box gs_LtfDB0 has-background\"><div id='bg_6a005ff258fda' class='greyd-background'>\n\t\t\t\t\t\t\t\t<div class='bg_image'  data-srcset='{\"full\":\"https:\\\/\\\/burgguessing.at\\\/wp-content\\\/uploads\\\/2024\\\/03\\\/Kapelle_1_Robert_Bruenner_Fotografie.jpg\",\"150\":\"https:\\\/\\\/burgguessing.at\\\/wp-content\\\/uploads\\\/2024\\\/03\\\/Kapelle_1_Robert_Bruenner_Fotografie-150x150.jpg\",\"200\":\"https:\\\/\\\/burgguessing.at\\\/wp-content\\\/uploads\\\/2024\\\/03\\\/Kapelle_1_Robert_Bruenner_Fotografie-200x300.jpg\"}'><\/div>\n\t\t\t\t\t\t\t\t\n\t\t\t\t\t\t\t\t\n\t\t\t\t\t\t\t\t\n\t\t\t\t\t\t\t<\/div><\/div>\n<\/div>\n\n\n\n<div class=\"wp-block-column hidden-xs col-12 col-sm-auto is-layout-flow wp-block-column-is-layout-flow\" style=\"padding-top:0px;padding-right:0px;padding-bottom:0px;padding-left:0px\">\n<div id=\"greyd-6a005ff2592e3\" class=\"wp-block-greyd-box dyn gs_v92Vh6 greyd-content-box gs_v92Vh6 has-background\"><div id='bg_6a005ff2591cc' class='greyd-background'>\n\t\t\t\t\t\t\t\t<div class='bg_image'  data-srcset='{\"full\":\"https:\\\/\\\/burgguessing.at\\\/wp-content\\\/uploads\\\/2024\\\/03\\\/Mauer_1_Robert_Bruenner_Fotografie.jpg\",\"150\":\"https:\\\/\\\/burgguessing.at\\\/wp-content\\\/uploads\\\/2024\\\/03\\\/Mauer_1_Robert_Bruenner_Fotografie-150x150.jpg\",\"300\":\"https:\\\/\\\/burgguessing.at\\\/wp-content\\\/uploads\\\/2024\\\/03\\\/Mauer_1_Robert_Bruenner_Fotografie-300x200.jpg\"}'><\/div>\n\t\t\t\t\t\t\t\t\n\t\t\t\t\t\t\t\t\n\t\t\t\t\t\t\t\t\n\t\t\t\t\t\t\t<\/div><\/div>\n<\/div>\n\n\n\n<div class=\"wp-block-column hidden-xs hidden-sm col-12 col-sm-auto is-layout-flow wp-block-column-is-layout-flow\" style=\"padding-top:0px;padding-right:0px;padding-bottom:0px;padding-left:0px\">\n<div id=\"greyd-6a005ff2594f4\" class=\"wp-block-greyd-box dyn gs_E06k8a greyd-content-box gs_E06k8a has-background\"><div id='bg_6a005ff2593cd' class='greyd-background'>\n\t\t\t\t\t\t\t\t<div class='bg_image'  data-srcset='{\"full\":\"https:\\\/\\\/burgguessing.at\\\/wp-content\\\/uploads\\\/2024\\\/03\\\/Burg_2_Robert_Bruenner_Fotografie.jpg\",\"150\":\"https:\\\/\\\/burgguessing.at\\\/wp-content\\\/uploads\\\/2024\\\/03\\\/Burg_2_Robert_Bruenner_Fotografie-150x150.jpg\",\"300\":\"https:\\\/\\\/burgguessing.at\\\/wp-content\\\/uploads\\\/2024\\\/03\\\/Burg_2_Robert_Bruenner_Fotografie-300x200.jpg\",\"768\":\"https:\\\/\\\/burgguessing.at\\\/wp-content\\\/uploads\\\/2024\\\/03\\\/Burg_2_Robert_Bruenner_Fotografie-768x512.jpg\",\"1024\":\"https:\\\/\\\/burgguessing.at\\\/wp-content\\\/uploads\\\/2024\\\/03\\\/Burg_2_Robert_Bruenner_Fotografie-1024x683.jpg\"}'><\/div>\n\t\t\t\t\t\t\t\t\n\t\t\t\t\t\t\t\t\n\t\t\t\t\t\t\t\t\n\t\t\t\t\t\t\t<\/div><\/div>\n<\/div>\n<\/div>\n<\/div><div  class=\"row_wrap has-background\"><div id='bg_6a005ff259da8' class='greyd-background bg_full'>\n\t\t\t\t\t\t\t\t<div class='bg_color'><\/div>\n\t\t\t\t\t\t\t\t\n\t\t\t\t\t\t\t\t\n\t\t\t\t\t\t\t\t\n\t\t\t\t\t\t\t<\/div>\n<div class=\"wp-block-columns row_xxxl has-color-11-background-color has-background is-layout-flex wp-container-core-columns-is-layout-9d6595d7 wp-block-columns-is-layout-flex\">\n<div class=\"wp-block-column col-12 col-sm-auto is-layout-flow wp-block-column-is-layout-flow\"><div  class=\"gs_XY1lkE row_wrap\">\n<div class=\"wp-block-columns row_xxl is-layout-flex wp-container-core-columns-is-layout-9d6595d7 wp-block-columns-is-layout-flex\">\n<div class=\"wp-block-column col-12 col-sm-12 col-md-12 col-lg-12 offset-sm-0 offset-md-0 offset-lg-0 is-layout-flow wp-block-column-is-layout-flow\">\n<p class=\"has-text-align-center has-color-62-color has-text-color has-link-color wp-elements-da1faf330f6e9b71125a8513a3ae3743 gs_hUBuAc\" style=\"font-style:normal;font-weight:700\"><br\/>A V\u00c1RM\u00daZEUM NYITVATART\u00c1SI IDEJE<\/p>\n\n\n\n<p class=\"has-text-align-center has-color-62-color has-text-color has-link-color wp-elements-ca9c13e2c0654a467e5cfacb0f48b12b gs_HVAbsa\" style=\"font-style:normal;font-weight:700\">2026. m\u00e1rcius 14. \u2013 okt\u00f3ber 31.<\/p>\n\n\n\n<p class=\"has-text-align-center has-color-62-color has-text-color has-link-color wp-elements-ca58848ccadb77884bfb1e3947693adb\">Kedd\u2013vas\u00e1rnap 10:00\u201317:00 (utols\u00f3 bel\u00e9p\u00e9s 16:30)<\/p>\n\n\n\n<p class=\"has-text-align-center has-color-62-color has-text-color has-link-color wp-elements-d1a31eb775ce1a57ab658e75d3890a27\">H\u00e9tf\u0151n z\u00e1rva (kiv\u00e9ve, ha h\u00e9tf\u0151 vagy kedd \u00fcnnepnap)<\/p>\n\n\n\n<p class=\"has-text-align-center has-color-62-color has-text-color has-link-color wp-elements-894f19950405af1c990a05ffe5fa15dd\"><strong>Inform\u00e1ci\u00f3k: +43 (0) 3322 43400<\/strong><\/p>\n\n\n\n<p class=\"has-text-align-center has-color-62-color has-text-color has-link-color wp-elements-197e5351c9e80deede60e5625a6bb5f1\">Csoportos foglal\u00e1sokat \u00e9s esk\u00fcv\u0151i megkeres\u00e9seket k\u00e9rj\u00fck, k\u00fcldj\u00e9k el e-mailben a <br\/><a href=\"mailto:office@burgguessing.at\" target=\"_blank\" rel=\"noreferrer noopener\">office@burgguessing.at<\/a> c\u00edmre, miel\u0151bb v\u00e1laszolunk.<\/p>\n\n\n\n<p class=\"has-text-align-center has-color-62-color has-text-color has-link-color wp-elements-cbd642afcdc745563eb63cb9fb84f719\">A Pelikan v\u00e1r\u00e9tterem aktu\u00e1lis nyitvatart\u00e1si idej\u00e9t a weboldalon tal\u00e1lja: <strong><a href=\"http:\/\/www.burgrestaurant-pelikan.at\/\" target=\"_blank\" rel=\"noreferrer noopener\">www.burgrestaurant-pelikan.at<\/a><\/strong><\/p>\n\n\n\n<p class=\"has-text-align-center has-color-62-color has-text-color has-link-color wp-elements-b71ea9d3552d65e5bf0e1071e9e981b1\">Foglal\u00e1sok, illetve \u00e1ltal\u00e1nos \u00e9rdekl\u0151d\u00e9sek buszos csoportok, csal\u00e1dok, c\u00e9gek \u00e9s esk\u00fcv\u0151i p\u00e1rok r\u00e9sz\u00e9r\u0151l<br\/>e-mailben a <a href=\"mailto:info@burgrestaurant-pelikan.at\" target=\"_blank\" rel=\"noreferrer noopener\"><strong>info@burgrestaurant-pelikan.at<\/strong><\/a> c\u00edmre<\/p>\n<\/div>\n<\/div>\n<\/div><\/div>\n<\/div>\n<\/div><div  class=\"gs_Q1JtXA row_wrap\">\n<div class=\"wp-block-columns row_xxl is-layout-flex wp-container-core-columns-is-layout-9d6595d7 wp-block-columns-is-layout-flex\">\n<div class=\"wp-block-column col-12 col-sm-12 col-md-12 col-lg-12 offset-sm-0 offset-md-0 offset-lg-0 is-layout-flow wp-block-column-is-layout-flow\">\n<h3 class=\"wp-block-heading has-text-align-center gs_kodXDP\" style=\"font-size:1.3em\">BEL\u00c9P\u0150K<\/h3>\n\n\n\n<p class=\"has-text-align-center\">Minden \u00e1r \u00e1f\u00e1val egy\u00fctt \u00e9rtend\u0151. <\/p>\n\n\n<div  class=\"gs_VcxANW row_wrap\">\n<div class=\"wp-block-columns row_xxl is-layout-flex wp-container-core-columns-is-layout-9d6595d7 wp-block-columns-is-layout-flex\">\n<div class=\"wp-block-column col-12 col-sm-auto is-layout-flow wp-block-column-is-layout-flow\">\n<p>Feln\u0151ttek: 8,50 \u20ac<br\/>Id\u0151sek: 7,00 \u20ac<br\/>Di\u00e1kok, szakmunk\u00e1sk\u00e9pz\u00e9sben r\u00e9szt vev\u0151k, egyetemist\u00e1k, katonai szolg\u00e1latot teljes\u00edt\u0151k vagy polg\u00e1ri szolg\u00e1latot teljes\u00edt\u0151k:<br\/>5,00 \u20ac<br\/>Csal\u00e1di jegy: 18,00 \u20ac<\/p>\n\n\n\n<p><\/p>\n\n\n\n<p>Kombin\u00e1lt jegy a kast\u00e9lyba \u00e9s a kript\u00e1ba: 15,00 \u20ac<\/p>\n\n\n\n<h6 class=\"wp-block-heading gs_JISkge\">Csoport (10 f\u0151t\u0151l)<\/h6>\n\n\n\n<p>Feln\u0151ttek: 7,00 \u20ac<br\/>Id\u0151sek: 6,50 \u20ac<br\/>Di\u00e1kok, szakmunk\u00e1sk\u00e9pz\u00e9sben r\u00e9szt vev\u0151k, egyetemist\u00e1k, katonai szolg\u00e1latot teljes\u00edt\u0151k vagy polg\u00e1ri szolg\u00e1latot teljes\u00edt\u0151k:<br\/>4,50 \u20ac<\/p>\n\n\n\n<h6 class=\"wp-block-heading gs_kRM9pW\">Idegenvezet\u00e9s<\/h6>\n\n\n\n<p>Idegenvezet\u00e9s bejelentkez\u00e9s alapj\u00e1n 10 f\u0151n\u00e9l nagyobb csoportok sz\u00e1m\u00e1ra \u00e1ll rendelkez\u00e9sre fejenk\u00e9nt 2,00 \u20ac (ill. minimum 20,00 \u20ac) ellen\u00e9ben.<\/p>\n\n\n\n<p>A v\u00e1rbel\u00e9p\u0151k \u00e9s az idegenvezet\u00e9s kifizet\u00e9se t\u00f6rt\u00e9nhet k\u00e9szp\u00e9nzzel vagy hitelk\u00e1rty\u00e1val.<\/p>\n<\/div>\n\n\n\n<div class=\"wp-block-column col-12 col-sm-auto is-layout-flow wp-block-column-is-layout-flow\">\n<h6 class=\"wp-block-heading gs_lqr6xS\">Ferde felvon\u00f3<\/h6>\n\n\n\n<p class=\"gs_M5PK4J\">Fedezze fel G\u00fcssing v\u00e1r\u00e1t kellemesen \u00e9s k\u00f6nnyed\u00e9n ferde felvon\u00f3nkkal. Ez gyors \u00e9s k\u00e9nyelmes megk\u00f6zel\u00edt\u00e9st tesz lehet\u0151v\u00e9 \u00d6nnek \u00e9s minden vend\u00e9g\u00fcnknek, \u00e9s t\u00f6k\u00e9letes v\u00e1laszt\u00e1s mindazok sz\u00e1m\u00e1ra, akik szeretn\u00e9k \u00e9lvezni a l\u00e9legzetel\u00e1ll\u00edt\u00f3 kil\u00e1t\u00e1st G\u00fcssing k\u00f6rny\u00e9k\u00e9re an\u00e9lk\u00fcl, hogy szembe kellene n\u00e9zni\u00fck a meredek emelked\u0151 kih\u00edv\u00e1saival. <\/p>\n\n\n\n<p class=\"gs_TiM3UF\">Felfel\u00e9: 2,00 \u20ac<br\/>Lefel\u00e9: 2,00 \u20ac<\/p>\n\n\n\n<p>Figyelem: 2,00 \u20ac, 1,00 \u20ac \u00e9s 50 centes \u00e9rm\u00e9ket fogadunk el; a ferde felvon\u00f3n\u00e1l nem lehet bankk\u00e1rty\u00e1val vagy hitelk\u00e1rty\u00e1val fizetni.<br\/><br\/>A csoportok a v\u00e1r p\u00e9nzt\u00e1r\u00e1n\u00e1l \u00e1tal\u00e1nyd\u00edjban fizethetik be a viteld\u00edjat.<br\/><br\/><\/p>\n<\/div>\n<\/div>\n<\/div><\/div>\n<\/div>\n<\/div><div  class=\"gs_39462z row_wrap\">\n<div class=\"wp-block-columns row_xxxl is-layout-flex wp-container-core-columns-is-layout-9d6595d7 wp-block-columns-is-layout-flex\">\n<div class=\"wp-block-column col-12 col-sm-auto is-layout-flow wp-block-column-is-layout-flow\">\n<div id=\"wp-container-6a005ff25bbc8\" class=\"wp-block-group is-content-justification-center is-layout-flex wp-container-core-group-is-layout-2f06dff2 wp-block-group-is-layout-flex\" style=\"padding-right:0;padding-left:0\"><figure style=\"padding-right:var(--wp--preset--spacing--50);padding-left:var(--wp--preset--spacing--50);padding-top:var(--wp--preset--spacing--30);padding-bottom:var(--wp--preset--spacing--30);\" class=\"wp-block-image greyd-image   gs_5YiDFe\"><img loading=\"lazy\" decoding=\"async\" width=\"426\" height=\"200\" src=\"https:\/\/burgguessing.at\/wp-content\/uploads\/2024\/03\/Logo_Land_BGLD_Kulturland.jpg\" class=\"wp-image-1110\" alt=\"Logo_Land_BGLD_Kulturland\" srcset=\"https:\/\/burgguessing.at\/wp-content\/uploads\/2024\/03\/Logo_Land_BGLD_Kulturland.jpg 426w, https:\/\/burgguessing.at\/wp-content\/uploads\/2024\/03\/Logo_Land_BGLD_Kulturland-300x141.jpg 300w\" sizes=\"auto, (max-width: 426px) 100vw, 426px\" \/><\/figure>\n\n<figure style=\"padding-right:var(--wp--preset--spacing--50);padding-left:var(--wp--preset--spacing--50);padding-top:var(--wp--preset--spacing--30);padding-bottom:var(--wp--preset--spacing--30);\" class=\"wp-block-image greyd-image   gs_LQTejC\"><img loading=\"lazy\" decoding=\"async\" width=\"748\" height=\"200\" src=\"https:\/\/burgguessing.at\/wp-content\/uploads\/2024\/03\/Logo_Suedburgenland.png\" class=\"wp-image-1114\" alt=\"Logo_Suedburgenland\" srcset=\"https:\/\/burgguessing.at\/wp-content\/uploads\/2024\/03\/Logo_Suedburgenland.png 748w, https:\/\/burgguessing.at\/wp-content\/uploads\/2024\/03\/Logo_Suedburgenland-300x80.png 300w\" sizes=\"auto, (max-width: 748px) 100vw, 748px\" \/><\/figure>\n\n<figure style=\"padding-right:var(--wp--preset--spacing--50);padding-left:var(--wp--preset--spacing--50);padding-top:var(--wp--preset--spacing--30);padding-bottom:var(--wp--preset--spacing--30);\" class=\"wp-block-image greyd-image   gs_FGAa19\"><img loading=\"lazy\" decoding=\"async\" width=\"703\" height=\"200\" src=\"https:\/\/burgguessing.at\/wp-content\/uploads\/2024\/03\/logo_Landesmuseum_Burgenland_4c.jpg\" class=\"wp-image-1112\" alt=\"logo_Landesmuseum_Burgenland_4c\" srcset=\"https:\/\/burgguessing.at\/wp-content\/uploads\/2024\/03\/logo_Landesmuseum_Burgenland_4c.jpg 703w, https:\/\/burgguessing.at\/wp-content\/uploads\/2024\/03\/logo_Landesmuseum_Burgenland_4c-300x85.jpg 300w\" sizes=\"auto, (max-width: 703px) 100vw, 703px\" \/><\/figure>\n\n<figure style=\"padding-right:var(--wp--preset--spacing--50);padding-left:var(--wp--preset--spacing--50);padding-top:var(--wp--preset--spacing--30);padding-bottom:var(--wp--preset--spacing--30);\" class=\"wp-block-image greyd-image   gs_mFy7hQ\"><img loading=\"lazy\" decoding=\"async\" width=\"473\" height=\"301\" src=\"https:\/\/burgguessing.at\/wp-content\/uploads\/2024\/03\/Logo_Guessing_MeineStadt.png\" class=\"wp-image-1108\" alt=\"Logo_Guessing_MeineStadt\" srcset=\"https:\/\/burgguessing.at\/wp-content\/uploads\/2024\/03\/Logo_Guessing_MeineStadt.png 473w, https:\/\/burgguessing.at\/wp-content\/uploads\/2024\/03\/Logo_Guessing_MeineStadt-300x191.png 300w\" sizes=\"auto, (max-width: 473px) 100vw, 473px\" \/><\/figure>\n\n<figure style=\"padding-right:var(--wp--preset--spacing--50);padding-left:var(--wp--preset--spacing--50);padding-top:var(--wp--preset--spacing--30);padding-bottom:var(--wp--preset--spacing--30);\" class=\"wp-block-image greyd-image   gs_Yt1kDk\"><img loading=\"lazy\" decoding=\"async\" width=\"362\" height=\"169\" src=\"https:\/\/burgguessing.at\/wp-content\/uploads\/2024\/03\/Heiraten-im-Paradies_Logo.jpg\" class=\"wp-image-1104\" alt=\"Heiraten-im-Paradies_Logo\" srcset=\"https:\/\/burgguessing.at\/wp-content\/uploads\/2024\/03\/Heiraten-im-Paradies_Logo.jpg 362w, https:\/\/burgguessing.at\/wp-content\/uploads\/2024\/03\/Heiraten-im-Paradies_Logo-300x140.jpg 300w\" sizes=\"auto, (max-width: 362px) 100vw, 362px\" \/><\/figure>\n\n<figure style=\"padding-right:var(--wp--preset--spacing--50);padding-left:var(--wp--preset--spacing--50);padding-top:var(--wp--preset--spacing--30);padding-bottom:var(--wp--preset--spacing--30);\" class=\"wp-block-image greyd-image   gs_wRBp70\"><img loading=\"lazy\" decoding=\"async\" width=\"429\" height=\"300\" src=\"https:\/\/burgguessing.at\/wp-content\/uploads\/2024\/03\/Castle-Road-LOGO.jpg\" class=\"wp-image-1102\" alt=\"Castle-Road-LOGO\" srcset=\"https:\/\/burgguessing.at\/wp-content\/uploads\/2024\/03\/Castle-Road-LOGO.jpg 429w, https:\/\/burgguessing.at\/wp-content\/uploads\/2024\/03\/Castle-Road-LOGO-300x210.jpg 300w\" sizes=\"auto, (max-width: 429px) 100vw, 429px\" \/><\/figure>\n\n<figure style=\"padding-right:var(--wp--preset--spacing--50);padding-left:var(--wp--preset--spacing--50);padding-top:var(--wp--preset--spacing--30);padding-bottom:var(--wp--preset--spacing--30);\" class=\"wp-block-image greyd-image   gs_XXbhpG\"><img loading=\"lazy\" decoding=\"async\" width=\"996\" height=\"300\" src=\"https:\/\/burgguessing.at\/wp-content\/uploads\/2024\/03\/interreg_si-at_sl_de.jpg\" class=\"wp-image-1106\" alt=\"interreg_si-at_sl_de\" srcset=\"https:\/\/burgguessing.at\/wp-content\/uploads\/2024\/03\/interreg_si-at_sl_de.jpg 996w, https:\/\/burgguessing.at\/wp-content\/uploads\/2024\/03\/interreg_si-at_sl_de-300x90.jpg 300w, https:\/\/burgguessing.at\/wp-content\/uploads\/2024\/03\/interreg_si-at_sl_de-768x231.jpg 768w\" sizes=\"auto, (max-width: 996px) 100vw, 996px\" \/><\/figure><\/div>\n<\/div>\n<\/div>\n<\/div>","protected":false},"excerpt":{"rendered":"<p>aktuelle Ausstellungen: \u201eder Pelikan \u00fcber G\u00fcssing500 Jahre Familie Batthy\u00e1ny auf der Burg\u201c und\u201eViele Blicke, eine Burg \u2013 Fotografische Perspektiven auf Burg G\u00fcssing\u201c G\u00fcssing v\u00e1ra \u2013 t\u00f6rt\u00e9nelmi \u00e9kk\u0151 D\u00e9l-Burgenlandban Fedezze fel a G\u00fcssingi v\u00e1rat, amely igazi csemeg\u00e9t jelent mindazok sz\u00e1m\u00e1ra, akik sz\u00edvesen tesznek kir\u00e1ndul\u00e1sokat a m\u00faltba. A v\u00e1r a D\u00e9l-Burgenland idilli t\u00e1j\u00e1ra magasodik, \u00e9s a v\u00e1rhegyr\u0151l [&hellip;]<\/p>\n","protected":false},"author":1,"featured_media":1423,"parent":0,"menu_order":0,"comment_status":"closed","ping_status":"closed","template":"","meta":{"greyd_block_editor_preview":[],"footnotes":""},"class_list":["post-1213","page","type-page","status-publish","has-post-thumbnail","hentry"],"_links":{"self":[{"href":"https:\/\/burgguessing.at\/hu\/wp-json\/wp\/v2\/pages\/1213","targetHints":{"allow":["GET"]}}],"collection":[{"href":"https:\/\/burgguessing.at\/hu\/wp-json\/wp\/v2\/pages"}],"about":[{"href":"https:\/\/burgguessing.at\/hu\/wp-json\/wp\/v2\/types\/page"}],"author":[{"embeddable":true,"href":"https:\/\/burgguessing.at\/hu\/wp-json\/wp\/v2\/users\/1"}],"replies":[{"embeddable":true,"href":"https:\/\/burgguessing.at\/hu\/wp-json\/wp\/v2\/comments?post=1213"}],"version-history":[{"count":22,"href":"https:\/\/burgguessing.at\/hu\/wp-json\/wp\/v2\/pages\/1213\/revisions"}],"predecessor-version":[{"id":1622,"href":"https:\/\/burgguessing.at\/hu\/wp-json\/wp\/v2\/pages\/1213\/revisions\/1622"}],"wp:featuredmedia":[{"embeddable":true,"href":"https:\/\/burgguessing.at\/hu\/wp-json\/wp\/v2\/media\/1423"}],"wp:attachment":[{"href":"https:\/\/burgguessing.at\/hu\/wp-json\/wp\/v2\/media?parent=1213"}],"curies":[{"name":"wp","href":"https:\/\/api.w.org\/{rel}","templated":true}]}}