{"id":1211,"date":"2024-05-01T09:40:28","date_gmt":"2024-05-01T07:40:28","guid":{"rendered":"https:\/\/burgguessing.at\/rendezvenyek\/"},"modified":"2025-05-14T11:04:07","modified_gmt":"2025-05-14T09:04:07","slug":"rendezvenyek","status":"publish","type":"page","link":"https:\/\/burgguessing.at\/hu\/rendezvenyek\/","title":{"rendered":"Rendezv\u00e9nyek"},"content":{"rendered":"<div  class=\"gs_lIzJAu row_wrap has-background\"><div id='bg_69e5a8afabdaf' class='greyd-background bg_full'>\n\t\t\t\t\t\t\t\t<div class='bg_color'><\/div><div class='bg_image'  data-srcset='{\"full\":\"https:\\\/\\\/burgguessing.at\\\/wp-content\\\/uploads\\\/2025\\\/02\\\/DJI_0948_stitch_\\u00a9RainerRiedl_web.jpg\",\"150\":\"https:\\\/\\\/burgguessing.at\\\/wp-content\\\/uploads\\\/2025\\\/02\\\/DJI_0948_stitch_\\u00a9RainerRiedl_web-150x150.jpg\",\"300\":\"https:\\\/\\\/burgguessing.at\\\/wp-content\\\/uploads\\\/2025\\\/02\\\/DJI_0948_stitch_\\u00a9RainerRiedl_web-300x67.jpg\",\"768\":\"https:\\\/\\\/burgguessing.at\\\/wp-content\\\/uploads\\\/2025\\\/02\\\/DJI_0948_stitch_\\u00a9RainerRiedl_web-768x171.jpg\",\"1024\":\"https:\\\/\\\/burgguessing.at\\\/wp-content\\\/uploads\\\/2025\\\/02\\\/DJI_0948_stitch_\\u00a9RainerRiedl_web-1024x227.jpg\",\"1536\":\"https:\\\/\\\/burgguessing.at\\\/wp-content\\\/uploads\\\/2025\\\/02\\\/DJI_0948_stitch_\\u00a9RainerRiedl_web-1536x341.jpg\",\"2048\":\"https:\\\/\\\/burgguessing.at\\\/wp-content\\\/uploads\\\/2025\\\/02\\\/DJI_0948_stitch_\\u00a9RainerRiedl_web-2048x455.jpg\"}'><\/div>\n\t\t\t\t\t\t\t\t\n\t\t\t\t\t\t\t\t\n\t\t\t\t\t\t\t\t\n\t\t\t\t\t\t\t<\/div>\n<div class=\"wp-block-columns row_xxxl dyn has-color-33-background-color has-background is-layout-flex wp-container-core-columns-is-layout-9d6595d7 wp-block-columns-is-layout-flex\">\n<div class=\"wp-block-column col-12 col-sm-auto is-layout-flow wp-block-column-is-layout-flow\" style=\"padding-top:0px;padding-right:0px;padding-bottom:0px;padding-left:0px\"><div  class=\"row_wrap\">\n<div class=\"wp-block-columns row_xxl is-layout-flex wp-container-core-columns-is-layout-9d6595d7 wp-block-columns-is-layout-flex\">\n<div class=\"wp-block-column col-12 col-sm-auto is-layout-flow wp-block-column-is-layout-flow\">\n<div id=\"greyd-69e5a8afabafc\" class=\"wp-block-greyd-box row_xxl dyn gs_OCyphH greyd-content-box gs_OCyphH flex-justify-flex-end\" style=\"margin-right: auto !important; margin-left: auto !important; \">\n<h1 class=\"has-text-align-right dyn has-color-62-color has-text-color has-h-2-font-size wp-block-heading\">Rendezv\u00e9nyek<\/h1>\n<\/div>\n<\/div>\n<\/div>\n<\/div><\/div>\n<\/div>\n<\/div><div  class=\"gs_D1taFR row_wrap has-background\"><div id='bg_69e5a8afac673' class='greyd-background bg_full'>\n\t\t\t\t\t\t\t\t<div class='bg_color'><\/div>\n\t\t\t\t\t\t\t\t\n\t\t\t\t\t\t\t\t\n\t\t\t\t\t\t\t\t\n\t\t\t\t\t\t\t<\/div>\n<div class=\"wp-block-columns row_xxl has-color-11-background-color has-background is-layout-flex wp-container-core-columns-is-layout-9d6595d7 wp-block-columns-is-layout-flex\">\n<div class=\"wp-block-column col-12 col-sm-auto is-layout-flow wp-block-column-is-layout-flow\"><div  class=\"row_wrap\">\n<div class=\"wp-block-columns row_xxl is-layout-flex wp-container-core-columns-is-layout-9d6595d7 wp-block-columns-is-layout-flex\">\n<div class=\"wp-block-column col-12 col-sm-12 col-md-10 col-lg-10 offset-sm-0 offset-md-1 offset-lg-1 is-layout-flow wp-block-column-is-layout-flow\">\n<h3 class=\"has-text-align-center dyn has-color-62-color has-text-color has-link-color wp-block-heading wp-elements-6004c51e82696f39f7228826699fb577 gs_yGX8dP\" style=\"font-size:1.75em;font-style:normal;font-weight:700\">Nyitvatart\u00e1s<\/h3>\n\n\n\n<p class=\"has-text-align-center dyn has-color-62-color has-text-color has-link-color wp-elements-d85e4107c67ee8894d60e07ef8732d9e\"><strong>m\u00e1rcius 15-t\u0151l 2025. okt\u00f3ber 31-ig<br><\/strong>Keddt\u0151l vas\u00e1rnapig 10.00-17.00 \u00f3r\u00e1ig (utols\u00f3 bel\u00e9p\u00e9s 16.30 \u00f3r\u00e1ig)\u2028<br>H\u00e9tf\u0151n z\u00e1rva (kiv\u00e9ve, ha a h\u00e9tf\u0151 vagy a kedd munkasz\u00fcneti nap). \u2028<br><br><strong>+43 (0) 3322 43400<\/strong><br><\/p>\n<\/div>\n<\/div>\n<\/div><\/div>\n<\/div>\n<\/div><div  class=\"gs_F5tVjp row_wrap\">\n<div class=\"wp-block-columns row_xxl is-layout-flex wp-container-core-columns-is-layout-9d6595d7 wp-block-columns-is-layout-flex\">\n<div class=\"wp-block-column col-12 col-sm-12 col-md-10 col-lg-10 offset-sm-0 offset-md-1 offset-lg-1 is-layout-flow wp-block-column-is-layout-flow\">\n<h3 class=\"has-text-align-center dyn wp-block-heading gs_ctvgct\" style=\"font-size:1.3em\">Rendezv\u00e9nyek<\/h3>\n\n\n\n<p class=\"has-text-align-center dyn\">L\u00e1togasson el a g\u00fcssingi kast\u00e9lyba, \u00e9s fedezze fel a 2025-ben megrendez\u00e9sre ker\u00fcl\u0151 sz\u00e9lesk\u00f6r\u0171 kultur\u00e1lis programot. A kast\u00e9ly egyed\u00fcl\u00e1ll\u00f3 h\u00e1tteret k\u00edn\u00e1l a k\u00fcl\u00f6nb\u00f6z\u0151 rendezv\u00e9nyeknek, a zenei el\u0151ad\u00e1sokt\u00f3l kezdve a kabar\u00e9n \u00e1t a gyermekmusicalekig \u00e9s musicalekig. V\u00e1rja egy olyan \u00e9v, amely tele van kultur\u00e1lis cs\u00facspontokkal, amelyeket a G\u00fcssing-kast\u00e9ly rendk\u00edv\u00fcli k\u00f6rnyezet\u00e9ben mutatnak be.  <\/p>\n<\/div>\n<\/div>\n<\/div><div  class=\"row_wrap\">\n<div class=\"wp-block-columns row_xxl is-layout-flex wp-container-core-columns-is-layout-9d6595d7 wp-block-columns-is-layout-flex\">\n<div class=\"wp-block-column col-12 col-sm-10 col-md-8 col-lg-8 offset-sm-1 offset-md-2 offset-lg-2 is-layout-flow wp-block-column-is-layout-flow\"><div  class=\"gs_cv0P6S row_wrap\">\n<div class=\"wp-block-columns row_xxl is-layout-flex wp-container-core-columns-is-layout-9d6595d7 wp-block-columns-is-layout-flex\">\n<div class=\"wp-block-column col-12 col-sm-6 col-md-6 col-lg-6 is-layout-flow wp-block-column-is-layout-flow\"><figure style=\"\" class=\"wp-block-image greyd-image   gs_yGF3Ln\"><img loading=\"lazy\" decoding=\"async\" style=\"object-position: 46% 39%; \" width=\"768\" height=\"592\" src=\"https:\/\/burgguessing.at\/wp-content\/uploads\/2025\/05\/0007_20240628-OMD18929-KBB-768x592.jpg\" class=\"wp-image-1433\" alt=\"0007_20240628-OMD18929-KBB\" srcset=\"https:\/\/burgguessing.at\/wp-content\/uploads\/2025\/05\/0007_20240628-OMD18929-KBB-768x592.jpg 768w, https:\/\/burgguessing.at\/wp-content\/uploads\/2025\/05\/0007_20240628-OMD18929-KBB-300x231.jpg 300w, https:\/\/burgguessing.at\/wp-content\/uploads\/2025\/05\/0007_20240628-OMD18929-KBB-1024x789.jpg 1024w, https:\/\/burgguessing.at\/wp-content\/uploads\/2025\/05\/0007_20240628-OMD18929-KBB-1536x1184.jpg 1536w, https:\/\/burgguessing.at\/wp-content\/uploads\/2025\/05\/0007_20240628-OMD18929-KBB-2048x1579.jpg 2048w\" sizes=\"auto, (max-width: 768px) 100vw, 768px\" \/><\/figure><\/div>\n\n\n\n<div class=\"wp-block-column col-12 col-sm-6 col-md-6 col-lg-6 is-layout-flow wp-block-column-is-layout-flow\" style=\"padding-right:0;padding-left:0\">\n<div id=\"greyd-69e5a8afad15e\" class=\"wp-block-greyd-box gs_7euLt2 greyd-content-box gs_7euLt2\">\n<h4 class=\"wp-block-heading\">Esem\u00e9nyek 2025<\/h4>\n\n\n\n<p><strong>2025. j\u00fanius 20.<\/strong> &#8211; F\u0151pr\u00f3ba v\u00e1rosi zenekari koncert<\/p>\n\n\n\n<p><strong>2025. j\u00fanius 21. 19:30 &#8211; V\u00e1rosi zenekari koncert<\/strong><br\/><strong>\u201eEgyszer volt, hol nem volt&#8230; Amikor a zene mes\u00e9l\u201d<\/strong> mott\u00f3 alatt a zenekar izgalmas mes\u00e9kkel \u00e9s hangzatos kalandokkal teli zenei utaz\u00e1sra viszi a k\u00f6z\u00f6ns\u00e9get. Filmekb\u0151l, mes\u00e9kb\u0151l \u00e9s zenei remekm\u0171vekb\u0151l ismert dallamok keverednek egy felejthetetlen est\u00e9v\u00e9. Engedje, hogy elvar\u00e1zsolja \u00d6nt a zene var\u00e1zsa, \u00e9s tapasztalja meg a t\u00f6rt\u00e9nelmi G\u00fcssing kast\u00e9ly egyed\u00fcl\u00e1ll\u00f3 hangulat\u00e1t. Tov\u00e1bbi inform\u00e1ci\u00f3k \u00e9s jegyfoglal\u00e1s a Stadtkapelle G\u00fcssing weboldal\u00e1n vagy k\u00f6zvetlen\u00fcl a helysz\u00ednen.   <\/p>\n\n\n\n<p><strong>2025. j\u00falius 13. &#8211; \u201eA harmadik ember\u201d ny\u00e1ri mozi<\/strong><\/p>\n\n\n\n<p><strong>2025. j\u00falius 20. &#8211; Ny\u00e1ri mozi \u201eRadetzky March\u201d (Radetzky-indul\u00f3)<\/strong><\/p>\n<\/div>\n<\/div>\n<\/div>\n<\/div>\n\n<div  class=\"gs_v2SAZo row_wrap\">\n<div class=\"wp-block-columns row_xxl is-layout-flex wp-container-core-columns-is-layout-9d6595d7 wp-block-columns-is-layout-flex\">\n<div class=\"wp-block-column col-12 col-sm-6 col-md-6 col-lg-6 order-1 order-sm-0 is-layout-flow wp-block-column-is-layout-flow\">\n<div id=\"greyd-69e5a8afad3d5\" class=\"wp-block-greyd-box gs_CVZDah greyd-content-box gs_CVZDah\">\n<h4 class=\"wp-block-heading\">G\u00fcssingi kultur\u00e1lis ny\u00e1r 2025<\/h4>\n\n\n\n<p>2025 j\u00falius\u00e1ban a \u201eKultur\u00e1lis ny\u00e1r G\u00fcssing\u201d v\u00e1ltozatos programmal \u00f6rvendezteti meg a kult\u00fara \u00e9s a zene rajong\u00f3it a g\u00fcssingi v\u00e1rban. <\/p>\n\n\n\n<p><span class=\"is-button button is-style-prim small\" data-type=\"link\" data-params=\"{\" url=\"\">A programr\u00f3l<\/span><\/p>\n<\/div>\n<\/div>\n\n\n\n<div class=\"wp-block-column col-12 col-sm-6 col-md-6 col-lg-6 order-0 order-sm-1 is-layout-flow wp-block-column-is-layout-flow\"><figure style=\"\" class=\"wp-block-image greyd-image   gs_Vo0BLF\"><img loading=\"lazy\" decoding=\"async\" width=\"1024\" height=\"682\" src=\"https:\/\/burgguessing.at\/wp-content\/uploads\/2025\/02\/20240628-DJI_20240628210449_0121_D-KBB_web-1024x682.jpg\" class=\"wp-image-1416\" alt=\"20240628-DJI_20240628210449_0121_D-KBB_MartinPfeiffer.web\" srcset=\"https:\/\/burgguessing.at\/wp-content\/uploads\/2025\/02\/20240628-DJI_20240628210449_0121_D-KBB_web-1024x682.jpg 1024w, https:\/\/burgguessing.at\/wp-content\/uploads\/2025\/02\/20240628-DJI_20240628210449_0121_D-KBB_web-300x200.jpg 300w, https:\/\/burgguessing.at\/wp-content\/uploads\/2025\/02\/20240628-DJI_20240628210449_0121_D-KBB_web-768x512.jpg 768w, https:\/\/burgguessing.at\/wp-content\/uploads\/2025\/02\/20240628-DJI_20240628210449_0121_D-KBB_web-1536x1024.jpg 1536w, https:\/\/burgguessing.at\/wp-content\/uploads\/2025\/02\/20240628-DJI_20240628210449_0121_D-KBB_web-2048x1365.jpg 2048w\" sizes=\"auto, (max-width: 1024px) 100vw, 1024px\" \/><\/figure><\/div>\n<\/div>\n<\/div>\n\n<div  class=\"gs_gmR4sF row_wrap\">\n<div class=\"wp-block-columns row_xxl is-layout-flex wp-container-core-columns-is-layout-9d6595d7 wp-block-columns-is-layout-flex\">\n<div class=\"wp-block-column col-12 col-sm-6 col-md-6 col-lg-6 is-layout-flow wp-block-column-is-layout-flow\"><figure style=\"\" class=\"wp-block-image greyd-image   gs_BpY7VA\"><img loading=\"lazy\" decoding=\"async\" width=\"684\" height=\"512\" src=\"https:\/\/burgguessing.at\/wp-content\/uploads\/2024\/05\/Musical-Kids-web.jpg\" class=\"wp-image-1263\" alt=\"Musical-Kids-web\" srcset=\"https:\/\/burgguessing.at\/wp-content\/uploads\/2024\/05\/Musical-Kids-web.jpg 684w, https:\/\/burgguessing.at\/wp-content\/uploads\/2024\/05\/Musical-Kids-web-300x225.jpg 300w\" sizes=\"auto, (max-width: 684px) 100vw, 684px\" \/><\/figure><\/div>\n\n\n\n<div class=\"wp-block-column col-12 col-sm-6 col-md-6 col-lg-6 is-layout-flow wp-block-column-is-layout-flow\">\n<div id=\"greyd-69e5a8afadd3a\" class=\"wp-block-greyd-box gs_BKttPN greyd-content-box gs_BKttPN\">\n<h4 class=\"wp-block-heading\">Musical G\u00fcssingben<\/h4>\n\n\n\n<p><strong>Csal\u00e1di musical 2025 <\/strong><br\/><strong>\u201eBurgtastisch 2\u201c<\/strong><br\/>Id\u0151pontok: j\u00fanius 07., 08., 09., 14. \u00e9s 15., 17 \u00f3ra 30 perc.  <\/p>\n\n\n\n<p><strong>Musical 2025 <\/strong><br\/><strong>\u201eJesus Christ Superstar\u201c<\/strong><br\/>Id\u0151pontok: augusztus 08, 09, 14, 15, 16, 17, 21, 22 \u00e9s 23, 19:30 \u00f3ra.  <\/p>\n\n\n\n<p><span class=\"is-button button is-style-prim small\" data-type=\"link\" data-params=\"{\" url=\"\">Inform\u00e1ci\u00f3 \u00e9s jegyek<\/span><\/p>\n<\/div>\n<\/div>\n<\/div>\n<\/div><\/div>\n<\/div>\n<\/div>","protected":false},"excerpt":{"rendered":"","protected":false},"author":1,"featured_media":0,"parent":0,"menu_order":0,"comment_status":"closed","ping_status":"closed","template":"","meta":{"greyd_block_editor_preview":[],"footnotes":""},"class_list":["post-1211","page","type-page","status-publish","hentry"],"_links":{"self":[{"href":"https:\/\/burgguessing.at\/hu\/wp-json\/wp\/v2\/pages\/1211","targetHints":{"allow":["GET"]}}],"collection":[{"href":"https:\/\/burgguessing.at\/hu\/wp-json\/wp\/v2\/pages"}],"about":[{"href":"https:\/\/burgguessing.at\/hu\/wp-json\/wp\/v2\/types\/page"}],"author":[{"embeddable":true,"href":"https:\/\/burgguessing.at\/hu\/wp-json\/wp\/v2\/users\/1"}],"replies":[{"embeddable":true,"href":"https:\/\/burgguessing.at\/hu\/wp-json\/wp\/v2\/comments?post=1211"}],"version-history":[{"count":11,"href":"https:\/\/burgguessing.at\/hu\/wp-json\/wp\/v2\/pages\/1211\/revisions"}],"predecessor-version":[{"id":1437,"href":"https:\/\/burgguessing.at\/hu\/wp-json\/wp\/v2\/pages\/1211\/revisions\/1437"}],"wp:attachment":[{"href":"https:\/\/burgguessing.at\/hu\/wp-json\/wp\/v2\/media?parent=1211"}],"curies":[{"name":"wp","href":"https:\/\/api.w.org\/{rel}","templated":true}]}}