{"id":1209,"date":"2024-05-01T09:15:22","date_gmt":"2024-05-01T07:15:22","guid":{"rendered":"https:\/\/burgguessing.at\/eskuevok\/"},"modified":"2024-05-09T21:01:53","modified_gmt":"2024-05-09T19:01:53","slug":"eskuevok","status":"publish","type":"page","link":"https:\/\/burgguessing.at\/hu\/eskuevok\/","title":{"rendered":"Esk\u00fcv\u0151k"},"content":{"rendered":"<div  class=\"gs_lIzJAu row_wrap has-background\"><div id='bg_69d583cb42535' class='greyd-background bg_full'>\n\t\t\t\t\t\t\t\t<div class='bg_color'><\/div><div class='bg_image'  data-srcset='{\"full\":\"https:\\\/\\\/burgguessing.at\\\/wp-content\\\/uploads\\\/2024\\\/05\\\/Burg-GS-Hochzeit-12_web.jpg\",\"150\":\"https:\\\/\\\/burgguessing.at\\\/wp-content\\\/uploads\\\/2024\\\/05\\\/Burg-GS-Hochzeit-12_web-150x150.jpg\",\"300\":\"https:\\\/\\\/burgguessing.at\\\/wp-content\\\/uploads\\\/2024\\\/05\\\/Burg-GS-Hochzeit-12_web-300x200.jpg\",\"768\":\"https:\\\/\\\/burgguessing.at\\\/wp-content\\\/uploads\\\/2024\\\/05\\\/Burg-GS-Hochzeit-12_web-768x512.jpg\",\"1024\":\"https:\\\/\\\/burgguessing.at\\\/wp-content\\\/uploads\\\/2024\\\/05\\\/Burg-GS-Hochzeit-12_web-1024x683.jpg\",\"1536\":\"https:\\\/\\\/burgguessing.at\\\/wp-content\\\/uploads\\\/2024\\\/05\\\/Burg-GS-Hochzeit-12_web-1536x1024.jpg\"}'><\/div>\n\t\t\t\t\t\t\t\t\n\t\t\t\t\t\t\t\t\n\t\t\t\t\t\t\t\t\n\t\t\t\t\t\t\t<\/div>\n<div class=\"wp-block-columns row_xxxl dyn has-color-33-background-color has-background is-layout-flex wp-container-core-columns-is-layout-9d6595d7 wp-block-columns-is-layout-flex\">\n<div class=\"wp-block-column col-12 col-sm-auto is-layout-flow wp-block-column-is-layout-flow\" style=\"padding-top:0px;padding-right:0px;padding-bottom:0px;padding-left:0px\"><div  class=\"row_wrap\">\n<div class=\"wp-block-columns row_xxl is-layout-flex wp-container-core-columns-is-layout-9d6595d7 wp-block-columns-is-layout-flex\">\n<div class=\"wp-block-column col-12 col-sm-auto is-layout-flow wp-block-column-is-layout-flow\">\n<div id=\"greyd-69d583cb4231b\" class=\"wp-block-greyd-box row_xxl dyn gs_OCyphH greyd-content-box gs_OCyphH flex-justify-flex-end\" style=\"margin-right: auto !important; margin-left: auto !important; \">\n<h1 class=\"has-text-align-right dyn has-color-62-color has-text-color has-h-2-font-size wp-block-heading\">Esk\u00fcv\u0151k<\/h1>\n<\/div>\n<\/div>\n<\/div>\n<\/div><\/div>\n<\/div>\n<\/div><div  class=\"dynamic dyn\"><div  class=\"gs_F5tVjp row_wrap\">\n<div class=\"wp-block-columns row_xxl is-layout-flex wp-container-core-columns-is-layout-9d6595d7 wp-block-columns-is-layout-flex\">\n<div class=\"wp-block-column col-12 col-sm-12 col-md-10 col-lg-10 offset-sm-0 offset-md-1 offset-lg-1 is-layout-flow wp-block-column-is-layout-flow\">\n<h3 class=\"has-text-align-center dyn wp-block-heading gs_ctvgct\" style=\"font-size:1.3em\">Esk\u00fcv\u0151k<\/h3>\n\n\n\n<p class=\"has-text-align-center dyn\">G\u00fcssing v\u00e1ra ide\u00e1lis v\u00e1laszt\u00e1s azoknak a p\u00e1roknak, akik t\u00f6rt\u00e9nelmi \u00e9s k\u00fcl\u00f6nleges k\u00f6rnyezetben szeretn\u00e9k meg\u00fcnnepelni esk\u00fcv\u0151j\u00fcket. A v\u00e1rban polg\u00e1ri \u00e9s egyh\u00e1zi esk\u00fcv\u0151k is lebonyol\u00edthat\u00f3k. Tov\u00e1bbi inform\u00e1ci\u00f3k\u00e9rt \u00e9s konkr\u00e9t k\u00e9rd\u00e9sekkel kapcsolatban forduljon hozz\u00e1nk bizalommal.   <br><br><span class=\"is-button button is-style-prim small\" data-type=\"email\" data-params=\"{\"address\":\"office@burgguessing.at\",\"subject\":\"Anfrage Hochzeit auf Burg G\u00fcssing\"}\">\u00c9rdekl\u0151dj\u00f6n most<\/span><\/p>\n<\/div>\n<\/div>\n<\/div><\/div><div  class=\"row_wrap\">\n<div class=\"wp-block-columns row_xxl is-layout-flex wp-container-core-columns-is-layout-9d6595d7 wp-block-columns-is-layout-flex\">\n<div class=\"wp-block-column col-12 col-sm-auto col-md-10 col-lg-10 offset-md-1 offset-lg-1 is-layout-flow wp-block-column-is-layout-flow\">\n<figure class=\"wp-block-gallery has-nested-images columns-default is-cropped wp-block-gallery-1 is-layout-flex wp-block-gallery-is-layout-flex\">\n<figure data-wp-context=\"{&quot;imageId&quot;:&quot;69d583cb431b0&quot;}\" data-wp-interactive=\"core\/image\" data-wp-key=\"69d583cb431b0\" class=\"wp-block-image size-large wp-lightbox-container\"><img loading=\"lazy\" decoding=\"async\" width=\"681\" height=\"681\" data-wp-class--hide=\"state.isContentHidden\" data-wp-class--show=\"state.isContentVisible\" data-wp-init=\"callbacks.setButtonStyles\" data-wp-on-async--click=\"actions.showLightbox\" data-wp-on-async--load=\"callbacks.setButtonStyles\" data-wp-on-async-window--resize=\"callbacks.setButtonStyles\" data-id=\"983\" src=\"https:\/\/burgguessing.at\/wp-content\/uploads\/2024\/05\/BurgGuessing_Hochzeit_JDS_8890-edited.jpg\" alt=\"\" class=\"wp-image-983\" srcset=\"https:\/\/burgguessing.at\/wp-content\/uploads\/2024\/05\/BurgGuessing_Hochzeit_JDS_8890-edited.jpg 681w, https:\/\/burgguessing.at\/wp-content\/uploads\/2024\/05\/BurgGuessing_Hochzeit_JDS_8890-edited-300x300.jpg 300w, https:\/\/burgguessing.at\/wp-content\/uploads\/2024\/05\/BurgGuessing_Hochzeit_JDS_8890-edited-150x150.jpg 150w\" sizes=\"auto, (max-width: 681px) 100vw, 681px\" \/><button\n\t\t\tclass=\"lightbox-trigger\"\n\t\t\ttype=\"button\"\n\t\t\taria-haspopup=\"dialog\"\n\t\t\taria-label=\"Nagy\u00edt\u00e1s\"\n\t\t\tdata-wp-init=\"callbacks.initTriggerButton\"\n\t\t\tdata-wp-on-async--click=\"actions.showLightbox\"\n\t\t\tdata-wp-style--right=\"state.imageButtonRight\"\n\t\t\tdata-wp-style--top=\"state.imageButtonTop\"\n\t\t>\n\t\t\t<svg xmlns=\"http:\/\/www.w3.org\/2000\/svg\" width=\"12\" height=\"12\" fill=\"none\" viewBox=\"0 0 12 12\">\n\t\t\t\t<path fill=\"#fff\" d=\"M2 0a2 2 0 0 0-2 2v2h1.5V2a.5.5 0 0 1 .5-.5h2V0H2Zm2 10.5H2a.5.5 0 0 1-.5-.5V8H0v2a2 2 0 0 0 2 2h2v-1.5ZM8 12v-1.5h2a.5.5 0 0 0 .5-.5V8H12v2a2 2 0 0 1-2 2H8Zm2-12a2 2 0 0 1 2 2v2h-1.5V2a.5.5 0 0 0-.5-.5H8V0h2Z\" \/>\n\t\t\t<\/svg>\n\t\t<\/button><\/figure>\n\n\n\n<figure class=\"wp-block-image size-large\"><img loading=\"lazy\" decoding=\"async\" width=\"1024\" height=\"683\" data-id=\"980\" src=\"https:\/\/burgguessing.at\/wp-content\/uploads\/2024\/05\/Burg-GS-Hochzeit-11_web.jpg\" alt=\"\" class=\"wp-image-980\" srcset=\"https:\/\/burgguessing.at\/wp-content\/uploads\/2024\/05\/Burg-GS-Hochzeit-11_web.jpg 1024w, https:\/\/burgguessing.at\/wp-content\/uploads\/2024\/05\/Burg-GS-Hochzeit-11_web-300x200.jpg 300w, https:\/\/burgguessing.at\/wp-content\/uploads\/2024\/05\/Burg-GS-Hochzeit-11_web-768x512.jpg 768w\" sizes=\"auto, (max-width: 1024px) 100vw, 1024px\" \/><\/figure>\n\n\n\n<figure data-wp-context=\"{&quot;imageId&quot;:&quot;69d583cb43711&quot;}\" data-wp-interactive=\"core\/image\" data-wp-key=\"69d583cb43711\" class=\"wp-block-image size-large wp-lightbox-container\"><img loading=\"lazy\" decoding=\"async\" width=\"681\" height=\"681\" data-wp-class--hide=\"state.isContentHidden\" data-wp-class--show=\"state.isContentVisible\" data-wp-init=\"callbacks.setButtonStyles\" data-wp-on-async--click=\"actions.showLightbox\" data-wp-on-async--load=\"callbacks.setButtonStyles\" data-wp-on-async-window--resize=\"callbacks.setButtonStyles\" data-id=\"984\" src=\"https:\/\/burgguessing.at\/wp-content\/uploads\/2024\/05\/BurgGuessing_Hochzeit_JDS_8652-edited-1.jpg\" alt=\"\" class=\"wp-image-984\" srcset=\"https:\/\/burgguessing.at\/wp-content\/uploads\/2024\/05\/BurgGuessing_Hochzeit_JDS_8652-edited-1.jpg 681w, https:\/\/burgguessing.at\/wp-content\/uploads\/2024\/05\/BurgGuessing_Hochzeit_JDS_8652-edited-1-300x300.jpg 300w, https:\/\/burgguessing.at\/wp-content\/uploads\/2024\/05\/BurgGuessing_Hochzeit_JDS_8652-edited-1-150x150.jpg 150w\" sizes=\"auto, (max-width: 681px) 100vw, 681px\" \/><button\n\t\t\tclass=\"lightbox-trigger\"\n\t\t\ttype=\"button\"\n\t\t\taria-haspopup=\"dialog\"\n\t\t\taria-label=\"Nagy\u00edt\u00e1s\"\n\t\t\tdata-wp-init=\"callbacks.initTriggerButton\"\n\t\t\tdata-wp-on-async--click=\"actions.showLightbox\"\n\t\t\tdata-wp-style--right=\"state.imageButtonRight\"\n\t\t\tdata-wp-style--top=\"state.imageButtonTop\"\n\t\t>\n\t\t\t<svg xmlns=\"http:\/\/www.w3.org\/2000\/svg\" width=\"12\" height=\"12\" fill=\"none\" viewBox=\"0 0 12 12\">\n\t\t\t\t<path fill=\"#fff\" d=\"M2 0a2 2 0 0 0-2 2v2h1.5V2a.5.5 0 0 1 .5-.5h2V0H2Zm2 10.5H2a.5.5 0 0 1-.5-.5V8H0v2a2 2 0 0 0 2 2h2v-1.5ZM8 12v-1.5h2a.5.5 0 0 0 .5-.5V8H12v2a2 2 0 0 1-2 2H8Zm2-12a2 2 0 0 1 2 2v2h-1.5V2a.5.5 0 0 0-.5-.5H8V0h2Z\" \/>\n\t\t\t<\/svg>\n\t\t<\/button><\/figure>\n\n\n\n<figure data-wp-context=\"{&quot;imageId&quot;:&quot;69d583cb43a5d&quot;}\" data-wp-interactive=\"core\/image\" data-wp-key=\"69d583cb43a5d\" class=\"wp-block-image size-large wp-lightbox-container\"><img loading=\"lazy\" decoding=\"async\" width=\"1024\" height=\"576\" data-wp-class--hide=\"state.isContentHidden\" data-wp-class--show=\"state.isContentVisible\" data-wp-init=\"callbacks.setButtonStyles\" data-wp-on-async--click=\"actions.showLightbox\" data-wp-on-async--load=\"callbacks.setButtonStyles\" data-wp-on-async-window--resize=\"callbacks.setButtonStyles\" data-id=\"985\" src=\"https:\/\/burgguessing.at\/wp-content\/uploads\/2024\/05\/BurgGuessing_Hochzeit_JDS_8825-edited.jpg\" alt=\"\" class=\"wp-image-985\" srcset=\"https:\/\/burgguessing.at\/wp-content\/uploads\/2024\/05\/BurgGuessing_Hochzeit_JDS_8825-edited.jpg 1024w, https:\/\/burgguessing.at\/wp-content\/uploads\/2024\/05\/BurgGuessing_Hochzeit_JDS_8825-edited-300x169.jpg 300w, https:\/\/burgguessing.at\/wp-content\/uploads\/2024\/05\/BurgGuessing_Hochzeit_JDS_8825-edited-768x432.jpg 768w\" sizes=\"auto, (max-width: 1024px) 100vw, 1024px\" \/><button\n\t\t\tclass=\"lightbox-trigger\"\n\t\t\ttype=\"button\"\n\t\t\taria-haspopup=\"dialog\"\n\t\t\taria-label=\"Nagy\u00edt\u00e1s\"\n\t\t\tdata-wp-init=\"callbacks.initTriggerButton\"\n\t\t\tdata-wp-on-async--click=\"actions.showLightbox\"\n\t\t\tdata-wp-style--right=\"state.imageButtonRight\"\n\t\t\tdata-wp-style--top=\"state.imageButtonTop\"\n\t\t>\n\t\t\t<svg xmlns=\"http:\/\/www.w3.org\/2000\/svg\" width=\"12\" height=\"12\" fill=\"none\" viewBox=\"0 0 12 12\">\n\t\t\t\t<path fill=\"#fff\" d=\"M2 0a2 2 0 0 0-2 2v2h1.5V2a.5.5 0 0 1 .5-.5h2V0H2Zm2 10.5H2a.5.5 0 0 1-.5-.5V8H0v2a2 2 0 0 0 2 2h2v-1.5ZM8 12v-1.5h2a.5.5 0 0 0 .5-.5V8H12v2a2 2 0 0 1-2 2H8Zm2-12a2 2 0 0 1 2 2v2h-1.5V2a.5.5 0 0 0-.5-.5H8V0h2Z\" \/>\n\t\t\t<\/svg>\n\t\t<\/button><\/figure>\n<\/figure>\n<\/div>\n<\/div>\n<\/div><div  class=\"spacer_wrap \" aria-hidden=\"true\"><div class=\"wp-block-spacer inner-sm\" style=\"height:calc(2em * 0.4)\" aria-hidden=\"true\"><\/div><div class=\"wp-block-spacer inner-md\" style=\"height:calc(2em * 0.6)\" aria-hidden=\"true\"><\/div><div class=\"wp-block-spacer inner-lg\" style=\"height:calc(2em * 0.8)\" aria-hidden=\"true\"><\/div><div class=\"wp-block-spacer inner-xl\" style=\"height:2em\" aria-hidden=\"true\"><\/div><\/div>","protected":false},"excerpt":{"rendered":"","protected":false},"author":1,"featured_media":0,"parent":0,"menu_order":0,"comment_status":"closed","ping_status":"closed","template":"","meta":{"greyd_block_editor_preview":[],"footnotes":""},"class_list":["post-1209","page","type-page","status-publish","hentry"],"_links":{"self":[{"href":"https:\/\/burgguessing.at\/hu\/wp-json\/wp\/v2\/pages\/1209","targetHints":{"allow":["GET"]}}],"collection":[{"href":"https:\/\/burgguessing.at\/hu\/wp-json\/wp\/v2\/pages"}],"about":[{"href":"https:\/\/burgguessing.at\/hu\/wp-json\/wp\/v2\/types\/page"}],"author":[{"embeddable":true,"href":"https:\/\/burgguessing.at\/hu\/wp-json\/wp\/v2\/users\/1"}],"replies":[{"embeddable":true,"href":"https:\/\/burgguessing.at\/hu\/wp-json\/wp\/v2\/comments?post=1209"}],"version-history":[{"count":1,"href":"https:\/\/burgguessing.at\/hu\/wp-json\/wp\/v2\/pages\/1209\/revisions"}],"predecessor-version":[{"id":1210,"href":"https:\/\/burgguessing.at\/hu\/wp-json\/wp\/v2\/pages\/1209\/revisions\/1210"}],"wp:attachment":[{"href":"https:\/\/burgguessing.at\/hu\/wp-json\/wp\/v2\/media?parent=1209"}],"curies":[{"name":"wp","href":"https:\/\/api.w.org\/{rel}","templated":true}]}}