{"id":1205,"date":"2024-04-28T20:10:33","date_gmt":"2024-04-28T18:10:33","guid":{"rendered":"https:\/\/burgguessing.at\/toertenelem\/"},"modified":"2025-02-19T12:02:40","modified_gmt":"2025-02-19T11:02:40","slug":"toertenelem","status":"publish","type":"page","link":"https:\/\/burgguessing.at\/hu\/toertenelem\/","title":{"rendered":"T\u00f6rt\u00e9nelem"},"content":{"rendered":"<div  class=\"gs_lIzJAu row_wrap has-background\"><div id='bg_69ede18446088' class='greyd-background bg_full'>\n\t\t\t\t\t\t\t\t<div class='bg_color'><\/div><div class='bg_image'  data-srcset='{\"full\":\"https:\\\/\\\/burgguessing.at\\\/wp-content\\\/uploads\\\/2024\\\/05\\\/Pano-GS-111_web.jpg\",\"150\":\"https:\\\/\\\/burgguessing.at\\\/wp-content\\\/uploads\\\/2024\\\/05\\\/Pano-GS-111_web-150x150.jpg\",\"300\":\"https:\\\/\\\/burgguessing.at\\\/wp-content\\\/uploads\\\/2024\\\/05\\\/Pano-GS-111_web-300x107.jpg\",\"768\":\"https:\\\/\\\/burgguessing.at\\\/wp-content\\\/uploads\\\/2024\\\/05\\\/Pano-GS-111_web-768x275.jpg\",\"1024\":\"https:\\\/\\\/burgguessing.at\\\/wp-content\\\/uploads\\\/2024\\\/05\\\/Pano-GS-111_web-1024x367.jpg\",\"1536\":\"https:\\\/\\\/burgguessing.at\\\/wp-content\\\/uploads\\\/2024\\\/05\\\/Pano-GS-111_web-1536x550.jpg\"}'><\/div>\n\t\t\t\t\t\t\t\t\n\t\t\t\t\t\t\t\t\n\t\t\t\t\t\t\t\t\n\t\t\t\t\t\t\t<\/div>\n<div class=\"wp-block-columns row_xxxl dyn has-color-33-background-color has-background is-layout-flex wp-container-core-columns-is-layout-9d6595d7 wp-block-columns-is-layout-flex\">\n<div class=\"wp-block-column col-12 col-sm-auto is-layout-flow wp-block-column-is-layout-flow\" style=\"padding-top:0px;padding-right:0px;padding-bottom:0px;padding-left:0px\"><div  class=\"row_wrap\">\n<div class=\"wp-block-columns row_xxl is-layout-flex wp-container-core-columns-is-layout-9d6595d7 wp-block-columns-is-layout-flex\">\n<div class=\"wp-block-column col-12 col-sm-auto is-layout-flow wp-block-column-is-layout-flow\">\n<div id=\"greyd-69ede18445e08\" class=\"wp-block-greyd-box row_xxl dyn gs_OCyphH greyd-content-box gs_OCyphH flex-justify-flex-end\" style=\"margin-right: auto !important; margin-left: auto !important; \">\n<h1 class=\"has-text-align-right dyn has-color-62-color has-text-color has-h-2-font-size wp-block-heading\">T\u00f6rt\u00e9nelem<\/h1>\n<\/div>\n<\/div>\n<\/div>\n<\/div><\/div>\n<\/div>\n<\/div><div  class=\"gs_F5tVjp row_wrap\">\n<div class=\"wp-block-columns row_xxl is-layout-flex wp-container-core-columns-is-layout-9d6595d7 wp-block-columns-is-layout-flex\">\n<div class=\"wp-block-column col-12 col-sm-12 col-md-10 col-lg-10 offset-sm-0 offset-md-1 offset-lg-1 is-layout-flow wp-block-column-is-layout-flow\">\n<h3 class=\"has-text-align-center dyn wp-block-heading gs_ctvgct\" style=\"font-size:1.3em\">A g\u00fcssingi kast\u00e9ly t\u00f6rt\u00e9nete<\/h3>\n\n\n\n<p class=\"has-text-align-center dyn\">Burgenland legr\u00e9gebbi v\u00e1ra, amelyet 1157-ben \u00e9p\u00edtettek er\u0151d\u00edtm\u00e9nyk\u00e9nt, egy r\u00e9gen kialudt vulk\u00e1ni k\u00fap tetej\u00e9n \u00e1ll. T\u00f6bbsz\u00f6ri tulajdonosv\u00e1lt\u00e1s ut\u00e1n 1524-ben a Batty\u00e1ny csal\u00e1d birtok\u00e1ba ker\u00fclt. A keletr\u0151l \u00e9rkez\u0151 vesz\u00e9lyek elh\u00e1r\u00edt\u00e1s\u00e1ra a 16. \u00e9s 17. sz\u00e1zadban t\u00e9glaer\u0151dd\u00e9 b\u0151v\u00edtett\u00e9k. A v\u00e1rat, strat\u00e9giai jelent\u0151s\u00e9g\u00e9nek elveszt\u00e9s\u00e9vel a 18. sz\u00e1zadban hagyt\u00e1k pusztulni, mivel az akkori &#8222;tet\u0151ad\u00f3&#8221; megfizethetetlenn\u00e9 tette a fenntart\u00e1st a tulajdonos sz\u00e1m\u00e1ra. 1870 \u00f3ta egy alap\u00edtv\u00e1ny tulajdon\u00e1ban van. A kiterjedt restaur\u00e1l\u00e1si munk\u00e1latok ut\u00e1n a v\u00e1r ma ugyanolyan \u00e1llapotban van, mint 200 \u00e9vvel ezel\u0151tt.          <br><br>A Batthy\u00e1ny csal\u00e1dr\u00f3l, a m\u00fazeumr\u00f3l \u00e9s a kast\u00e9lyr\u00f3l tov\u00e1bbi r\u00e9szletes inform\u00e1ci\u00f3k a <a href=\"https:\/\/www.batthyany.at\/\" data-type=\"link\" data-id=\"www.battyany.at\" target=\"_blank\" rel=\"noreferrer noopener\">www.batthyany.at<\/a> oldalon tal\u00e1lhat\u00f3k.<\/p>\n<\/div>\n<\/div>\n<\/div>","protected":false},"excerpt":{"rendered":"","protected":false},"author":1,"featured_media":0,"parent":0,"menu_order":0,"comment_status":"closed","ping_status":"closed","template":"","meta":{"greyd_block_editor_preview":[],"footnotes":""},"class_list":["post-1205","page","type-page","status-publish","hentry"],"_links":{"self":[{"href":"https:\/\/burgguessing.at\/hu\/wp-json\/wp\/v2\/pages\/1205","targetHints":{"allow":["GET"]}}],"collection":[{"href":"https:\/\/burgguessing.at\/hu\/wp-json\/wp\/v2\/pages"}],"about":[{"href":"https:\/\/burgguessing.at\/hu\/wp-json\/wp\/v2\/types\/page"}],"author":[{"embeddable":true,"href":"https:\/\/burgguessing.at\/hu\/wp-json\/wp\/v2\/users\/1"}],"replies":[{"embeddable":true,"href":"https:\/\/burgguessing.at\/hu\/wp-json\/wp\/v2\/comments?post=1205"}],"version-history":[{"count":6,"href":"https:\/\/burgguessing.at\/hu\/wp-json\/wp\/v2\/pages\/1205\/revisions"}],"predecessor-version":[{"id":1392,"href":"https:\/\/burgguessing.at\/hu\/wp-json\/wp\/v2\/pages\/1205\/revisions\/1392"}],"wp:attachment":[{"href":"https:\/\/burgguessing.at\/hu\/wp-json\/wp\/v2\/media?parent=1205"}],"curies":[{"name":"wp","href":"https:\/\/api.w.org\/{rel}","templated":true}]}}