{"id":1203,"date":"2024-04-28T20:08:20","date_gmt":"2024-04-28T18:08:20","guid":{"rendered":"https:\/\/burgguessing.at\/varmuzeum\/"},"modified":"2024-05-12T09:20:34","modified_gmt":"2024-05-12T07:20:34","slug":"varmuzeum","status":"publish","type":"page","link":"https:\/\/burgguessing.at\/hu\/varmuzeum\/","title":{"rendered":"V\u00e1rm\u00fazeum"},"content":{"rendered":"<div  class=\"gs_lIzJAu row_wrap has-background\"><div id='bg_69d598fadc2e7' class='greyd-background bg_full'>\n\t\t\t\t\t\t\t\t<div class='bg_color'><\/div><div class='bg_image'  data-srcset='{\"full\":\"https:\\\/\\\/burgguessing.at\\\/wp-content\\\/uploads\\\/2024\\\/05\\\/BurgGuessing_IMG_7732.jpg\",\"150\":\"https:\\\/\\\/burgguessing.at\\\/wp-content\\\/uploads\\\/2024\\\/05\\\/BurgGuessing_IMG_7732-150x150.jpg\",\"300\":\"https:\\\/\\\/burgguessing.at\\\/wp-content\\\/uploads\\\/2024\\\/05\\\/BurgGuessing_IMG_7732-300x121.jpg\",\"768\":\"https:\\\/\\\/burgguessing.at\\\/wp-content\\\/uploads\\\/2024\\\/05\\\/BurgGuessing_IMG_7732-768x310.jpg\",\"1024\":\"https:\\\/\\\/burgguessing.at\\\/wp-content\\\/uploads\\\/2024\\\/05\\\/BurgGuessing_IMG_7732-1024x414.jpg\",\"1536\":\"https:\\\/\\\/burgguessing.at\\\/wp-content\\\/uploads\\\/2024\\\/05\\\/BurgGuessing_IMG_7732-1536x620.jpg\"}'><\/div>\n\t\t\t\t\t\t\t\t\n\t\t\t\t\t\t\t\t\n\t\t\t\t\t\t\t\t\n\t\t\t\t\t\t\t<\/div>\n<div class=\"wp-block-columns row_xxxl dyn has-color-33-background-color has-background is-layout-flex wp-container-core-columns-is-layout-9d6595d7 wp-block-columns-is-layout-flex\">\n<div class=\"wp-block-column col-12 col-sm-auto is-layout-flow wp-block-column-is-layout-flow\" style=\"padding-top:0px;padding-right:0px;padding-bottom:0px;padding-left:0px\"><div  class=\"row_wrap\">\n<div class=\"wp-block-columns row_xxl is-layout-flex wp-container-core-columns-is-layout-9d6595d7 wp-block-columns-is-layout-flex\">\n<div class=\"wp-block-column col-12 col-sm-auto is-layout-flow wp-block-column-is-layout-flow\">\n<div id=\"greyd-69d598fadc01f\" class=\"wp-block-greyd-box row_xxl dyn gs_OCyphH greyd-content-box gs_OCyphH flex-justify-flex-end\" style=\"margin-right: auto !important; margin-left: auto !important; \">\n<h1 class=\"has-text-align-right dyn has-color-62-color has-text-color has-h-2-font-size wp-block-heading\">V\u00e1rm\u00fazeum<\/h1>\n<\/div>\n<\/div>\n<\/div>\n<\/div><\/div>\n<\/div>\n<\/div><div  class=\"gs_F5tVjp row_wrap\">\n<div class=\"wp-block-columns row_xxl is-layout-flex wp-container-core-columns-is-layout-9d6595d7 wp-block-columns-is-layout-flex\">\n<div class=\"wp-block-column col-12 col-sm-12 col-md-10 col-lg-10 offset-sm-0 offset-md-1 offset-lg-1 is-layout-flow wp-block-column-is-layout-flow\">\n<h3 class=\"has-text-align-center dyn wp-block-heading gs_ctvgct\" style=\"font-size:1.3em\">Hercegi gy\u0171jt\u0151szenved\u00e9ly<\/h3>\n\n\n\n<p class=\"has-text-align-center dyn\">A V\u00e1rm\u00fazeum &#8211; egy igazi m\u0171v\u00e9szeti kamra: Batthy\u00e1ny-\u0151s\u00f6k gal\u00e9ri\u00e1ja, csal\u00e1di asztal, Schwarzlot technol\u00f3gi\u00e1val d\u00edsz\u00edtett poharak \u00e9s porcel\u00e1n \u00e9tk\u00e9szlet, barokk bili\u00e1rdasztal, t\u00e1vol-keleti gy\u0171jtem\u00e9nyek, egy\u00e9b barokk \u00e9s renesz\u00e1nsz t\u00e1rgyak. Szakr\u00e1lis ki\u00e1ll\u00edt\u00e1si t\u00e1rgyak (miseruh\u00e1k, kehely, monstrancia stb.) tan\u00faskodnak arr\u00f3l, hogy a v\u00e1r a hit kincsesb\u00e1ny\u00e1ja. <br><br>\u00c9rdekes t\u00e1rgyak illusztr\u00e1lj\u00e1k, hogy a v\u00e1r egykor v\u00e9delmi er\u0151d\u00edtm\u00e9nyk\u00e9nt \u00e9s kisebb b\u0171ncselekm\u00e9nyek b\u00edr\u00f3s\u00e1gak\u00e9nt m\u0171k\u00f6d\u00f6tt. A 2. emeleten berendezett szob\u00e1k a v\u00e1r egykori \u00e9letm\u00f3dj\u00e1r\u00f3l adnak k\u00e9pet, \u00e9s azt a benyom\u00e1st keltik, mintha a v\u00e1r ura csak r\u00f6vid id\u0151re ment volna el otthonr\u00f3l. A Zeneszob\u00e1ban t\u00f6bbek k\u00f6z\u00f6tt a l\u00e1daorgona a 16.sz\u00e1zadb\u00f3l, k\u00e9t fonola, egy cimbalom. Az \u00c9tkez\u0151 bemutatja t\u00f6bbek k\u00f6z\u00f6tt a herendi porcel\u00e1n \u00e9tk\u00e9szletet.<br><br>G\u00fcssing vall\u00e1si \u00e9s tudom\u00e1nyos k\u00f6zpont is volt a 16.\/17. sz\u00e1zadban, amir\u0151l \u00e9rt\u00e9kes ki\u00e1ll\u00edt\u00e1si t\u00e1rgyak tan\u00faskodnak. Clusius K\u00e1roly botanikusk\u00e9nt, Manlius pedig nyomd\u00e1szk\u00e9nt dolgozott itt.<br><br>A k\u00e1pr\u00e1zatos Festm\u00e9nyszalonban, az egykori lovagteremben, t\u00f6bb mint 400 \u00e9ves m\u0171alkot\u00e1sok tekinthet\u0151k meg. Ez a szalon k\u00fcl\u00f6nleges helysz\u00edne koncerteknek \u00e9s fogad\u00e1soknak. Polg\u00e1ri esk\u00fcv\u0151k m\u00e9lt\u00f3 helysz\u00edne.  <br><br>Az alagsorban a k\u00f6vetkez\u0151k tal\u00e1lhat\u00f3k: A B\u00e1dogfigura gy\u0171jtem\u00e9ny &#8211; az egyes figur\u00e1k \u00e9s dior\u00e1m\u00e1k sz\u00ednes k\u00e9pet ny\u00fajtanak a 17-18. sz\u00e1zadi polg\u00e1ri \u00e9s katonai \u00e9letr\u0151l. &#8211; V\u00e1rkonyha, Cukr\u00e1szat \u00e9s a d\u00e9l-burgenlandi kolostoralap\u00edt\u00e1sok.  <\/p>\n<\/div>\n<\/div>\n<\/div><div  class=\"gs_QLf6mn row_wrap\">\n<div class=\"wp-block-columns row_xxxl is-layout-flex wp-container-core-columns-is-layout-9d6595d7 wp-block-columns-is-layout-flex\">\n<div class=\"wp-block-column col-12 col-sm-auto is-layout-flow wp-block-column-is-layout-flow\" style=\"padding-top:0px;padding-right:0px;padding-bottom:0px;padding-left:0px\">\n<div id=\"greyd-69d598fade0b3\" class=\"wp-block-greyd-box dyn gs_73rkJE greyd-content-box gs_73rkJE has-background\"><div id='bg_69d598faddf5c' class='greyd-background'>\n\t\t\t\t\t\t\t\t<div class='bg_image'  data-srcset='{\"full\":\"https:\\\/\\\/burgguessing.at\\\/wp-content\\\/uploads\\\/2024\\\/05\\\/Burgmuseum5.jpg\",\"150\":\"https:\\\/\\\/burgguessing.at\\\/wp-content\\\/uploads\\\/2024\\\/05\\\/Burgmuseum5-150x150.jpg\",\"300\":\"https:\\\/\\\/burgguessing.at\\\/wp-content\\\/uploads\\\/2024\\\/05\\\/Burgmuseum5-300x200.jpg\",\"768\":\"https:\\\/\\\/burgguessing.at\\\/wp-content\\\/uploads\\\/2024\\\/05\\\/Burgmuseum5-768x512.jpg\"}'><\/div>\n\t\t\t\t\t\t\t\t\n\t\t\t\t\t\t\t\t\n\t\t\t\t\t\t\t\t\n\t\t\t\t\t\t\t<\/div><\/div>\n<\/div>\n\n\n\n<div class=\"wp-block-column col-12 col-sm-auto is-layout-flow wp-block-column-is-layout-flow\" style=\"padding-top:0px;padding-right:0px;padding-bottom:0px;padding-left:0px\">\n<div id=\"greyd-69d598fade2ee\" class=\"wp-block-greyd-box dyn gs_Z0WLJe greyd-content-box gs_Z0WLJe has-background\"><div id='bg_69d598fade1e3' class='greyd-background'>\n\t\t\t\t\t\t\t\t<div class='bg_image'  data-srcset='{\"full\":\"https:\\\/\\\/burgguessing.at\\\/wp-content\\\/uploads\\\/2024\\\/05\\\/Burgmuseum1.jpg\",\"150\":\"https:\\\/\\\/burgguessing.at\\\/wp-content\\\/uploads\\\/2024\\\/05\\\/Burgmuseum1-150x150.jpg\",\"200\":\"https:\\\/\\\/burgguessing.at\\\/wp-content\\\/uploads\\\/2024\\\/05\\\/Burgmuseum1-200x300.jpg\"}'><\/div>\n\t\t\t\t\t\t\t\t\n\t\t\t\t\t\t\t\t\n\t\t\t\t\t\t\t\t\n\t\t\t\t\t\t\t<\/div><\/div>\n<\/div>\n\n\n\n<div class=\"wp-block-column col-12 col-sm-auto is-layout-flow wp-block-column-is-layout-flow\" style=\"padding-top:0px;padding-right:0px;padding-bottom:0px;padding-left:0px\">\n<div id=\"greyd-69d598fade4e3\" class=\"wp-block-greyd-box dyn gs_LtfDB0 greyd-content-box gs_LtfDB0 has-background\"><div id='bg_69d598fade3db' class='greyd-background'>\n\t\t\t\t\t\t\t\t<div class='bg_image'  data-srcset='{\"full\":\"https:\\\/\\\/burgguessing.at\\\/wp-content\\\/uploads\\\/2024\\\/05\\\/Burgmuseum4.jpg\",\"150\":\"https:\\\/\\\/burgguessing.at\\\/wp-content\\\/uploads\\\/2024\\\/05\\\/Burgmuseum4-150x150.jpg\",\"300\":\"https:\\\/\\\/burgguessing.at\\\/wp-content\\\/uploads\\\/2024\\\/05\\\/Burgmuseum4-300x200.jpg\",\"768\":\"https:\\\/\\\/burgguessing.at\\\/wp-content\\\/uploads\\\/2024\\\/05\\\/Burgmuseum4-768x512.jpg\"}'><\/div>\n\t\t\t\t\t\t\t\t\n\t\t\t\t\t\t\t\t\n\t\t\t\t\t\t\t\t\n\t\t\t\t\t\t\t<\/div><\/div>\n<\/div>\n\n\n\n<div class=\"wp-block-column hidden-xs col-12 col-sm-auto is-layout-flow wp-block-column-is-layout-flow\" style=\"padding-top:0px;padding-right:0px;padding-bottom:0px;padding-left:0px\">\n<div id=\"greyd-69d598fade6dc\" class=\"wp-block-greyd-box dyn gs_v92Vh6 greyd-content-box gs_v92Vh6 has-background\"><div id='bg_69d598fade5b8' class='greyd-background'>\n\t\t\t\t\t\t\t\t<div class='bg_image'  data-srcset='{\"full\":\"https:\\\/\\\/burgguessing.at\\\/wp-content\\\/uploads\\\/2024\\\/05\\\/Burgmuseum3.jpg\",\"150\":\"https:\\\/\\\/burgguessing.at\\\/wp-content\\\/uploads\\\/2024\\\/05\\\/Burgmuseum3-150x150.jpg\",\"300\":\"https:\\\/\\\/burgguessing.at\\\/wp-content\\\/uploads\\\/2024\\\/05\\\/Burgmuseum3-300x200.jpg\",\"768\":\"https:\\\/\\\/burgguessing.at\\\/wp-content\\\/uploads\\\/2024\\\/05\\\/Burgmuseum3-768x512.jpg\"}'><\/div>\n\t\t\t\t\t\t\t\t\n\t\t\t\t\t\t\t\t\n\t\t\t\t\t\t\t\t\n\t\t\t\t\t\t\t<\/div><\/div>\n<\/div>\n\n\n\n<div class=\"wp-block-column hidden-xs hidden-sm col-12 col-sm-auto is-layout-flow wp-block-column-is-layout-flow\" style=\"padding-top:0px;padding-right:0px;padding-bottom:0px;padding-left:0px\">\n<div id=\"greyd-69d598fade8f5\" class=\"wp-block-greyd-box dyn gs_E06k8a greyd-content-box gs_E06k8a has-background\"><div id='bg_69d598fade7e0' class='greyd-background'>\n\t\t\t\t\t\t\t\t<div class='bg_image'  data-srcset='{\"full\":\"https:\\\/\\\/burgguessing.at\\\/wp-content\\\/uploads\\\/2024\\\/05\\\/Burgmuseum2.jpg\",\"150\":\"https:\\\/\\\/burgguessing.at\\\/wp-content\\\/uploads\\\/2024\\\/05\\\/Burgmuseum2-150x150.jpg\",\"300\":\"https:\\\/\\\/burgguessing.at\\\/wp-content\\\/uploads\\\/2024\\\/05\\\/Burgmuseum2-300x200.jpg\",\"768\":\"https:\\\/\\\/burgguessing.at\\\/wp-content\\\/uploads\\\/2024\\\/05\\\/Burgmuseum2-768x512.jpg\"}'><\/div>\n\t\t\t\t\t\t\t\t\n\t\t\t\t\t\t\t\t\n\t\t\t\t\t\t\t\t\n\t\t\t\t\t\t\t<\/div><\/div>\n<\/div>\n<\/div>\n<\/div>","protected":false},"excerpt":{"rendered":"","protected":false},"author":1,"featured_media":0,"parent":0,"menu_order":0,"comment_status":"closed","ping_status":"closed","template":"","meta":{"greyd_block_editor_preview":[],"footnotes":""},"class_list":["post-1203","page","type-page","status-publish","hentry"],"_links":{"self":[{"href":"https:\/\/burgguessing.at\/hu\/wp-json\/wp\/v2\/pages\/1203","targetHints":{"allow":["GET"]}}],"collection":[{"href":"https:\/\/burgguessing.at\/hu\/wp-json\/wp\/v2\/pages"}],"about":[{"href":"https:\/\/burgguessing.at\/hu\/wp-json\/wp\/v2\/types\/page"}],"author":[{"embeddable":true,"href":"https:\/\/burgguessing.at\/hu\/wp-json\/wp\/v2\/users\/1"}],"replies":[{"embeddable":true,"href":"https:\/\/burgguessing.at\/hu\/wp-json\/wp\/v2\/comments?post=1203"}],"version-history":[{"count":3,"href":"https:\/\/burgguessing.at\/hu\/wp-json\/wp\/v2\/pages\/1203\/revisions"}],"predecessor-version":[{"id":1268,"href":"https:\/\/burgguessing.at\/hu\/wp-json\/wp\/v2\/pages\/1203\/revisions\/1268"}],"wp:attachment":[{"href":"https:\/\/burgguessing.at\/hu\/wp-json\/wp\/v2\/media?parent=1203"}],"curies":[{"name":"wp","href":"https:\/\/api.w.org\/{rel}","templated":true}]}}