{"id":1199,"date":"2024-04-28T10:25:09","date_gmt":"2024-04-28T08:25:09","guid":{"rendered":"https:\/\/burgguessing.at\/kiallitasok\/"},"modified":"2024-05-09T20:55:57","modified_gmt":"2024-05-09T18:55:57","slug":"kiallitasok","status":"publish","type":"page","link":"https:\/\/burgguessing.at\/hu\/kiallitasok\/","title":{"rendered":"Ki\u00e1ll\u00edt\u00e1sok"},"content":{"rendered":"<div  class=\"gs_lIzJAu row_wrap has-background\"><div id='bg_69d598369b1f8' class='greyd-background bg_full'>\n\t\t\t\t\t\t\t\t<div class='bg_color'><\/div><div class='bg_image'  data-srcset='{\"full\":\"https:\\\/\\\/burgguessing.at\\\/wp-content\\\/uploads\\\/2024\\\/04\\\/BurgGuessing_Ausstellung_7740_HEADER-e1714552630390.jpg\",\"150\":\"https:\\\/\\\/burgguessing.at\\\/wp-content\\\/uploads\\\/2024\\\/04\\\/BurgGuessing_Ausstellung_7740_HEADER-e1714552630390-150x150.jpg\",\"300\":\"https:\\\/\\\/burgguessing.at\\\/wp-content\\\/uploads\\\/2024\\\/04\\\/BurgGuessing_Ausstellung_7740_HEADER-e1714552630390-300x135.jpg\",\"768\":\"https:\\\/\\\/burgguessing.at\\\/wp-content\\\/uploads\\\/2024\\\/04\\\/BurgGuessing_Ausstellung_7740_HEADER-e1714552630390-768x347.jpg\",\"1024\":\"https:\\\/\\\/burgguessing.at\\\/wp-content\\\/uploads\\\/2024\\\/04\\\/BurgGuessing_Ausstellung_7740_HEADER-e1714552630390-1024x463.jpg\",\"1536\":\"https:\\\/\\\/burgguessing.at\\\/wp-content\\\/uploads\\\/2024\\\/04\\\/BurgGuessing_Ausstellung_7740_HEADER-e1714552630390-1536x694.jpg\"}'><\/div>\n\t\t\t\t\t\t\t\t\n\t\t\t\t\t\t\t\t\n\t\t\t\t\t\t\t\t\n\t\t\t\t\t\t\t<\/div>\n<div class=\"wp-block-columns row_xxxl dyn has-color-33-background-color has-background is-layout-flex wp-container-core-columns-is-layout-9d6595d7 wp-block-columns-is-layout-flex\">\n<div class=\"wp-block-column col-12 col-sm-auto is-layout-flow wp-block-column-is-layout-flow\" style=\"padding-top:0px;padding-right:0px;padding-bottom:0px;padding-left:0px\"><div  class=\"row_wrap\">\n<div class=\"wp-block-columns row_xxl is-layout-flex wp-container-core-columns-is-layout-9d6595d7 wp-block-columns-is-layout-flex\">\n<div class=\"wp-block-column col-12 col-sm-auto is-layout-flow wp-block-column-is-layout-flow\">\n<div id=\"greyd-69d598369af18\" class=\"wp-block-greyd-box row_xxl dyn gs_OCyphH greyd-content-box gs_OCyphH flex-justify-flex-end\" style=\"margin-right: auto !important; margin-left: auto !important; \">\n<h1 class=\"has-text-align-right dyn has-color-62-color has-text-color has-h-2-font-size wp-block-heading\">Ki\u00e1ll\u00edt\u00e1sok<\/h1>\n<\/div>\n<\/div>\n<\/div>\n<\/div><\/div>\n<\/div>\n<\/div><div  class=\"gs_F5tVjp row_wrap\">\n<div class=\"wp-block-columns row_xxl is-layout-flex wp-container-core-columns-is-layout-9d6595d7 wp-block-columns-is-layout-flex\">\n<div class=\"wp-block-column col-12 col-sm-12 col-md-10 col-lg-10 offset-sm-0 offset-md-1 offset-lg-1 is-layout-flow wp-block-column-is-layout-flow\">\n<h3 class=\"has-text-align-center dyn wp-block-heading gs_ctvgct\" style=\"font-size:1.3em\">Id\u0151szakos ki\u00e1ll\u00edt\u00e1sok 2024<br>\u201ePelik\u00e1n G\u00fcssing f\u00f6l\u00f6tt \u2013 A Batthy\u00e1ny csal\u00e1d 500 \u00e9ve a v\u00e1rban\u201d<\/h3>\n\n\n\n<p class=\"has-text-align-center dyn\">A g\u00fcssingi v\u00e1r id\u00e9n t\u00f6rt\u00e9nelmi esem\u00e9nyt \u00fcnnepel: 500 \u00e9vvel ezel\u0151tt, 1524. j\u00fanius 30-\u00e1n Batthy\u00e1ny Ferencet II. Lajos magyar kir\u00e1ly G\u00fcssing v\u00e1r\u00e1val \u00e9s uradalm\u00e1val ruh\u00e1zta fel. Az \u00e9vfordul\u00f3 alkalm\u00e1b\u00f3l a \u201ePelik\u00e1n G\u00fcssing f\u00f6l\u00f6tt\u201d c\u00edm\u0171 ki\u00e1ll\u00edt\u00e1s betekint\u00e9st ny\u00fajt a v\u00e1r fejl\u0151d\u00e9s\u00e9be a Batthy\u00e1ny csal\u00e1d kapcs\u00e1n \u00f6t \u00e9vsz\u00e1zadon kereszt\u00fcl. <br><br><strong>\u201ePelik\u00e1n G\u00fcssing f\u00f6l\u00f6tt\u201d<\/strong><br>A ki\u00e1ll\u00edt\u00e1s Burgenland tartom\u00e1ny \u00e9s a Burgstiftung G\u00fcssing (N\u00e9met\u00fajv\u00e1ri V\u00e1ralap\u00edtv\u00e1ny) egy\u00fcttm\u0171k\u00f6d\u00e9s\u00e9vel j\u00f6tt l\u00e9tre, \u00e9s h\u00e1rom nyelven &#8211; n\u00e9met\u00fcl, magyarul \u00e9s angolul &#8211; ker\u00fcl bemutat\u00e1sra. Kilenc teremre terjed ki, \u00e9s az els\u0151 k\u00e9t teremben a v\u00e1rnak mint a Batthy\u00e1nyak \u0151si v\u00e1r\u00e1nak \u00e9s hatalmi k\u00f6zpontj\u00e1nak funkci\u00f3it emeli ki. Itt mutatjuk be a csal\u00e1di vagyon kincseit \u00e9s az arch\u00edvum egyes r\u00e9szeit. R\u00e9szletesen bemutat\u00e1sra ker\u00fclnek III. B\u00e9la \u00e9s fia II. Ferenc csal\u00e1dt\u00f6rt\u00e9neti vonatkoz\u00e1sai, amelyek G\u00fcssingnek, mint a hatalom k\u00f6z\u00e9ppontj\u00e1nak \u00e9s f\u0151 rezidenci\u00e1nak nagy korszak\u00e1t jellemezt\u00e9k. Az utols\u00f3, az \u00f6sszes birtokot egy k\u00e9zben tart\u00f3 Batthy\u00e1nyt, I. \u00c1d\u00e1mot tekintik a csal\u00e1d minden k\u00e9s\u0151bbi tagja \u0151satyj\u00e1nak. T\u00f6rt\u00e9net\u00e9nek egy k\u00fcl\u00f6nleges fejezete a ferences rendi kolostor alap\u00edt\u00e1sa a csal\u00e1di kript\u00e1val.<br><br>A \u201ePelik\u00e1n G\u00fcssing f\u00f6l\u00f6tt\u201d c\u00edm\u0171 ki\u00e1ll\u00edt\u00e1s egyed\u00fcl\u00e1ll\u00f3 lehet\u0151s\u00e9g k\u00edn\u00e1l arra, hogy megismerj\u00fck G\u00fcssing v\u00e1r\u00e1nak \u00e9s a Batthy\u00e1ny csal\u00e1dnak a gazdag t\u00f6rt\u00e9nelm\u00e9t.<\/p>\n<\/div>\n<\/div>\n<\/div><div  class=\"row_wrap\">\n<div class=\"wp-block-columns row_xxl is-layout-flex wp-container-core-columns-is-layout-9d6595d7 wp-block-columns-is-layout-flex\">\n<div class=\"wp-block-column col-12 col-sm-auto col-md-10 col-lg-10 offset-md-1 offset-lg-1 is-layout-flow wp-block-column-is-layout-flow\">\n<figure class=\"wp-block-gallery has-nested-images columns-3 is-cropped wp-block-gallery-1 is-layout-flex wp-block-gallery-is-layout-flex\">\n<figure data-wp-context=\"{&quot;imageId&quot;:&quot;69d598369c2ea&quot;}\" data-wp-interactive=\"core\/image\" data-wp-key=\"69d598369c2ea\" class=\"wp-block-image size-large wp-lightbox-container\"><img loading=\"lazy\" decoding=\"async\" width=\"1024\" height=\"576\" data-wp-class--hide=\"state.isContentHidden\" data-wp-class--show=\"state.isContentVisible\" data-wp-init=\"callbacks.setButtonStyles\" data-wp-on-async--click=\"actions.showLightbox\" data-wp-on-async--load=\"callbacks.setButtonStyles\" data-wp-on-async-window--resize=\"callbacks.setButtonStyles\" data-id=\"940\" src=\"https:\/\/burgguessing.at\/wp-content\/uploads\/2024\/04\/BurgGuessing_Ausstellung_7731.jpg\" alt=\"\" class=\"wp-image-940\" srcset=\"https:\/\/burgguessing.at\/wp-content\/uploads\/2024\/04\/BurgGuessing_Ausstellung_7731.jpg 1024w, https:\/\/burgguessing.at\/wp-content\/uploads\/2024\/04\/BurgGuessing_Ausstellung_7731-300x169.jpg 300w, https:\/\/burgguessing.at\/wp-content\/uploads\/2024\/04\/BurgGuessing_Ausstellung_7731-768x432.jpg 768w\" sizes=\"auto, (max-width: 1024px) 100vw, 1024px\" \/><button\n\t\t\tclass=\"lightbox-trigger\"\n\t\t\ttype=\"button\"\n\t\t\taria-haspopup=\"dialog\"\n\t\t\taria-label=\"Nagy\u00edt\u00e1s\"\n\t\t\tdata-wp-init=\"callbacks.initTriggerButton\"\n\t\t\tdata-wp-on-async--click=\"actions.showLightbox\"\n\t\t\tdata-wp-style--right=\"state.imageButtonRight\"\n\t\t\tdata-wp-style--top=\"state.imageButtonTop\"\n\t\t>\n\t\t\t<svg xmlns=\"http:\/\/www.w3.org\/2000\/svg\" width=\"12\" height=\"12\" fill=\"none\" viewBox=\"0 0 12 12\">\n\t\t\t\t<path fill=\"#fff\" d=\"M2 0a2 2 0 0 0-2 2v2h1.5V2a.5.5 0 0 1 .5-.5h2V0H2Zm2 10.5H2a.5.5 0 0 1-.5-.5V8H0v2a2 2 0 0 0 2 2h2v-1.5ZM8 12v-1.5h2a.5.5 0 0 0 .5-.5V8H12v2a2 2 0 0 1-2 2H8Zm2-12a2 2 0 0 1 2 2v2h-1.5V2a.5.5 0 0 0-.5-.5H8V0h2Z\" \/>\n\t\t\t<\/svg>\n\t\t<\/button><\/figure>\n\n\n\n<figure data-wp-context=\"{&quot;imageId&quot;:&quot;69d598369c713&quot;}\" data-wp-interactive=\"core\/image\" data-wp-key=\"69d598369c713\" class=\"wp-block-image size-large wp-lightbox-container\"><img loading=\"lazy\" decoding=\"async\" width=\"768\" height=\"576\" data-wp-class--hide=\"state.isContentHidden\" data-wp-class--show=\"state.isContentVisible\" data-wp-init=\"callbacks.setButtonStyles\" data-wp-on-async--click=\"actions.showLightbox\" data-wp-on-async--load=\"callbacks.setButtonStyles\" data-wp-on-async-window--resize=\"callbacks.setButtonStyles\" data-id=\"958\" src=\"https:\/\/burgguessing.at\/wp-content\/uploads\/2024\/04\/BurgGuessing_Ausstellung_7742-edited.jpg\" alt=\"\" class=\"wp-image-958\" srcset=\"https:\/\/burgguessing.at\/wp-content\/uploads\/2024\/04\/BurgGuessing_Ausstellung_7742-edited.jpg 768w, https:\/\/burgguessing.at\/wp-content\/uploads\/2024\/04\/BurgGuessing_Ausstellung_7742-edited-300x225.jpg 300w\" sizes=\"auto, (max-width: 768px) 100vw, 768px\" \/><button\n\t\t\tclass=\"lightbox-trigger\"\n\t\t\ttype=\"button\"\n\t\t\taria-haspopup=\"dialog\"\n\t\t\taria-label=\"Nagy\u00edt\u00e1s\"\n\t\t\tdata-wp-init=\"callbacks.initTriggerButton\"\n\t\t\tdata-wp-on-async--click=\"actions.showLightbox\"\n\t\t\tdata-wp-style--right=\"state.imageButtonRight\"\n\t\t\tdata-wp-style--top=\"state.imageButtonTop\"\n\t\t>\n\t\t\t<svg xmlns=\"http:\/\/www.w3.org\/2000\/svg\" width=\"12\" height=\"12\" fill=\"none\" viewBox=\"0 0 12 12\">\n\t\t\t\t<path fill=\"#fff\" d=\"M2 0a2 2 0 0 0-2 2v2h1.5V2a.5.5 0 0 1 .5-.5h2V0H2Zm2 10.5H2a.5.5 0 0 1-.5-.5V8H0v2a2 2 0 0 0 2 2h2v-1.5ZM8 12v-1.5h2a.5.5 0 0 0 .5-.5V8H12v2a2 2 0 0 1-2 2H8Zm2-12a2 2 0 0 1 2 2v2h-1.5V2a.5.5 0 0 0-.5-.5H8V0h2Z\" \/>\n\t\t\t<\/svg>\n\t\t<\/button><\/figure>\n\n\n\n<figure data-wp-context=\"{&quot;imageId&quot;:&quot;69d598369ca7a&quot;}\" data-wp-interactive=\"core\/image\" data-wp-key=\"69d598369ca7a\" class=\"wp-block-image size-large wp-lightbox-container\"><img loading=\"lazy\" decoding=\"async\" width=\"1024\" height=\"576\" data-wp-class--hide=\"state.isContentHidden\" data-wp-class--show=\"state.isContentVisible\" data-wp-init=\"callbacks.setButtonStyles\" data-wp-on-async--click=\"actions.showLightbox\" data-wp-on-async--load=\"callbacks.setButtonStyles\" data-wp-on-async-window--resize=\"callbacks.setButtonStyles\" data-id=\"942\" src=\"https:\/\/burgguessing.at\/wp-content\/uploads\/2024\/04\/BurgGuessing_Ausstellung_7737.jpg\" alt=\"\" class=\"wp-image-942\" srcset=\"https:\/\/burgguessing.at\/wp-content\/uploads\/2024\/04\/BurgGuessing_Ausstellung_7737.jpg 1024w, https:\/\/burgguessing.at\/wp-content\/uploads\/2024\/04\/BurgGuessing_Ausstellung_7737-300x169.jpg 300w, https:\/\/burgguessing.at\/wp-content\/uploads\/2024\/04\/BurgGuessing_Ausstellung_7737-768x432.jpg 768w\" sizes=\"auto, (max-width: 1024px) 100vw, 1024px\" \/><button\n\t\t\tclass=\"lightbox-trigger\"\n\t\t\ttype=\"button\"\n\t\t\taria-haspopup=\"dialog\"\n\t\t\taria-label=\"Nagy\u00edt\u00e1s\"\n\t\t\tdata-wp-init=\"callbacks.initTriggerButton\"\n\t\t\tdata-wp-on-async--click=\"actions.showLightbox\"\n\t\t\tdata-wp-style--right=\"state.imageButtonRight\"\n\t\t\tdata-wp-style--top=\"state.imageButtonTop\"\n\t\t>\n\t\t\t<svg xmlns=\"http:\/\/www.w3.org\/2000\/svg\" width=\"12\" height=\"12\" fill=\"none\" viewBox=\"0 0 12 12\">\n\t\t\t\t<path fill=\"#fff\" d=\"M2 0a2 2 0 0 0-2 2v2h1.5V2a.5.5 0 0 1 .5-.5h2V0H2Zm2 10.5H2a.5.5 0 0 1-.5-.5V8H0v2a2 2 0 0 0 2 2h2v-1.5ZM8 12v-1.5h2a.5.5 0 0 0 .5-.5V8H12v2a2 2 0 0 1-2 2H8Zm2-12a2 2 0 0 1 2 2v2h-1.5V2a.5.5 0 0 0-.5-.5H8V0h2Z\" \/>\n\t\t\t<\/svg>\n\t\t<\/button><\/figure>\n\n\n\n<figure data-wp-context=\"{&quot;imageId&quot;:&quot;69d598369cdb2&quot;}\" data-wp-interactive=\"core\/image\" data-wp-key=\"69d598369cdb2\" class=\"wp-block-image size-large wp-lightbox-container\"><img loading=\"lazy\" decoding=\"async\" width=\"1024\" height=\"576\" data-wp-class--hide=\"state.isContentHidden\" data-wp-class--show=\"state.isContentVisible\" data-wp-init=\"callbacks.setButtonStyles\" data-wp-on-async--click=\"actions.showLightbox\" data-wp-on-async--load=\"callbacks.setButtonStyles\" data-wp-on-async-window--resize=\"callbacks.setButtonStyles\" data-id=\"943\" src=\"https:\/\/burgguessing.at\/wp-content\/uploads\/2024\/04\/BurgGuessing_Ausstellung_7741.jpg\" alt=\"\" class=\"wp-image-943\" srcset=\"https:\/\/burgguessing.at\/wp-content\/uploads\/2024\/04\/BurgGuessing_Ausstellung_7741.jpg 1024w, https:\/\/burgguessing.at\/wp-content\/uploads\/2024\/04\/BurgGuessing_Ausstellung_7741-300x169.jpg 300w, https:\/\/burgguessing.at\/wp-content\/uploads\/2024\/04\/BurgGuessing_Ausstellung_7741-768x432.jpg 768w\" sizes=\"auto, (max-width: 1024px) 100vw, 1024px\" \/><button\n\t\t\tclass=\"lightbox-trigger\"\n\t\t\ttype=\"button\"\n\t\t\taria-haspopup=\"dialog\"\n\t\t\taria-label=\"Nagy\u00edt\u00e1s\"\n\t\t\tdata-wp-init=\"callbacks.initTriggerButton\"\n\t\t\tdata-wp-on-async--click=\"actions.showLightbox\"\n\t\t\tdata-wp-style--right=\"state.imageButtonRight\"\n\t\t\tdata-wp-style--top=\"state.imageButtonTop\"\n\t\t>\n\t\t\t<svg xmlns=\"http:\/\/www.w3.org\/2000\/svg\" width=\"12\" height=\"12\" fill=\"none\" viewBox=\"0 0 12 12\">\n\t\t\t\t<path fill=\"#fff\" d=\"M2 0a2 2 0 0 0-2 2v2h1.5V2a.5.5 0 0 1 .5-.5h2V0H2Zm2 10.5H2a.5.5 0 0 1-.5-.5V8H0v2a2 2 0 0 0 2 2h2v-1.5ZM8 12v-1.5h2a.5.5 0 0 0 .5-.5V8H12v2a2 2 0 0 1-2 2H8Zm2-12a2 2 0 0 1 2 2v2h-1.5V2a.5.5 0 0 0-.5-.5H8V0h2Z\" \/>\n\t\t\t<\/svg>\n\t\t<\/button><\/figure>\n\n\n\n<figure data-wp-context=\"{&quot;imageId&quot;:&quot;69d598369d10b&quot;}\" data-wp-interactive=\"core\/image\" data-wp-key=\"69d598369d10b\" class=\"wp-block-image size-large wp-lightbox-container\"><img loading=\"lazy\" decoding=\"async\" width=\"1024\" height=\"576\" data-wp-class--hide=\"state.isContentHidden\" data-wp-class--show=\"state.isContentVisible\" data-wp-init=\"callbacks.setButtonStyles\" data-wp-on-async--click=\"actions.showLightbox\" data-wp-on-async--load=\"callbacks.setButtonStyles\" data-wp-on-async-window--resize=\"callbacks.setButtonStyles\" data-id=\"941\" src=\"https:\/\/burgguessing.at\/wp-content\/uploads\/2024\/04\/BurgGuessing_Ausstellung_7739.jpg\" alt=\"\" class=\"wp-image-941\" srcset=\"https:\/\/burgguessing.at\/wp-content\/uploads\/2024\/04\/BurgGuessing_Ausstellung_7739.jpg 1024w, https:\/\/burgguessing.at\/wp-content\/uploads\/2024\/04\/BurgGuessing_Ausstellung_7739-300x169.jpg 300w, https:\/\/burgguessing.at\/wp-content\/uploads\/2024\/04\/BurgGuessing_Ausstellung_7739-768x432.jpg 768w\" sizes=\"auto, (max-width: 1024px) 100vw, 1024px\" \/><button\n\t\t\tclass=\"lightbox-trigger\"\n\t\t\ttype=\"button\"\n\t\t\taria-haspopup=\"dialog\"\n\t\t\taria-label=\"Nagy\u00edt\u00e1s\"\n\t\t\tdata-wp-init=\"callbacks.initTriggerButton\"\n\t\t\tdata-wp-on-async--click=\"actions.showLightbox\"\n\t\t\tdata-wp-style--right=\"state.imageButtonRight\"\n\t\t\tdata-wp-style--top=\"state.imageButtonTop\"\n\t\t>\n\t\t\t<svg xmlns=\"http:\/\/www.w3.org\/2000\/svg\" width=\"12\" height=\"12\" fill=\"none\" viewBox=\"0 0 12 12\">\n\t\t\t\t<path fill=\"#fff\" d=\"M2 0a2 2 0 0 0-2 2v2h1.5V2a.5.5 0 0 1 .5-.5h2V0H2Zm2 10.5H2a.5.5 0 0 1-.5-.5V8H0v2a2 2 0 0 0 2 2h2v-1.5ZM8 12v-1.5h2a.5.5 0 0 0 .5-.5V8H12v2a2 2 0 0 1-2 2H8Zm2-12a2 2 0 0 1 2 2v2h-1.5V2a.5.5 0 0 0-.5-.5H8V0h2Z\" \/>\n\t\t\t<\/svg>\n\t\t<\/button><\/figure>\n\n\n\n<figure data-wp-context=\"{&quot;imageId&quot;:&quot;69d598369d437&quot;}\" data-wp-interactive=\"core\/image\" data-wp-key=\"69d598369d437\" class=\"wp-block-image size-large wp-lightbox-container\"><img loading=\"lazy\" decoding=\"async\" width=\"1024\" height=\"576\" data-wp-class--hide=\"state.isContentHidden\" data-wp-class--show=\"state.isContentVisible\" data-wp-init=\"callbacks.setButtonStyles\" data-wp-on-async--click=\"actions.showLightbox\" data-wp-on-async--load=\"callbacks.setButtonStyles\" data-wp-on-async-window--resize=\"callbacks.setButtonStyles\" data-id=\"953\" src=\"https:\/\/burgguessing.at\/wp-content\/uploads\/2024\/04\/BurgGuessing_Ausstellung_7736.jpg\" alt=\"\" class=\"wp-image-953\" srcset=\"https:\/\/burgguessing.at\/wp-content\/uploads\/2024\/04\/BurgGuessing_Ausstellung_7736.jpg 1024w, https:\/\/burgguessing.at\/wp-content\/uploads\/2024\/04\/BurgGuessing_Ausstellung_7736-300x169.jpg 300w, https:\/\/burgguessing.at\/wp-content\/uploads\/2024\/04\/BurgGuessing_Ausstellung_7736-768x432.jpg 768w\" sizes=\"auto, (max-width: 1024px) 100vw, 1024px\" \/><button\n\t\t\tclass=\"lightbox-trigger\"\n\t\t\ttype=\"button\"\n\t\t\taria-haspopup=\"dialog\"\n\t\t\taria-label=\"Nagy\u00edt\u00e1s\"\n\t\t\tdata-wp-init=\"callbacks.initTriggerButton\"\n\t\t\tdata-wp-on-async--click=\"actions.showLightbox\"\n\t\t\tdata-wp-style--right=\"state.imageButtonRight\"\n\t\t\tdata-wp-style--top=\"state.imageButtonTop\"\n\t\t>\n\t\t\t<svg xmlns=\"http:\/\/www.w3.org\/2000\/svg\" width=\"12\" height=\"12\" fill=\"none\" viewBox=\"0 0 12 12\">\n\t\t\t\t<path fill=\"#fff\" d=\"M2 0a2 2 0 0 0-2 2v2h1.5V2a.5.5 0 0 1 .5-.5h2V0H2Zm2 10.5H2a.5.5 0 0 1-.5-.5V8H0v2a2 2 0 0 0 2 2h2v-1.5ZM8 12v-1.5h2a.5.5 0 0 0 .5-.5V8H12v2a2 2 0 0 1-2 2H8Zm2-12a2 2 0 0 1 2 2v2h-1.5V2a.5.5 0 0 0-.5-.5H8V0h2Z\" \/>\n\t\t\t<\/svg>\n\t\t<\/button><\/figure>\n\n\n\n<figure data-wp-context=\"{&quot;imageId&quot;:&quot;69d598369d755&quot;}\" data-wp-interactive=\"core\/image\" data-wp-key=\"69d598369d755\" class=\"wp-block-image size-large wp-lightbox-container\"><img loading=\"lazy\" decoding=\"async\" width=\"1024\" height=\"576\" data-wp-class--hide=\"state.isContentHidden\" data-wp-class--show=\"state.isContentVisible\" data-wp-init=\"callbacks.setButtonStyles\" data-wp-on-async--click=\"actions.showLightbox\" data-wp-on-async--load=\"callbacks.setButtonStyles\" data-wp-on-async-window--resize=\"callbacks.setButtonStyles\" data-id=\"954\" src=\"https:\/\/burgguessing.at\/wp-content\/uploads\/2024\/04\/BurgGuessing_Ausstellung_7743.jpg\" alt=\"\" class=\"wp-image-954\" srcset=\"https:\/\/burgguessing.at\/wp-content\/uploads\/2024\/04\/BurgGuessing_Ausstellung_7743.jpg 1024w, https:\/\/burgguessing.at\/wp-content\/uploads\/2024\/04\/BurgGuessing_Ausstellung_7743-300x169.jpg 300w, https:\/\/burgguessing.at\/wp-content\/uploads\/2024\/04\/BurgGuessing_Ausstellung_7743-768x432.jpg 768w\" sizes=\"auto, (max-width: 1024px) 100vw, 1024px\" \/><button\n\t\t\tclass=\"lightbox-trigger\"\n\t\t\ttype=\"button\"\n\t\t\taria-haspopup=\"dialog\"\n\t\t\taria-label=\"Nagy\u00edt\u00e1s\"\n\t\t\tdata-wp-init=\"callbacks.initTriggerButton\"\n\t\t\tdata-wp-on-async--click=\"actions.showLightbox\"\n\t\t\tdata-wp-style--right=\"state.imageButtonRight\"\n\t\t\tdata-wp-style--top=\"state.imageButtonTop\"\n\t\t>\n\t\t\t<svg xmlns=\"http:\/\/www.w3.org\/2000\/svg\" width=\"12\" height=\"12\" fill=\"none\" viewBox=\"0 0 12 12\">\n\t\t\t\t<path fill=\"#fff\" d=\"M2 0a2 2 0 0 0-2 2v2h1.5V2a.5.5 0 0 1 .5-.5h2V0H2Zm2 10.5H2a.5.5 0 0 1-.5-.5V8H0v2a2 2 0 0 0 2 2h2v-1.5ZM8 12v-1.5h2a.5.5 0 0 0 .5-.5V8H12v2a2 2 0 0 1-2 2H8Zm2-12a2 2 0 0 1 2 2v2h-1.5V2a.5.5 0 0 0-.5-.5H8V0h2Z\" \/>\n\t\t\t<\/svg>\n\t\t<\/button><\/figure>\n\n\n\n<figure data-wp-context=\"{&quot;imageId&quot;:&quot;69d598369dae3&quot;}\" data-wp-interactive=\"core\/image\" data-wp-key=\"69d598369dae3\" class=\"wp-block-image size-large is-style-default wp-lightbox-container\"><img loading=\"lazy\" decoding=\"async\" width=\"1024\" height=\"692\" data-wp-class--hide=\"state.isContentHidden\" data-wp-class--show=\"state.isContentVisible\" data-wp-init=\"callbacks.setButtonStyles\" data-wp-on-async--click=\"actions.showLightbox\" data-wp-on-async--load=\"callbacks.setButtonStyles\" data-wp-on-async-window--resize=\"callbacks.setButtonStyles\" data-id=\"955\" src=\"https:\/\/burgguessing.at\/wp-content\/uploads\/2024\/04\/BurgGuessing_Ausstellung_7744.jpg\" alt=\"\" class=\"wp-image-955\" srcset=\"https:\/\/burgguessing.at\/wp-content\/uploads\/2024\/04\/BurgGuessing_Ausstellung_7744.jpg 1024w, https:\/\/burgguessing.at\/wp-content\/uploads\/2024\/04\/BurgGuessing_Ausstellung_7744-300x203.jpg 300w, https:\/\/burgguessing.at\/wp-content\/uploads\/2024\/04\/BurgGuessing_Ausstellung_7744-768x519.jpg 768w\" sizes=\"auto, (max-width: 1024px) 100vw, 1024px\" \/><button\n\t\t\tclass=\"lightbox-trigger\"\n\t\t\ttype=\"button\"\n\t\t\taria-haspopup=\"dialog\"\n\t\t\taria-label=\"Nagy\u00edt\u00e1s\"\n\t\t\tdata-wp-init=\"callbacks.initTriggerButton\"\n\t\t\tdata-wp-on-async--click=\"actions.showLightbox\"\n\t\t\tdata-wp-style--right=\"state.imageButtonRight\"\n\t\t\tdata-wp-style--top=\"state.imageButtonTop\"\n\t\t>\n\t\t\t<svg xmlns=\"http:\/\/www.w3.org\/2000\/svg\" width=\"12\" height=\"12\" fill=\"none\" viewBox=\"0 0 12 12\">\n\t\t\t\t<path fill=\"#fff\" d=\"M2 0a2 2 0 0 0-2 2v2h1.5V2a.5.5 0 0 1 .5-.5h2V0H2Zm2 10.5H2a.5.5 0 0 1-.5-.5V8H0v2a2 2 0 0 0 2 2h2v-1.5ZM8 12v-1.5h2a.5.5 0 0 0 .5-.5V8H12v2a2 2 0 0 1-2 2H8Zm2-12a2 2 0 0 1 2 2v2h-1.5V2a.5.5 0 0 0-.5-.5H8V0h2Z\" \/>\n\t\t\t<\/svg>\n\t\t<\/button><\/figure>\n\n\n\n<figure data-wp-context=\"{&quot;imageId&quot;:&quot;69d598369de30&quot;}\" data-wp-interactive=\"core\/image\" data-wp-key=\"69d598369de30\" class=\"wp-block-image size-large wp-lightbox-container\"><img loading=\"lazy\" decoding=\"async\" width=\"1024\" height=\"576\" data-wp-class--hide=\"state.isContentHidden\" data-wp-class--show=\"state.isContentVisible\" data-wp-init=\"callbacks.setButtonStyles\" data-wp-on-async--click=\"actions.showLightbox\" data-wp-on-async--load=\"callbacks.setButtonStyles\" data-wp-on-async-window--resize=\"callbacks.setButtonStyles\" data-id=\"956\" src=\"https:\/\/burgguessing.at\/wp-content\/uploads\/2024\/04\/BurgGuessing_Ausstellung_7745.jpg\" alt=\"\" class=\"wp-image-956\" srcset=\"https:\/\/burgguessing.at\/wp-content\/uploads\/2024\/04\/BurgGuessing_Ausstellung_7745.jpg 1024w, https:\/\/burgguessing.at\/wp-content\/uploads\/2024\/04\/BurgGuessing_Ausstellung_7745-300x169.jpg 300w, https:\/\/burgguessing.at\/wp-content\/uploads\/2024\/04\/BurgGuessing_Ausstellung_7745-768x432.jpg 768w\" sizes=\"auto, (max-width: 1024px) 100vw, 1024px\" \/><button\n\t\t\tclass=\"lightbox-trigger\"\n\t\t\ttype=\"button\"\n\t\t\taria-haspopup=\"dialog\"\n\t\t\taria-label=\"Nagy\u00edt\u00e1s\"\n\t\t\tdata-wp-init=\"callbacks.initTriggerButton\"\n\t\t\tdata-wp-on-async--click=\"actions.showLightbox\"\n\t\t\tdata-wp-style--right=\"state.imageButtonRight\"\n\t\t\tdata-wp-style--top=\"state.imageButtonTop\"\n\t\t>\n\t\t\t<svg xmlns=\"http:\/\/www.w3.org\/2000\/svg\" width=\"12\" height=\"12\" fill=\"none\" viewBox=\"0 0 12 12\">\n\t\t\t\t<path fill=\"#fff\" d=\"M2 0a2 2 0 0 0-2 2v2h1.5V2a.5.5 0 0 1 .5-.5h2V0H2Zm2 10.5H2a.5.5 0 0 1-.5-.5V8H0v2a2 2 0 0 0 2 2h2v-1.5ZM8 12v-1.5h2a.5.5 0 0 0 .5-.5V8H12v2a2 2 0 0 1-2 2H8Zm2-12a2 2 0 0 1 2 2v2h-1.5V2a.5.5 0 0 0-.5-.5H8V0h2Z\" \/>\n\t\t\t<\/svg>\n\t\t<\/button><\/figure>\n<\/figure>\n<\/div>\n<\/div>\n<\/div>","protected":false},"excerpt":{"rendered":"","protected":false},"author":1,"featured_media":0,"parent":0,"menu_order":0,"comment_status":"closed","ping_status":"closed","template":"","meta":{"greyd_block_editor_preview":[],"footnotes":""},"class_list":["post-1199","page","type-page","status-publish","hentry"],"_links":{"self":[{"href":"https:\/\/burgguessing.at\/hu\/wp-json\/wp\/v2\/pages\/1199","targetHints":{"allow":["GET"]}}],"collection":[{"href":"https:\/\/burgguessing.at\/hu\/wp-json\/wp\/v2\/pages"}],"about":[{"href":"https:\/\/burgguessing.at\/hu\/wp-json\/wp\/v2\/types\/page"}],"author":[{"embeddable":true,"href":"https:\/\/burgguessing.at\/hu\/wp-json\/wp\/v2\/users\/1"}],"replies":[{"embeddable":true,"href":"https:\/\/burgguessing.at\/hu\/wp-json\/wp\/v2\/comments?post=1199"}],"version-history":[{"count":3,"href":"https:\/\/burgguessing.at\/hu\/wp-json\/wp\/v2\/pages\/1199\/revisions"}],"predecessor-version":[{"id":1202,"href":"https:\/\/burgguessing.at\/hu\/wp-json\/wp\/v2\/pages\/1199\/revisions\/1202"}],"wp:attachment":[{"href":"https:\/\/burgguessing.at\/hu\/wp-json\/wp\/v2\/media?parent=1199"}],"curies":[{"name":"wp","href":"https:\/\/api.w.org\/{rel}","templated":true}]}}