{"id":1286,"date":"2023-11-07T11:56:57","date_gmt":"2023-11-07T10:56:57","guid":{"rendered":"https:\/\/burgguessing.at\/impressum\/"},"modified":"2024-05-15T19:55:37","modified_gmt":"2024-05-15T17:55:37","slug":"impressum","status":"publish","type":"page","link":"https:\/\/burgguessing.at\/en\/impressum\/","title":{"rendered":"Legal notice"},"content":{"rendered":"<div  class=\"dynamic maven\"><div  class=\"gs_lIzJAu row_wrap has-background\"><div id='bg_69e3f3c128836' class='greyd-background bg_full'>\n\t\t\t\t\t\t\t\t<div class='bg_color'><\/div><div class='bg_image'  data-srcset='{\"full\":\"https:\\\/\\\/burgguessing.at\\\/wp-content\\\/uploads\\\/2024\\\/03\\\/Header_Burg_1.jpg\",\"150\":\"https:\\\/\\\/burgguessing.at\\\/wp-content\\\/uploads\\\/2024\\\/03\\\/Header_Burg_1-150x150.jpg\",\"300\":\"https:\\\/\\\/burgguessing.at\\\/wp-content\\\/uploads\\\/2024\\\/03\\\/Header_Burg_1-300x130.jpg\",\"768\":\"https:\\\/\\\/burgguessing.at\\\/wp-content\\\/uploads\\\/2024\\\/03\\\/Header_Burg_1-768x333.jpg\",\"1024\":\"https:\\\/\\\/burgguessing.at\\\/wp-content\\\/uploads\\\/2024\\\/03\\\/Header_Burg_1-1024x444.jpg\"}'><\/div>\n\t\t\t\t\t\t\t\t\n\t\t\t\t\t\t\t\t\n\t\t\t\t\t\t\t\t\n\t\t\t\t\t\t\t<\/div>\n<div class=\"wp-block-columns row_xxxl dyn has-color-33-background-color has-background is-layout-flex wp-container-core-columns-is-layout-9d6595d7 wp-block-columns-is-layout-flex\">\n<div class=\"wp-block-column col-12 col-sm-auto is-layout-flow wp-block-column-is-layout-flow\" style=\"padding-top:0px;padding-right:0px;padding-bottom:0px;padding-left:0px\"><div  class=\"row_wrap\">\n<div class=\"wp-block-columns row_xxl is-layout-flex wp-container-core-columns-is-layout-9d6595d7 wp-block-columns-is-layout-flex\">\n<div class=\"wp-block-column col-12 col-sm-auto is-layout-flow wp-block-column-is-layout-flow\">\n<div id=\"greyd-69e3f3c128578\" class=\"wp-block-greyd-box row_xxl dyn gs_OCyphH greyd-content-box gs_OCyphH flex-justify-flex-end\" style=\"margin-right: auto !important; margin-left: auto !important; \">\n<h1 class=\"has-text-align-right dyn has-color-62-color has-text-color has-h-2-font-size wp-block-heading\">Legal notice<\/h1>\n<\/div>\n<\/div>\n<\/div>\n<\/div><\/div>\n<\/div>\n<\/div><\/div><div  class=\"gs_flFqUk row_wrap\">\n<div class=\"wp-block-columns maven is-layout-flex wp-container-core-columns-is-layout-9d6595d7 wp-block-columns-is-layout-flex\">\n<div class=\"wp-block-column col-12 col-sm-12 col-md-10 col-lg-10 offset-sm-0 offset-md-1 offset-lg-1 is-layout-flow wp-block-column-is-layout-flow\">\n<h2 class=\"wp-block-heading\">Medieninhaber, Herausgeber, Eigent\u00fcmer:<\/h2>\n\n\n\n<p style=\"font-style:normal;font-weight:700\">Stiftung des Weiland F\u00fcrst Philipp Batthyany zur Erhaltung der alten G\u00fcssinger Burg<\/p>\n\n\n\n<p>7540 G\u00fcssing, Batthyany-Stra\u00dfe 10<br\/>Telefon: +43 (0) 3322 43400<br\/>E-Mail: Stiftungsadministrator <a href=\"mailto:office@burgguessing.at\">office@burgguessing.at<\/a><br\/>Internet: <a href=\"http:\/\/www.burgguessing.at\" data-type=\"link\" data-id=\"www.burgguessing.at\">www.burgguessing.at<\/a><br\/>UID-Nummer: ATU 590 792 68<\/p>\n\n\n\n<h5 class=\"wp-block-heading gs_a88vCe\">Postadresse<\/h5>\n\n\n\n<p style=\"font-style:normal;font-weight:700\">Stiftung des Weiland F\u00fcrst Philipp Batthyany zur Erhaltung der alten G\u00fcssinger Burg<\/p>\n\n\n\n<p>7540 G\u00fcssing, Batthyany-Stra\u00dfe 10<\/p>\n<\/div>\n<\/div>\n<\/div><div  class=\"gs_DXcaya row_wrap has-background\"><div id='bg_69e3f3c129129' class='greyd-background bg_full'>\n\t\t\t\t\t\t\t\t<div class='bg_color'><\/div>\n\t\t\t\t\t\t\t\t\n\t\t\t\t\t\t\t\t\n\t\t\t\t\t\t\t\t\n\t\t\t\t\t\t\t<\/div>\n<div class=\"wp-block-columns row_xxl has-color-11-background-color has-background is-layout-flex wp-container-core-columns-is-layout-9d6595d7 wp-block-columns-is-layout-flex\">\n<div class=\"wp-block-column col-12 col-sm-12 col-md-10 col-lg-10 offset-sm-0 offset-md-1 offset-lg-1 is-layout-flow wp-block-column-is-layout-flow\">\n<div id=\"greyd-69e3f3c12905b\" class=\"wp-block-greyd-box gs_BADQNF greyd-content-box gs_BADQNF\">\n<p class=\"maven has-color-62-color has-text-color has-link-color wp-elements-d9ee8f7b132b1df98f7fb9888f639b2a\" style=\"font-size:0.9em\"><strong>Konzept, Screendesign und Umsetzung:<\/strong> RABOLD UND CO. e.U. \/ Design und Strategie f\u00fcr wirksame Marken \/ <a href=\"http:\/\/www.rabold.at\" target=\"_blank\" rel=\"noreferrer noopener\">www.rabold.at<br\/><\/a><strong>Fotos:<\/strong> Burg G\u00fcssing, Robert Br\u00fcnner Fotografie, Burgenland Tourismus\/Hafenscher<\/p>\n<\/div>\n<\/div>\n<\/div>\n<\/div>","protected":false},"excerpt":{"rendered":"<p>Medieninhaber, Herausgeber, Eigent\u00fcmer: Stiftung des Weiland F\u00fcrst Philipp Batthyany zur Erhaltung der alten G\u00fcssinger Burg 7540 G\u00fcssing, Batthyany-Stra\u00dfe 10Telefon: +43 (0) 3322 43400E-Mail: Stiftungsadministrator office@burgguessing.atInternet: www.burgguessing.atUID-Nummer: ATU 590 792 68 Postadresse Stiftung des Weiland F\u00fcrst Philipp Batthyany zur Erhaltung der alten G\u00fcssinger Burg 7540 G\u00fcssing, Batthyany-Stra\u00dfe 10<\/p>\n","protected":false},"author":1,"featured_media":0,"parent":0,"menu_order":0,"comment_status":"closed","ping_status":"closed","template":"","meta":{"greyd_block_editor_preview":[],"footnotes":""},"class_list":["post-1286","page","type-page","status-publish","hentry"],"_links":{"self":[{"href":"https:\/\/burgguessing.at\/en\/wp-json\/wp\/v2\/pages\/1286","targetHints":{"allow":["GET"]}}],"collection":[{"href":"https:\/\/burgguessing.at\/en\/wp-json\/wp\/v2\/pages"}],"about":[{"href":"https:\/\/burgguessing.at\/en\/wp-json\/wp\/v2\/types\/page"}],"author":[{"embeddable":true,"href":"https:\/\/burgguessing.at\/en\/wp-json\/wp\/v2\/users\/1"}],"replies":[{"embeddable":true,"href":"https:\/\/burgguessing.at\/en\/wp-json\/wp\/v2\/comments?post=1286"}],"version-history":[{"count":5,"href":"https:\/\/burgguessing.at\/en\/wp-json\/wp\/v2\/pages\/1286\/revisions"}],"predecessor-version":[{"id":1307,"href":"https:\/\/burgguessing.at\/en\/wp-json\/wp\/v2\/pages\/1286\/revisions\/1307"}],"wp:attachment":[{"href":"https:\/\/burgguessing.at\/en\/wp-json\/wp\/v2\/media?parent=1286"}],"curies":[{"name":"wp","href":"https:\/\/api.w.org\/{rel}","templated":true}]}}