{"id":1282,"date":"2023-11-07T11:56:43","date_gmt":"2023-11-07T10:56:43","guid":{"rendered":"https:\/\/burgguessing.at\/datenschutz\/"},"modified":"2024-05-15T19:56:00","modified_gmt":"2024-05-15T17:56:00","slug":"datenschutz","status":"publish","type":"page","link":"https:\/\/burgguessing.at\/en\/datenschutz\/","title":{"rendered":"Data privacy"},"content":{"rendered":"<div  class=\"gs_lIzJAu row_wrap has-background\"><div id='bg_69edf060b2d43' class='greyd-background bg_full'>\n\t\t\t\t\t\t\t\t<div class='bg_color'><\/div><div class='bg_image'  data-srcset='{\"full\":\"https:\\\/\\\/burgguessing.at\\\/wp-content\\\/uploads\\\/2024\\\/03\\\/Header_Kraeutergarten_1_Burgenland_Tourismus_Hafenscher.jpg\",\"150\":\"https:\\\/\\\/burgguessing.at\\\/wp-content\\\/uploads\\\/2024\\\/03\\\/Header_Kraeutergarten_1_Burgenland_Tourismus_Hafenscher-150x150.jpg\",\"300\":\"https:\\\/\\\/burgguessing.at\\\/wp-content\\\/uploads\\\/2024\\\/03\\\/Header_Kraeutergarten_1_Burgenland_Tourismus_Hafenscher-300x130.jpg\",\"768\":\"https:\\\/\\\/burgguessing.at\\\/wp-content\\\/uploads\\\/2024\\\/03\\\/Header_Kraeutergarten_1_Burgenland_Tourismus_Hafenscher-768x333.jpg\",\"1024\":\"https:\\\/\\\/burgguessing.at\\\/wp-content\\\/uploads\\\/2024\\\/03\\\/Header_Kraeutergarten_1_Burgenland_Tourismus_Hafenscher-1024x444.jpg\"}'><\/div>\n\t\t\t\t\t\t\t\t\n\t\t\t\t\t\t\t\t\n\t\t\t\t\t\t\t\t\n\t\t\t\t\t\t\t<\/div>\n<div class=\"wp-block-columns row_xxxl dyn has-color-33-background-color has-background is-layout-flex wp-container-core-columns-is-layout-9d6595d7 wp-block-columns-is-layout-flex\">\n<div class=\"wp-block-column col-12 col-sm-auto is-layout-flow wp-block-column-is-layout-flow\" style=\"padding-top:0px;padding-right:0px;padding-bottom:0px;padding-left:0px\"><div  class=\"row_wrap\">\n<div class=\"wp-block-columns row_xxl is-layout-flex wp-container-core-columns-is-layout-9d6595d7 wp-block-columns-is-layout-flex\">\n<div class=\"wp-block-column col-12 col-sm-auto is-layout-flow wp-block-column-is-layout-flow\">\n<div id=\"greyd-69edf060b2a88\" class=\"wp-block-greyd-box row_xxl dyn gs_OCyphH greyd-content-box gs_OCyphH flex-justify-flex-end\" style=\"margin-right: auto !important; margin-left: auto !important; \">\n<h1 class=\"has-text-align-right dyn has-color-62-color has-text-color has-h-2-font-size wp-block-heading\">Datenschutzerkl\u00e4rung<\/h1>\n<\/div>\n<\/div>\n<\/div>\n<\/div><\/div>\n<\/div>\n<\/div><div  class=\"gs_ntkCAd row_wrap\">\n<div class=\"wp-block-columns row_xxl is-layout-flex wp-container-core-columns-is-layout-9d6595d7 wp-block-columns-is-layout-flex\">\n<div class=\"wp-block-column col-12 col-sm-10 col-md-8 col-lg-8 offset-sm-1 offset-md-2 offset-lg-2 is-layout-flow wp-block-column-is-layout-flow\">\n<p class=\"maven\" style=\"font-size:0.9em\">Auf Grundlage der gesetzlichen Bestimmungen (DSGVO, TKG 2003). <\/p>\n\n\n\n<p class=\"maven\" style=\"font-size:0.9em\">Wir sehen es als selbstverst\u00e4ndlich an, die Privatsph\u00e4re unserer Kunden zu wahren und daher schenken wir dem Bereich Datenschutz bei personenbezogenen Daten besondere Aufmerksamkeit. Damit Sie jederzeit einen Einblick haben, welche Daten wir aufnehmen und wie diese verarbeitet werden, m\u00f6chten wir Ihnen im Folgenden aufzeigen, was unter personenbezogenen Daten verstanden wird und welche aktiven Ma\u00dfnahmen ergriffen werden, um Ihre Daten zu sch\u00fctzen. <\/p>\n\n\n\n<p class=\"maven\" style=\"font-size:0.9em\">Die Nutzung unserer Webseite ist in der Regel ohne Angabe personenbezogener Daten m\u00f6glich. Soweit auf unseren Seiten personenbezogene Daten (beispielsweise Name, Anschrift oder E-Mail-Adressen) erhoben werden, erfolgt dies, soweit m\u00f6glich, stets auf freiwilliger Basis. Diese Daten werden ohne deine ausdr\u00fcckliche Zustimmung nicht an Dritte weitergegeben.<\/p>\n\n\n\n<p class=\"maven\" style=\"font-size:0.9em\">Wir weisen darauf hin, dass die Daten\u00fcbertragung im Internet (z.B. bei der Kommunikation per E-Mail) Sicherheitsl\u00fccken aufweisen kann. Ein l\u00fcckenloser Schutz der Daten vor dem Zugriff durch Dritte ist nicht m\u00f6glich.<\/p>\n\n\n\n<h3 class=\"wp-block-heading\">Verantwortliche im Sinne der Datenschutzgrundverordnung:<\/h3>\n\n\n\n<p style=\"font-size:0.9em;font-style:normal;font-weight:700\">Stiftung des Weiland F\u00fcrst Philipp Batthyany zur Erhaltung der alten G\u00fcssinger Burg<\/p>\n\n\n\n<p style=\"font-size:0.9em\">7540 G\u00fcssing, Batthyany-Stra\u00dfe 10<br\/>E-Mail: <a href=\"mailto:office@burgguessing.at\">office@burgguessing.at<\/a><\/p>\n\n\n\n<p class=\"maven\" style=\"font-size:0.9em\">Wir nehmen Ihren Datenschutz sehr ernst und behandeln Ihre personenbezogenen Daten vertraulich und entsprechend der gesetzlichen Vorschriften.<br\/>Bedenken Sie, dass die Daten\u00fcbertragung im Internet grunds\u00e4tzlich mit Sicherheitsl\u00fccken bedacht sein kann. Ein vollumf\u00e4nglicher Schutz vor dem Zugriff durch Fremde ist nicht realisierbar.<\/p>\n\n\n\n<h3 class=\"wp-block-heading\">Automatisierte Datenerhebung \/ Zugriffsdaten<\/h3>\n\n\n\n<p class=\"maven\" style=\"font-size:0.9em\">Beim blo\u00df informatorischen Besuch unserer Webseite, also wenn Sie sich nicht zur Nutzung unserer Services registrieren oder uns sonst Informationen \u00fcbermitteln, \u00fcbermittelt Ihr Internetbrowser bzw. Ihr Mobilger\u00e4t aus technischen Gr\u00fcnden regelm\u00e4\u00dfig automatisch nicht-personenbezogene Daten (u.a. Besuchte Website, Uhrzeit zum Zeitpunkt des Zugriffes, Menge der gesendeten Daten in Byte, Quelle\/Verweis, von welchem Sie auf die Seite gelangten, Verwendeter Browser, Verwendetes Betriebssystem, Verwendete IP-Adresse, Zugriffsstatus\/HTTP- Statuscode), die wir in einer Protokolldatei speichern. Diese Daten werden ausschlie\u00dflich aus technischen Gr\u00fcnden zur Sicherstellung eines st\u00f6rungsfreien Betriebs der Webseite zur Verbesserung unseres Angebots gespeichert und ausgewertet, erlauben uns aber keinen R\u00fcckschluss auf Ihre Person. <\/p>\n\n\n\n<h3 class=\"wp-block-heading\">Cookies<\/h3>\n\n\n\n<p class=\"maven\" style=\"font-size:0.9em\">Diese Website verwendet Cookies. Dabei handelt es sich um kleine Textdateien, welche auf Ihrem Endger\u00e4t gespeichert werden. Ihr Browser greift auf diese Dateien zu. Durch den Einsatz von Cookies erh\u00f6ht sich die Benutzerfreundlichkeit und Sicherheit dieser Website. G\u00e4ngige Browser bieten die Einstellungsoption, Cookies nicht zuzulassen. Hinweis: Es ist nicht gew\u00e4hrleistet, dass Sie auf alle Funktionen dieser Website ohne Einschr\u00e4nkungen zugreifen k\u00f6nnen, wenn Sie entsprechende Einstellungen vornehmen. Bei der Nichtannahme von Cookies kann jedoch die Funktionalit\u00e4t unserer Website eingeschr\u00e4nkt sein. Nachfolgend findest du Informationen zu den von uns eingesetzten Cookies und der Einstellungsm\u00f6glichkeit deines Browsers. Welche Arten von Cookies werden verwendet?<\/p>\n\n\n\n<p class=\"maven\" style=\"font-size:0.9em\"><strong>Analytische-\/Leistungs-Cookies<\/strong><\/p>\n\n\n\n<p class=\"maven\" style=\"font-size:0.9em\">Diese Cookies erm\u00f6glichen es anonymisierte Daten \u00fcber das Nutzungsverhalten unserer Besucher zu sammeln. Diese werden von uns dann ausgewertet, um bspw. die Funktionalit\u00e4t der Webseite zu verbessern und dir interessante Angebote anzuzeigen.<\/p>\n\n\n\n<p class=\"maven\" style=\"font-size:0.9em\"><strong>Funktional-Cookies <\/strong><\/p>\n\n\n\n<p class=\"maven\" style=\"font-size:0.9em\">Diese Cookies werden f\u00fcr bestimmte Funktionalit\u00e4ten unserer Webseite verwendet, z.B. um einen besseren Navigationsfluss auf unsere Webseite vorzuschlagen, personalisierte und relevante Informationen aufzuzeigen.<\/p>\n\n\n\n<h5 class=\"maven wp-block-heading\">Wie kann ich die Cookie Einstellungen meines Browsers konfigurieren? <\/h5>\n\n\n\n<p class=\"maven\" style=\"font-size:0.9em\">Jeder Browser unterscheidet sich in der Art, wie er die Cookie-Einstellungen verwaltet. Diese ist in dem Hilfemen\u00fc jedes Browsers beschrieben, welche Ihnen erl\u00e4utert, wie Sie ihre Cookie-Einstellungen \u00e4ndern k\u00f6nnen. <\/p>\n\n\n\n<h3 class=\"wp-block-heading\">Rechte des Nutzers: Auskunft, Berichtigung und L\u00f6schung<\/h3>\n\n\n\n<p class=\"maven\" style=\"font-size:0.9em\">Bei Fragen zur Erhebung, Verarbeitung oder Nutzung Ihrer personenbezogenen Daten, bei Ausk\u00fcnften, Berichtigung, Sperrung oder L\u00f6schung von Daten sowie Widerruf ggf. erteilter Einwilligungen oder Widerspruch gegen eine bestimmte Datenverwendung wenden Sie sich bitte an <a href=\"mailto:office@burgguessing.at\">office@burgguessing.at<\/a> oder an die Stiftung des Weiland F\u00fcrst Philipp Batthyany zur Erhaltung der alten G\u00fcssinger Burg, <a href=\"https:\/\/www.burgguessing.at\/impressum\" data-type=\"link\" data-id=\"https:\/\/www.burgguessing.at\/impressum\">www.burgguessing.at\/impressum\/<\/a> Sofern Ihr Wunsch nicht mit einer gesetzlichen Pflicht zur Aufbewahrung von Daten (z. B. Vorratsdatenspeicherung) kollidiert, haben Sie ein Anrecht auf Berichtigung falscher Daten und auf die Sperrung oder L\u00f6schung Ihrer personenbezogenen Daten.<\/p>\n\n\n\n<p class=\"maven\" style=\"font-size:0.9em\"><strong>\u00c4nderungen dieser Datenschutzerkl\u00e4rung<\/strong><\/p>\n\n\n\n<p class=\"maven\" style=\"font-size:0.9em\">Die Stiftung des Weiland F\u00fcrst Philipp Batthyany zur Erhaltung der alten G\u00fcssinger Burg beh\u00e4lt sich das Recht vor, diese Datenschutzerkl\u00e4rung jederzeit unter Beachtung der geltenden Datenschutzbestimmungen zu \u00e4ndern. <\/p>\n\n\n<div  class=\"spacer_wrap\" aria-hidden=\"true\"><div class=\"wp-block-spacer inner-sm\" style=\"height:calc(2em * 0.4)\" aria-hidden=\"true\"><\/div><div class=\"wp-block-spacer inner-md\" style=\"height:calc(2em * 0.6)\" aria-hidden=\"true\"><\/div><div class=\"wp-block-spacer inner-lg\" style=\"height:calc(2em * 0.8)\" aria-hidden=\"true\"><\/div><div class=\"wp-block-spacer inner-xl\" style=\"height:2em\" aria-hidden=\"true\"><\/div><\/div>\n\n\n<p>Der Nutzung von im Rahmen der Impressumspflicht ver\u00f6ffentlichten Kontaktdaten durch Dritte zur \u00dcbersendung von nicht ausdr\u00fccklich angeforderter Werbung und Informationsmaterialien wird hiermit ausdr\u00fccklich widersprochen. Die Betreiber der Seiten behalten sich ausdr\u00fccklich rechtliche Schritte im Falle der unverlangten Zusendung von Werbeinformationen, etwa durch Spam-Mails, vor.<\/p>\n<\/div>\n<\/div>\n<\/div>","protected":false},"excerpt":{"rendered":"<p>Auf Grundlage der gesetzlichen Bestimmungen (DSGVO, TKG 2003). Wir sehen es als selbstverst\u00e4ndlich an, die Privatsph\u00e4re unserer Kunden zu wahren und daher schenken wir dem Bereich Datenschutz bei personenbezogenen Daten besondere Aufmerksamkeit. Damit Sie jederzeit einen Einblick haben, welche Daten wir aufnehmen und wie diese verarbeitet werden, m\u00f6chten wir Ihnen im Folgenden aufzeigen, was unter [&hellip;]<\/p>\n","protected":false},"author":1,"featured_media":0,"parent":0,"menu_order":0,"comment_status":"closed","ping_status":"closed","template":"","meta":{"greyd_block_editor_preview":[],"footnotes":""},"class_list":["post-1282","page","type-page","status-publish","hentry"],"_links":{"self":[{"href":"https:\/\/burgguessing.at\/en\/wp-json\/wp\/v2\/pages\/1282","targetHints":{"allow":["GET"]}}],"collection":[{"href":"https:\/\/burgguessing.at\/en\/wp-json\/wp\/v2\/pages"}],"about":[{"href":"https:\/\/burgguessing.at\/en\/wp-json\/wp\/v2\/types\/page"}],"author":[{"embeddable":true,"href":"https:\/\/burgguessing.at\/en\/wp-json\/wp\/v2\/users\/1"}],"replies":[{"embeddable":true,"href":"https:\/\/burgguessing.at\/en\/wp-json\/wp\/v2\/comments?post=1282"}],"version-history":[{"count":5,"href":"https:\/\/burgguessing.at\/en\/wp-json\/wp\/v2\/pages\/1282\/revisions"}],"predecessor-version":[{"id":1311,"href":"https:\/\/burgguessing.at\/en\/wp-json\/wp\/v2\/pages\/1282\/revisions\/1311"}],"wp:attachment":[{"href":"https:\/\/burgguessing.at\/en\/wp-json\/wp\/v2\/media?parent=1282"}],"curies":[{"name":"wp","href":"https:\/\/api.w.org\/{rel}","templated":true}]}}