{"id":1231,"date":"2023-11-07T11:56:26","date_gmt":"2023-11-07T10:56:26","guid":{"rendered":"https:\/\/burgguessing.at\/contact\/"},"modified":"2024-05-09T21:21:07","modified_gmt":"2024-05-09T19:21:07","slug":"contact","status":"publish","type":"page","link":"https:\/\/burgguessing.at\/en\/contact\/","title":{"rendered":"Contact"},"content":{"rendered":"<div  class=\"gs_lIzJAu row_wrap has-background\"><div id='bg_69d5944882696' class='greyd-background bg_full'>\n\t\t\t\t\t\t\t\t<div class='bg_color'><\/div><div class='bg_image'  data-srcset='{\"full\":\"https:\\\/\\\/burgguessing.at\\\/wp-content\\\/uploads\\\/2024\\\/03\\\/Header_Burg_2_robert_bruenner_fotografie.jpg\",\"150\":\"https:\\\/\\\/burgguessing.at\\\/wp-content\\\/uploads\\\/2024\\\/03\\\/Header_Burg_2_robert_bruenner_fotografie-150x150.jpg\",\"300\":\"https:\\\/\\\/burgguessing.at\\\/wp-content\\\/uploads\\\/2024\\\/03\\\/Header_Burg_2_robert_bruenner_fotografie-300x130.jpg\",\"768\":\"https:\\\/\\\/burgguessing.at\\\/wp-content\\\/uploads\\\/2024\\\/03\\\/Header_Burg_2_robert_bruenner_fotografie-768x333.jpg\",\"1024\":\"https:\\\/\\\/burgguessing.at\\\/wp-content\\\/uploads\\\/2024\\\/03\\\/Header_Burg_2_robert_bruenner_fotografie-1024x444.jpg\"}'><\/div>\n\t\t\t\t\t\t\t\t\n\t\t\t\t\t\t\t\t\n\t\t\t\t\t\t\t\t\n\t\t\t\t\t\t\t<\/div>\n<div class=\"wp-block-columns row_xxxl dyn has-color-33-background-color has-background is-layout-flex wp-container-core-columns-is-layout-9d6595d7 wp-block-columns-is-layout-flex\">\n<div class=\"wp-block-column col-12 col-sm-auto is-layout-flow wp-block-column-is-layout-flow\" style=\"padding-top:0px;padding-right:0px;padding-bottom:0px;padding-left:0px\"><div  class=\"row_wrap\">\n<div class=\"wp-block-columns row_xxl is-layout-flex wp-container-core-columns-is-layout-9d6595d7 wp-block-columns-is-layout-flex\">\n<div class=\"wp-block-column col-12 col-sm-auto is-layout-flow wp-block-column-is-layout-flow\">\n<div id=\"greyd-69d594488248f\" class=\"wp-block-greyd-box row_xxl dyn gs_OCyphH greyd-content-box gs_OCyphH flex-justify-flex-end\" style=\"margin-right: auto !important; margin-left: auto !important; \">\n<h1 class=\"has-text-align-right dyn has-color-62-color has-text-color has-h-2-font-size wp-block-heading\">Contact<\/h1>\n<\/div>\n<\/div>\n<\/div>\n<\/div><\/div>\n<\/div>\n<\/div><div  class=\"gs_WgHCbq row_wrap\">\n<div class=\"wp-block-columns row_xxl is-layout-flex wp-container-core-columns-is-layout-9d6595d7 wp-block-columns-is-layout-flex\">\n<div class=\"wp-block-column col-12 col-sm-12 col-md-10 col-lg-10 offset-md-1 offset-lg-1 is-layout-flow wp-block-column-is-layout-flow\">\n<h2 class=\"wp-block-heading gs_jFfFbK\" style=\"font-size:2em\">Contact<\/h2>\n\n\n\n<p>Address for booking enquiries and guided tours of the castle museum for travel agencies, coach tours and associations:<\/p>\n\n\n\n<h5 class=\"wp-block-heading gs_4I4lcn\">BURG G\u00dcSSING (G\u00fcssing Castle)<\/h5>\n\n\n\n<p>7540 G\u00fcssing, Batthyany-Stra\u00dfe 10<br\/>Phone: +43 (0) 3322 43400<br\/>E-Mail: <a href=\"mailto:office@burgguessing.at\">office@burgguessing.at<\/a><\/p>\n\n\n\n<h3 class=\"wp-block-heading gs_nszXuy\">Additional contact details<\/h3>\n\n\n<div  class=\"row_wrap\">\n<div class=\"wp-block-columns row_xxl is-layout-flex wp-container-core-columns-is-layout-9d6595d7 wp-block-columns-is-layout-flex\">\n<div class=\"wp-block-column col-12 col-sm-auto is-layout-flow wp-block-column-is-layout-flow\">\n<h5 class=\"wp-block-heading\">BURGSTIFTUNG (Foundation for the Preservation of G\u00fcssing Castle)<\/h5>\n\n\n\n<p style=\"font-style:normal;font-weight:700\">Stiftung des Weiland F\u00fcrst Philipp Batthyany zur Erhaltung der alten G\u00fcssinger Burg<\/p>\n\n\n\n<p>7540 G\u00fcssing, Batthyany-Stra\u00dfe 10<br\/>E-Mail: <a href=\"mailto:office@burgguessing.at\">office@burgguessing.at<\/a><\/p>\n<\/div>\n\n\n\n<div class=\"wp-block-column col-12 col-sm-auto is-layout-flow wp-block-column-is-layout-flow\">\n<h5 class=\"wp-block-heading\">KLOSTERSTIFTUNG (Foundation for the Preservation of G\u00fcssing Monastery)<\/h5>\n\n\n\n<p style=\"font-style:normal;font-weight:700\">Stiftung des Weiland F\u00fcrst Philipp Batthyany zur Erhaltung der alten G\u00fcssinger Burg<\/p>\n\n\n\n<p>7540 G\u00fcssing, Batthyany-Stra\u00dfe 10<br\/>E-Mail: <a href=\"mailto:office@burgguessing.at\">office@burgguessing.at<\/a><\/p>\n<\/div>\n<\/div>\n<\/div>\n\n<div  class=\"gs_uhybIb row_wrap\">\n<div class=\"wp-block-columns row_xxl is-layout-flex wp-container-core-columns-is-layout-9d6595d7 wp-block-columns-is-layout-flex\">\n<div class=\"wp-block-column col-12 col-sm-auto is-layout-flow wp-block-column-is-layout-flow\">\n<h5 class=\"wp-block-heading\">TOURISMUSVERBAND S\u00dcDBURGENLAND (South Burgenland Tourist Association)<\/h5>\n\n\n\n<p>7540 G\u00fcssing, Hauptplatz 7 (Rathaus)<br\/>Phone: +43 (0)57 610<br\/>E-Mail: <a href=\"mailto:sued@burgenland.info\">sued@burgenland.info<\/a><\/p>\n\n\n\n<p style=\"font-style:normal;font-weight:700\"><span class=\"is-button button is-style-prim small\" data-type=\"link\" data-params=\"{\" url=\"\">www.suedburgenland.info<\/span><\/p>\n<\/div>\n\n\n\n<div class=\"wp-block-column col-12 col-sm-auto is-layout-flow wp-block-column-is-layout-flow\">\n<h5 class=\"wp-block-heading\">Contact details for the Batthyany foundation family<\/h5>\n\n\n\n<p>Phone: +43 676 39 64 185<br\/>E-Mail: <a href=\"mailto:info@batthyany.at\">info@batthyany.at<\/a><\/p>\n\n\n\n<p><span class=\"is-button button is-style-prim small\" data-type=\"link\" data-params=\"{\" url=\"\">www.batthyany.at<\/span><\/p>\n<\/div>\n<\/div>\n<\/div><\/div>\n<\/div>\n<\/div>","protected":false},"excerpt":{"rendered":"<p>Contact Address for booking enquiries and guided tours of the castle museum for travel agencies, coach tours and associations: BURG G\u00dcSSING (G\u00fcssing Castle) 7540 G\u00fcssing, Batthyany-Stra\u00dfe 10Phone: +43 (0) 3322 43400E-Mail: office@burgguessing.at Additional contact details BURGSTIFTUNG (Foundation for the Preservation of G\u00fcssing Castle) Stiftung des Weiland F\u00fcrst Philipp Batthyany zur Erhaltung der alten G\u00fcssinger Burg [&hellip;]<\/p>\n","protected":false},"author":1,"featured_media":0,"parent":0,"menu_order":0,"comment_status":"closed","ping_status":"closed","template":"","meta":{"greyd_block_editor_preview":[],"footnotes":""},"class_list":["post-1231","page","type-page","status-publish","hentry"],"_links":{"self":[{"href":"https:\/\/burgguessing.at\/en\/wp-json\/wp\/v2\/pages\/1231","targetHints":{"allow":["GET"]}}],"collection":[{"href":"https:\/\/burgguessing.at\/en\/wp-json\/wp\/v2\/pages"}],"about":[{"href":"https:\/\/burgguessing.at\/en\/wp-json\/wp\/v2\/types\/page"}],"author":[{"embeddable":true,"href":"https:\/\/burgguessing.at\/en\/wp-json\/wp\/v2\/users\/1"}],"replies":[{"embeddable":true,"href":"https:\/\/burgguessing.at\/en\/wp-json\/wp\/v2\/comments?post=1231"}],"version-history":[{"count":3,"href":"https:\/\/burgguessing.at\/en\/wp-json\/wp\/v2\/pages\/1231\/revisions"}],"predecessor-version":[{"id":1234,"href":"https:\/\/burgguessing.at\/en\/wp-json\/wp\/v2\/pages\/1231\/revisions\/1234"}],"wp:attachment":[{"href":"https:\/\/burgguessing.at\/en\/wp-json\/wp\/v2\/media?parent=1231"}],"curies":[{"name":"wp","href":"https:\/\/api.w.org\/{rel}","templated":true}]}}