{"id":1227,"date":"2024-05-01T10:29:11","date_gmt":"2024-05-01T08:29:11","guid":{"rendered":"https:\/\/burgguessing.at\/accommodation\/"},"modified":"2024-05-15T19:52:25","modified_gmt":"2024-05-15T17:52:25","slug":"accommodation","status":"publish","type":"page","link":"https:\/\/burgguessing.at\/en\/accommodation\/","title":{"rendered":"Accommodation"},"content":{"rendered":"<div  class=\"gs_lIzJAu row_wrap has-background\"><div id='bg_69f2b6f4c2f39' class='greyd-background bg_full'>\n\t\t\t\t\t\t\t\t<div class='bg_color'><\/div><div class='bg_image'  data-srcset='{\"full\":\"https:\\\/\\\/burgguessing.at\\\/wp-content\\\/uploads\\\/2024\\\/05\\\/Guessing-1-scaled.jpg\",\"150\":\"https:\\\/\\\/burgguessing.at\\\/wp-content\\\/uploads\\\/2024\\\/05\\\/Guessing-1-150x150.jpg\",\"300\":\"https:\\\/\\\/burgguessing.at\\\/wp-content\\\/uploads\\\/2024\\\/05\\\/Guessing-1-300x150.jpg\",\"768\":\"https:\\\/\\\/burgguessing.at\\\/wp-content\\\/uploads\\\/2024\\\/05\\\/Guessing-1-768x384.jpg\",\"1024\":\"https:\\\/\\\/burgguessing.at\\\/wp-content\\\/uploads\\\/2024\\\/05\\\/Guessing-1-1024x512.jpg\",\"1536\":\"https:\\\/\\\/burgguessing.at\\\/wp-content\\\/uploads\\\/2024\\\/05\\\/Guessing-1-1536x768.jpg\",\"2048\":\"https:\\\/\\\/burgguessing.at\\\/wp-content\\\/uploads\\\/2024\\\/05\\\/Guessing-1-2048x1024.jpg\"}'><\/div>\n\t\t\t\t\t\t\t\t\n\t\t\t\t\t\t\t\t\n\t\t\t\t\t\t\t\t\n\t\t\t\t\t\t\t<\/div>\n<div class=\"wp-block-columns row_xxxl dyn has-color-33-background-color has-background is-layout-flex wp-container-core-columns-is-layout-9d6595d7 wp-block-columns-is-layout-flex\">\n<div class=\"wp-block-column col-12 col-sm-auto is-layout-flow wp-block-column-is-layout-flow\" style=\"padding-top:0px;padding-right:0px;padding-bottom:0px;padding-left:0px\"><div  class=\"row_wrap\">\n<div class=\"wp-block-columns row_xxl is-layout-flex wp-container-core-columns-is-layout-9d6595d7 wp-block-columns-is-layout-flex\">\n<div class=\"wp-block-column col-12 col-sm-auto is-layout-flow wp-block-column-is-layout-flow\">\n<div id=\"greyd-69f2b6f4c2c57\" class=\"wp-block-greyd-box row_xxl dyn gs_OCyphH greyd-content-box gs_OCyphH flex-justify-flex-end\" style=\"margin-right: auto !important; margin-left: auto !important; \">\n<h1 class=\"has-text-align-right dyn has-color-62-color has-text-color has-h-2-font-size wp-block-heading\">Accommodation<\/h1>\n<\/div>\n<\/div>\n<\/div>\n<\/div><\/div>\n<\/div>\n<\/div><div  class=\"dynamic dyn\"><div  class=\"gs_D1taFR row_wrap has-background\"><div id='bg_69f2b6f4c3945' class='greyd-background bg_full'>\n\t\t\t\t\t\t\t\t<div class='bg_color'><\/div>\n\t\t\t\t\t\t\t\t\n\t\t\t\t\t\t\t\t\n\t\t\t\t\t\t\t\t\n\t\t\t\t\t\t\t<\/div>\n<div class=\"wp-block-columns row_xxl has-color-11-background-color has-background is-layout-flex wp-container-core-columns-is-layout-9d6595d7 wp-block-columns-is-layout-flex\">\n<div class=\"wp-block-column col-12 col-sm-auto is-layout-flow wp-block-column-is-layout-flow\"><div  class=\"row_wrap\">\n<div class=\"wp-block-columns row_xxl is-layout-flex wp-container-core-columns-is-layout-9d6595d7 wp-block-columns-is-layout-flex\">\n<div class=\"wp-block-column col-12 col-sm-12 col-md-10 col-lg-10 offset-sm-0 offset-md-1 offset-lg-1 is-layout-flow wp-block-column-is-layout-flow\">\n<h3 class=\"has-text-align-center dyn has-color-62-color has-text-color has-link-color wp-block-heading wp-elements-a9db17befae50c7631a01b9274d294fe gs_yGX8dP\" style=\"font-size:1.75em;font-style:normal;font-weight:700\">Accommodation \u2013 Hotels \u2013 Private rooms \u2013 Kellerst\u00f6ckl<\/h3>\n\n\n\n<p class=\"has-text-align-center dyn has-color-62-color has-text-color has-link-color wp-elements-36e0d960853b833ecfd8464acb6e2e38\">Suitable accommodation options are listed on the G\u00fcssing town website and on the \u201cS\u00fcdburgenland-Tourismus\u201d website.<br><br><span class=\"is-button button is-style-trd small\" data-type=\"link\" data-params=\"{\"url\":\"www.guessing.co.at\",\"id\":\"www.guessing.co.at\",\"title\":\"www.guessing.co.at\",\"type\":\"link\",\"opensInNewTab\":true}\">VISIT THE G\u00dcSSING TOWN WEBSITE<\/span><\/p>\n<\/div>\n<\/div>\n<\/div><\/div>\n<\/div>\n<\/div><\/div><div  class=\"gs_LtQq6u row_wrap\">\n<div class=\"wp-block-columns dyn is-layout-flex wp-container-core-columns-is-layout-9d6595d7 wp-block-columns-is-layout-flex\">\n<div class=\"wp-block-column col-12 col-sm-12 col-md-10 col-lg-10 offset-sm-0 offset-md-1 offset-lg-1 is-layout-flow wp-block-column-is-layout-flow\">\n<h3 class=\"has-text-align-center wp-block-heading\">Tourismusverband S\u00fcdburgenland (South Burgenland Tourist Association)<\/h3>\n\n\n<div  class=\"gs_rKxrHh row_wrap\">\n<div class=\"wp-block-columns row_xxl is-layout-flex wp-container-core-columns-is-layout-9d6595d7 wp-block-columns-is-layout-flex\">\n<div class=\"wp-block-column col-12 col-sm-auto is-layout-flow wp-block-column-is-layout-flow\">\n<p class=\"has-text-align-center\"><strong>G\u00fcssing office<\/strong><br\/>Hauptplatz 7, 7540 G\u00fcssing<br\/>Phone: +43 (0) 57 610<\/p>\n<\/div>\n\n\n\n<div class=\"wp-block-column col-12 col-sm-auto is-layout-flow wp-block-column-is-layout-flow\">\n<p class=\"has-text-align-center\"><strong>Stegersbach office<\/strong><br\/>Thermenstra\u00dfe 12, 7551 Stegersbach<br\/>Phone: +43 (0) 57 610 310<\/p>\n<\/div>\n<\/div>\n<\/div>\n\n\n<div class=\"wp-block-greyd-buttons aligncenter\">\n<a  href=\"mailto:sued@burgenland.info\u2028?subject=Kontaktanfrage N\u00e4chtigung\" class=\"button gs_kkIU1y \">ENQUIRE<\/a>\n\n\n\n<a  href=\"https:\/\/www.suedburgenland.info\" target=\"_blank\" title=\"www.suedburgenland.info\" class=\"button gs_aCQDx4 \">TO THE WEBSITE<\/a>\n<\/div>\n<\/div>\n<\/div>\n<\/div>","protected":false},"excerpt":{"rendered":"<p>Tourismusverband S\u00fcdburgenland (South Burgenland Tourist Association) G\u00fcssing officeHauptplatz 7, 7540 G\u00fcssingPhone: +43 (0) 57 610 Stegersbach officeThermenstra\u00dfe 12, 7551 StegersbachPhone: +43 (0) 57 610 310<\/p>\n","protected":false},"author":1,"featured_media":0,"parent":0,"menu_order":0,"comment_status":"closed","ping_status":"closed","template":"","meta":{"greyd_block_editor_preview":[],"footnotes":""},"class_list":["post-1227","page","type-page","status-publish","hentry"],"_links":{"self":[{"href":"https:\/\/burgguessing.at\/en\/wp-json\/wp\/v2\/pages\/1227","targetHints":{"allow":["GET"]}}],"collection":[{"href":"https:\/\/burgguessing.at\/en\/wp-json\/wp\/v2\/pages"}],"about":[{"href":"https:\/\/burgguessing.at\/en\/wp-json\/wp\/v2\/types\/page"}],"author":[{"embeddable":true,"href":"https:\/\/burgguessing.at\/en\/wp-json\/wp\/v2\/users\/1"}],"replies":[{"embeddable":true,"href":"https:\/\/burgguessing.at\/en\/wp-json\/wp\/v2\/comments?post=1227"}],"version-history":[{"count":7,"href":"https:\/\/burgguessing.at\/en\/wp-json\/wp\/v2\/pages\/1227\/revisions"}],"predecessor-version":[{"id":1303,"href":"https:\/\/burgguessing.at\/en\/wp-json\/wp\/v2\/pages\/1227\/revisions\/1303"}],"wp:attachment":[{"href":"https:\/\/burgguessing.at\/en\/wp-json\/wp\/v2\/media?parent=1227"}],"curies":[{"name":"wp","href":"https:\/\/api.w.org\/{rel}","templated":true}]}}