{"id":1195,"date":"2024-05-01T10:17:09","date_gmt":"2024-05-01T08:17:09","guid":{"rendered":"https:\/\/burgguessing.at\/getting-here\/"},"modified":"2024-05-09T20:50:15","modified_gmt":"2024-05-09T18:50:15","slug":"getting-here","status":"publish","type":"page","link":"https:\/\/burgguessing.at\/en\/getting-here\/","title":{"rendered":"Getting here"},"content":{"rendered":"<div  class=\"gs_lIzJAu row_wrap has-background\"><div id='bg_69d5942ed77cc' class='greyd-background bg_full'>\n\t\t\t\t\t\t\t\t<div class='bg_color'><\/div><div class='bg_image'  data-srcset='{\"full\":\"https:\\\/\\\/burgguessing.at\\\/wp-content\\\/uploads\\\/2024\\\/05\\\/Flug-M-12_web.jpg\",\"150\":\"https:\\\/\\\/burgguessing.at\\\/wp-content\\\/uploads\\\/2024\\\/05\\\/Flug-M-12_web-150x150.jpg\",\"300\":\"https:\\\/\\\/burgguessing.at\\\/wp-content\\\/uploads\\\/2024\\\/05\\\/Flug-M-12_web-300x120.jpg\",\"768\":\"https:\\\/\\\/burgguessing.at\\\/wp-content\\\/uploads\\\/2024\\\/05\\\/Flug-M-12_web-768x307.jpg\",\"1024\":\"https:\\\/\\\/burgguessing.at\\\/wp-content\\\/uploads\\\/2024\\\/05\\\/Flug-M-12_web-1024x409.jpg\"}'><\/div>\n\t\t\t\t\t\t\t\t\n\t\t\t\t\t\t\t\t\n\t\t\t\t\t\t\t\t\n\t\t\t\t\t\t\t<\/div>\n<div class=\"wp-block-columns row_xxxl dyn has-color-33-background-color has-background is-layout-flex wp-container-core-columns-is-layout-9d6595d7 wp-block-columns-is-layout-flex\">\n<div class=\"wp-block-column col-12 col-sm-auto is-layout-flow wp-block-column-is-layout-flow\" style=\"padding-top:0px;padding-right:0px;padding-bottom:0px;padding-left:0px\"><div  class=\"row_wrap\">\n<div class=\"wp-block-columns row_xxl is-layout-flex wp-container-core-columns-is-layout-9d6595d7 wp-block-columns-is-layout-flex\">\n<div class=\"wp-block-column col-12 col-sm-auto is-layout-flow wp-block-column-is-layout-flow\">\n<div id=\"greyd-69d5942ed75a5\" class=\"wp-block-greyd-box row_xxl dyn gs_OCyphH greyd-content-box gs_OCyphH flex-justify-flex-end\" style=\"margin-right: auto !important; margin-left: auto !important; \">\n<h1 class=\"has-text-align-right dyn has-color-62-color has-text-color has-h-2-font-size wp-block-heading\">Getting here<\/h1>\n<\/div>\n<\/div>\n<\/div>\n<\/div><\/div>\n<\/div>\n<\/div><div  class=\"gs_F5tVjp row_wrap\">\n<div class=\"wp-block-columns row_xxl is-layout-flex wp-container-core-columns-is-layout-9d6595d7 wp-block-columns-is-layout-flex\">\n<div class=\"wp-block-column col-12 col-sm-12 col-md-10 col-lg-10 offset-sm-0 offset-md-1 offset-lg-1 is-layout-flow wp-block-column-is-layout-flow\">\n<h3 class=\"has-text-align-center dyn wp-block-heading gs_ctvgct\" style=\"font-size:1.3em\">Arriving by car<\/h3>\n\n\n\n<p class=\"has-text-align-center dyn\"><strong>From Vienna:<\/strong> Autobahn A2, exit Lafnitztal, approx. 30 min on the B57 to G\u00fcssing<br><strong>From Graz: <\/strong> Autobahn A2, exit Ilz\/F\u00fcrstenfeld, approx. 30 min further to G\u00fcssing<br><br><strong>Navigation address: 7540 G\u00fcssing, Batthyany-Strasse 10<\/strong><\/p>\n<\/div>\n<\/div>\n<\/div><div  class=\"gs_F5tVjp row_wrap\">\n<div class=\"wp-block-columns row_xxl is-layout-flex wp-container-core-columns-is-layout-9d6595d7 wp-block-columns-is-layout-flex\">\n<div class=\"wp-block-column col-12 col-sm-12 col-md-10 col-lg-10 offset-sm-0 offset-md-1 offset-lg-1 is-layout-flow wp-block-column-is-layout-flow\">\n<h3 class=\"has-text-align-center dyn wp-block-heading gs_ctvgct\" style=\"font-size:1.3em\">Arriving by public transport<\/h3>\n\n\n\n<p class=\"has-text-align-center dyn\"><strong>Verkehrsbetriebe Burgenland GmbH (bus operator)<\/strong><br>Europastra\u00dfe 1, 7540 G\u00fcssing<br>Phone: +43 (0) 800 500 805<br>E-Mail: <a href=\"mailto:office@verkehrsbetriebe-burgenland.at\">office@verkehrsbetriebe-burgenland.at<\/a><br><br><span class=\"is-button button is-style-prim small\" data-type=\"link\" data-params=\"{\"url\":\"www.verkehrsbetriebe-burgenland.at\",\"id\":\"www.verkehrsbetriebe-burgenland.at\",\"title\":\"www.verkehrsbetriebe-burgenland.at\",\"type\":\"link\",\"opensInNewTab\":true}\">www.verkehrsbetriebe-burgenland.at<\/span><\/p>\n<\/div>\n<\/div>\n<\/div>","protected":false},"excerpt":{"rendered":"","protected":false},"author":1,"featured_media":0,"parent":0,"menu_order":0,"comment_status":"closed","ping_status":"closed","template":"","meta":{"greyd_block_editor_preview":[],"footnotes":""},"class_list":["post-1195","page","type-page","status-publish","hentry"],"_links":{"self":[{"href":"https:\/\/burgguessing.at\/en\/wp-json\/wp\/v2\/pages\/1195","targetHints":{"allow":["GET"]}}],"collection":[{"href":"https:\/\/burgguessing.at\/en\/wp-json\/wp\/v2\/pages"}],"about":[{"href":"https:\/\/burgguessing.at\/en\/wp-json\/wp\/v2\/types\/page"}],"author":[{"embeddable":true,"href":"https:\/\/burgguessing.at\/en\/wp-json\/wp\/v2\/users\/1"}],"replies":[{"embeddable":true,"href":"https:\/\/burgguessing.at\/en\/wp-json\/wp\/v2\/comments?post=1195"}],"version-history":[{"count":3,"href":"https:\/\/burgguessing.at\/en\/wp-json\/wp\/v2\/pages\/1195\/revisions"}],"predecessor-version":[{"id":1198,"href":"https:\/\/burgguessing.at\/en\/wp-json\/wp\/v2\/pages\/1195\/revisions\/1198"}],"wp:attachment":[{"href":"https:\/\/burgguessing.at\/en\/wp-json\/wp\/v2\/media?parent=1195"}],"curies":[{"name":"wp","href":"https:\/\/api.w.org\/{rel}","templated":true}]}}