{"id":1187,"date":"2023-10-18T09:37:07","date_gmt":"2023-10-18T07:37:07","guid":{"rendered":"https:\/\/burgguessing.at\/home\/"},"modified":"2025-10-06T12:28:23","modified_gmt":"2025-10-06T10:28:23","slug":"home","status":"publish","type":"page","link":"https:\/\/burgguessing.at\/en\/","title":{"rendered":"Home"},"content":{"rendered":"<div  class=\"gs_NLgHWM row_wrap\">\n<div class=\"wp-block-columns is-layout-flex wp-container-core-columns-is-layout-9d6595d7 wp-block-columns-is-layout-flex\">\n<div class=\"wp-block-column col-12 col-sm-auto is-layout-flow wp-block-column-is-layout-flow\" style=\"padding-top:0px;padding-right:0px;padding-bottom:0px;padding-left:0px\">\n<div class=\"wp-block-query is-layout-flow wp-block-query-is-layout-flow\"><\/div>\n<\/div>\n<\/div>\n<\/div><div  class=\"gs_jfPTRb row_wrap has-background\"><div id='bg_69d72c2c68895' class='greyd-background bg_full'>\n\t\t\t\t\t\t\t\t<div class='bg_color'><\/div>\n\t\t\t\t\t\t\t\t\n\t\t\t\t\t\t\t\t\n\t\t\t\t\t\t\t\t\n\t\t\t\t\t\t\t<\/div>\n<div class=\"wp-block-columns has-color-11-background-color has-background is-layout-flex wp-container-core-columns-is-layout-9d6595d7 wp-block-columns-is-layout-flex\">\n<div class=\"wp-block-column col-12 col-sm-auto is-layout-flow wp-block-column-is-layout-flow\"><div  class=\"row_wrap\">\n<div class=\"wp-block-columns row_xxl is-layout-flex wp-container-core-columns-is-layout-9d6595d7 wp-block-columns-is-layout-flex\">\n<div class=\"wp-block-column col-12 col-sm-auto is-layout-flow wp-block-column-is-layout-flow\">\n<h3 class=\"wp-block-heading has-text-align-center has-color-62-color has-text-color has-link-color wp-elements-21c8ac7cf30331e2880e282287ff716f gs_lvDSZd\" style=\"font-size:1.75em;font-style:normal;font-weight:700\">Current special exhibition:<\/h3>\n\n\n\n<h3 class=\"wp-block-heading has-text-align-center has-color-62-color has-text-color has-link-color wp-elements-2eca9276c2efd090b878f698b6b3895e gs_W8Z8CD\" style=\"font-size:1.75em;font-style:normal;font-weight:400\">The pelican over G\u00fcssing<br\/>500 years of the Batthy\u00e1ny family at the castle<\/h3>\n<\/div>\n<\/div>\n<\/div><\/div>\n<\/div>\n<\/div><div  class=\"gs_F5tVjp row_wrap\">\n<div class=\"wp-block-columns is-layout-flex wp-container-core-columns-is-layout-9d6595d7 wp-block-columns-is-layout-flex\">\n<div class=\"wp-block-column col-12 col-sm-12 col-md-10 col-lg-10 offset-sm-0 offset-md-1 offset-lg-1 is-layout-flow wp-block-column-is-layout-flow\">\n<h3 class=\"wp-block-heading has-text-align-center gs_SeWP9v\" style=\"font-size:1.3em\">G\u00fcssing Castle \u2013 historical jewel in South Burgenland<\/h3>\n\n\n\n<p class=\"has-text-align-center\">Discover G\u00fcssing Castle, a highlight for all those who enjoy excursions into the past. The castle towers over the idyllic landscape of southern Burgenland and offers an impressive view from the castle hill over the town of G\u00fcssing, the G\u00fcssing fish ponds Ramsar area and far into the Hungarian lowlands. <\/p>\n\n\n\n<p class=\"has-text-align-center\">At the castle museum, you can embark on an exciting journey through time. Immerse yourself in the castle&#8217;s impressive past, which is preserved and documented by the museum in the stronghold. <\/p>\n\n\n\n<p class=\"has-text-align-center\">A comprehensive collection \u2013 from the ancestral portrait gallery to the weapons collection \u2013 illustrates the glorious history of the Batthy\u00e1nys, a powerful Hungarian dynasty.<\/p>\n\n\n\n<p class=\"has-text-align-center\">The large castle courtyard surprises with its spaciousness. A place to relax and linger. It is also transformed into a spectacular open-air stage every summer and is the venue for musical performances and various other events.  <\/p>\n\n\n\n<p class=\"has-text-align-center\">G\u00fcssing Castle awaits you \u2013 it&#8217;s always worth a visit!<\/p>\n<\/div>\n<\/div>\n<\/div><div  class=\"gs_QLf6mn row_wrap\">\n<div class=\"wp-block-columns row_xxxl is-layout-flex wp-container-core-columns-is-layout-9d6595d7 wp-block-columns-is-layout-flex\">\n<div class=\"wp-block-column col-12 col-sm-auto is-layout-flow wp-block-column-is-layout-flow\" style=\"padding-top:0px;padding-right:0px;padding-bottom:0px;padding-left:0px\">\n<div id=\"greyd-69d72c2c69f33\" class=\"wp-block-greyd-box dyn gs_73rkJE greyd-content-box gs_73rkJE has-background\"><div id='bg_69d72c2c69d6a' class='greyd-background'>\n\t\t\t\t\t\t\t\t<div class='bg_image'  data-srcset='{\"full\":\"https:\\\/\\\/burgguessing.at\\\/wp-content\\\/uploads\\\/2024\\\/03\\\/Burggang_1_Robert_Bruenner_Fotografie.jpg\",\"150\":\"https:\\\/\\\/burgguessing.at\\\/wp-content\\\/uploads\\\/2024\\\/03\\\/Burggang_1_Robert_Bruenner_Fotografie-150x150.jpg\",\"300\":\"https:\\\/\\\/burgguessing.at\\\/wp-content\\\/uploads\\\/2024\\\/03\\\/Burggang_1_Robert_Bruenner_Fotografie-300x200.jpg\"}'><\/div>\n\t\t\t\t\t\t\t\t\n\t\t\t\t\t\t\t\t\n\t\t\t\t\t\t\t\t\n\t\t\t\t\t\t\t<\/div><\/div>\n<\/div>\n\n\n\n<div class=\"wp-block-column col-12 col-sm-auto is-layout-flow wp-block-column-is-layout-flow\" style=\"padding-top:0px;padding-right:0px;padding-bottom:0px;padding-left:0px\">\n<div id=\"greyd-69d72c2c6a191\" class=\"wp-block-greyd-box dyn gs_Z0WLJe greyd-content-box gs_Z0WLJe has-background\"><div id='bg_69d72c2c6a04d' class='greyd-background'>\n\t\t\t\t\t\t\t\t<div class='bg_image'  data-srcset='{\"full\":\"https:\\\/\\\/burgguessing.at\\\/wp-content\\\/uploads\\\/2024\\\/03\\\/Burg_1_Robert_Bruenner_Fotografie.jpg\",\"150\":\"https:\\\/\\\/burgguessing.at\\\/wp-content\\\/uploads\\\/2024\\\/03\\\/Burg_1_Robert_Bruenner_Fotografie-150x150.jpg\",\"200\":\"https:\\\/\\\/burgguessing.at\\\/wp-content\\\/uploads\\\/2024\\\/03\\\/Burg_1_Robert_Bruenner_Fotografie-200x300.jpg\"}'><\/div>\n\t\t\t\t\t\t\t\t\n\t\t\t\t\t\t\t\t\n\t\t\t\t\t\t\t\t\n\t\t\t\t\t\t\t<\/div><\/div>\n<\/div>\n\n\n\n<div class=\"wp-block-column col-12 col-sm-auto is-layout-flow wp-block-column-is-layout-flow\" style=\"padding-top:0px;padding-right:0px;padding-bottom:0px;padding-left:0px\">\n<div id=\"greyd-69d72c2c6a3a6\" class=\"wp-block-greyd-box dyn gs_LtfDB0 greyd-content-box gs_LtfDB0 has-background\"><div id='bg_69d72c2c6a27c' class='greyd-background'>\n\t\t\t\t\t\t\t\t<div class='bg_image'  data-srcset='{\"full\":\"https:\\\/\\\/burgguessing.at\\\/wp-content\\\/uploads\\\/2024\\\/03\\\/Kapelle_1_Robert_Bruenner_Fotografie.jpg\",\"150\":\"https:\\\/\\\/burgguessing.at\\\/wp-content\\\/uploads\\\/2024\\\/03\\\/Kapelle_1_Robert_Bruenner_Fotografie-150x150.jpg\",\"200\":\"https:\\\/\\\/burgguessing.at\\\/wp-content\\\/uploads\\\/2024\\\/03\\\/Kapelle_1_Robert_Bruenner_Fotografie-200x300.jpg\"}'><\/div>\n\t\t\t\t\t\t\t\t\n\t\t\t\t\t\t\t\t\n\t\t\t\t\t\t\t\t\n\t\t\t\t\t\t\t<\/div><\/div>\n<\/div>\n\n\n\n<div class=\"wp-block-column hidden-xs col-12 col-sm-auto is-layout-flow wp-block-column-is-layout-flow\" style=\"padding-top:0px;padding-right:0px;padding-bottom:0px;padding-left:0px\">\n<div id=\"greyd-69d72c2c6a58e\" class=\"wp-block-greyd-box dyn gs_v92Vh6 greyd-content-box gs_v92Vh6 has-background\"><div id='bg_69d72c2c6a48a' class='greyd-background'>\n\t\t\t\t\t\t\t\t<div class='bg_image'  data-srcset='{\"full\":\"https:\\\/\\\/burgguessing.at\\\/wp-content\\\/uploads\\\/2024\\\/03\\\/Mauer_1_Robert_Bruenner_Fotografie.jpg\",\"150\":\"https:\\\/\\\/burgguessing.at\\\/wp-content\\\/uploads\\\/2024\\\/03\\\/Mauer_1_Robert_Bruenner_Fotografie-150x150.jpg\",\"300\":\"https:\\\/\\\/burgguessing.at\\\/wp-content\\\/uploads\\\/2024\\\/03\\\/Mauer_1_Robert_Bruenner_Fotografie-300x200.jpg\"}'><\/div>\n\t\t\t\t\t\t\t\t\n\t\t\t\t\t\t\t\t\n\t\t\t\t\t\t\t\t\n\t\t\t\t\t\t\t<\/div><\/div>\n<\/div>\n\n\n\n<div class=\"wp-block-column hidden-xs hidden-sm col-12 col-sm-auto is-layout-flow wp-block-column-is-layout-flow\" style=\"padding-top:0px;padding-right:0px;padding-bottom:0px;padding-left:0px\">\n<div id=\"greyd-69d72c2c6a7a4\" class=\"wp-block-greyd-box dyn gs_E06k8a greyd-content-box gs_E06k8a has-background\"><div id='bg_69d72c2c6a664' class='greyd-background'>\n\t\t\t\t\t\t\t\t<div class='bg_image'  data-srcset='{\"full\":\"https:\\\/\\\/burgguessing.at\\\/wp-content\\\/uploads\\\/2024\\\/03\\\/Burg_2_Robert_Bruenner_Fotografie.jpg\",\"150\":\"https:\\\/\\\/burgguessing.at\\\/wp-content\\\/uploads\\\/2024\\\/03\\\/Burg_2_Robert_Bruenner_Fotografie-150x150.jpg\",\"300\":\"https:\\\/\\\/burgguessing.at\\\/wp-content\\\/uploads\\\/2024\\\/03\\\/Burg_2_Robert_Bruenner_Fotografie-300x200.jpg\",\"768\":\"https:\\\/\\\/burgguessing.at\\\/wp-content\\\/uploads\\\/2024\\\/03\\\/Burg_2_Robert_Bruenner_Fotografie-768x512.jpg\",\"1024\":\"https:\\\/\\\/burgguessing.at\\\/wp-content\\\/uploads\\\/2024\\\/03\\\/Burg_2_Robert_Bruenner_Fotografie-1024x683.jpg\"}'><\/div>\n\t\t\t\t\t\t\t\t\n\t\t\t\t\t\t\t\t\n\t\t\t\t\t\t\t\t\n\t\t\t\t\t\t\t<\/div><\/div>\n<\/div>\n<\/div>\n<\/div><div  class=\"row_wrap has-background\"><div id='bg_69d72c2c6aec1' class='greyd-background bg_full'>\n\t\t\t\t\t\t\t\t<div class='bg_color'><\/div>\n\t\t\t\t\t\t\t\t\n\t\t\t\t\t\t\t\t\n\t\t\t\t\t\t\t\t\n\t\t\t\t\t\t\t<\/div>\n<div class=\"wp-block-columns row_xxxl has-color-11-background-color has-background is-layout-flex wp-container-core-columns-is-layout-9d6595d7 wp-block-columns-is-layout-flex\">\n<div class=\"wp-block-column col-12 col-sm-auto is-layout-flow wp-block-column-is-layout-flow\"><div  class=\"gs_XY1lkE row_wrap\">\n<div class=\"wp-block-columns row_xxl is-layout-flex wp-container-core-columns-is-layout-9d6595d7 wp-block-columns-is-layout-flex\">\n<div class=\"wp-block-column col-12 col-sm-12 col-md-12 col-lg-12 offset-sm-0 offset-md-0 offset-lg-0 is-layout-flow wp-block-column-is-layout-flow\">\n<p class=\"has-text-align-center has-color-62-color has-text-color has-link-color wp-elements-26b418b114a9e134706e8b28cbd94313 gs_hUBuAc\" style=\"font-style:normal;font-weight:700\"><br\/>Opening hours<br\/>We are on winter break.<\/p>\n\n\n\n<p class=\"has-text-align-center has-color-62-color has-text-color has-link-color wp-elements-3a58cdf259b9ad942d0b2db6bff71e7d gs_HVAbsa\" style=\"font-style:normal;font-weight:700\">From March 15 to October 31, 2025<\/p>\n\n\n\n<p class=\"has-text-align-center has-color-62-color has-text-color has-link-color wp-elements-889ad9d553da45760e5b9071b49e3548 gs_7HEWdd\">Tuesday to Sunday from 10.00 am to 5.00 pm (last admission: 4:30 pm)<br\/>Monday closed (open on Monday if Monday or Tuesday is a public holiday)<\/p>\n<\/div>\n<\/div>\n<\/div><\/div>\n<\/div>\n<\/div><div  class=\"gs_Q1JtXA row_wrap\">\n<div class=\"wp-block-columns row_xxl is-layout-flex wp-container-core-columns-is-layout-9d6595d7 wp-block-columns-is-layout-flex\">\n<div class=\"wp-block-column col-12 col-sm-12 col-md-12 col-lg-12 offset-sm-0 offset-md-0 offset-lg-0 is-layout-flow wp-block-column-is-layout-flow\">\n<h3 class=\"wp-block-heading has-text-align-center gs_kodXDP\" style=\"font-size:1.3em\">Admission prices<\/h3>\n\n\n\n<p class=\"has-text-align-center\">All prices incl. VAT <\/p>\n\n\n<div  class=\"gs_VcxANW row_wrap\">\n<div class=\"wp-block-columns row_xxl is-layout-flex wp-container-core-columns-is-layout-9d6595d7 wp-block-columns-is-layout-flex\">\n<div class=\"wp-block-column col-12 col-sm-auto is-layout-flow wp-block-column-is-layout-flow\">\n<p>Adults: \u20ac 8,50<br\/>Senior citizens: \u20ac 7,00<br\/>Pupils, apprentices, students, military or civilian service:<br\/>\u20ac 5,00<br\/>Family ticket: \u20ac 18,00<\/p>\n\n\n\n<p><\/p>\n\n\n\n<p>Combined ticket castle &amp; crypt \u20ac 13,00<\/p>\n\n\n\n<h6 class=\"wp-block-heading gs_JISkge\">Group (from 10 persons)<\/h6>\n\n\n\n<p>Adults: \u20ac 7,00<br\/>Senior citizens: \u20ac 6,50<br\/>Pupils, apprentices, students, military or civilian service:<br\/>\u20ac 4,50<\/p>\n\n\n\n<h6 class=\"wp-block-heading gs_kRM9pW\">Guided tours<\/h6>\n\n\n\n<p>Guided tours are available by prior arrangement for groups of 10 or more people for \u20ac2.00 per person (or min. \u20ac20.00).<\/p>\n\n\n\n<p>Payment for admission to the castle or for the guided tours can be made in cash or by credit card or debit card.<\/p>\n<\/div>\n\n\n\n<div class=\"wp-block-column col-12 col-sm-auto is-layout-flow wp-block-column-is-layout-flow\">\n<h6 class=\"wp-block-heading gs_lqr6xS\">Inclined elevator<\/h6>\n\n\n\n<p class=\"gs_M5PK4J\">Take a pleasant and leisurely ride up to G\u00fcssing Castle on our inclined elevator \u2012 the ideal choice for anyone wishing to enjoy the breathtaking views of G\u00fcssing and its surroundings without having to make the strenuous climb on foot. <\/p>\n\n\n\n<p class=\"gs_TiM3UF\">Ascent: \u20ac 2,00<br\/>Descent: \u20ac 2,00<\/p>\n\n\n\n<p><strong>Please note:<\/strong> \u20ac 2.00, \u20ac 1.00 and 50-cent coins are accepted, payment by ATM or credit card is not possible in the inclined elevator.<br\/><br\/>Tour groups can pay a flat rate at the castle ticket office.<br\/><br\/><\/p>\n<\/div>\n<\/div>\n<\/div><\/div>\n<\/div>\n<\/div><div  class=\"gs_39462z row_wrap\">\n<div class=\"wp-block-columns row_xxxl is-layout-flex wp-container-core-columns-is-layout-9d6595d7 wp-block-columns-is-layout-flex\">\n<div class=\"wp-block-column col-12 col-sm-auto is-layout-flow wp-block-column-is-layout-flow\">\n<div id=\"wp-container-69d72c2c6cc49\" class=\"wp-block-group is-content-justification-center is-layout-flex wp-container-core-group-is-layout-2f06dff2 wp-block-group-is-layout-flex\" style=\"padding-right:0;padding-left:0\"><figure style=\"padding-right:var(--wp--preset--spacing--50);padding-left:var(--wp--preset--spacing--50);padding-top:var(--wp--preset--spacing--30);padding-bottom:var(--wp--preset--spacing--30);\" class=\"wp-block-image greyd-image   gs_5YiDFe\"><img loading=\"lazy\" decoding=\"async\" width=\"426\" height=\"200\" src=\"https:\/\/burgguessing.at\/wp-content\/uploads\/2024\/03\/Logo_Land_BGLD_Kulturland.jpg\" class=\"wp-image-1109\" alt=\"Logo_Land_BGLD_Kulturland\" srcset=\"https:\/\/burgguessing.at\/wp-content\/uploads\/2024\/03\/Logo_Land_BGLD_Kulturland.jpg 426w, https:\/\/burgguessing.at\/wp-content\/uploads\/2024\/03\/Logo_Land_BGLD_Kulturland-300x141.jpg 300w\" sizes=\"auto, (max-width: 426px) 100vw, 426px\" \/><\/figure>\n\n<figure style=\"padding-right:var(--wp--preset--spacing--50);padding-left:var(--wp--preset--spacing--50);padding-top:var(--wp--preset--spacing--30);padding-bottom:var(--wp--preset--spacing--30);\" class=\"wp-block-image greyd-image   gs_LQTejC\"><img loading=\"lazy\" decoding=\"async\" width=\"748\" height=\"200\" src=\"https:\/\/burgguessing.at\/wp-content\/uploads\/2024\/03\/Logo_Suedburgenland.png\" class=\"wp-image-1113\" alt=\"Logo_Suedburgenland\" srcset=\"https:\/\/burgguessing.at\/wp-content\/uploads\/2024\/03\/Logo_Suedburgenland.png 748w, https:\/\/burgguessing.at\/wp-content\/uploads\/2024\/03\/Logo_Suedburgenland-300x80.png 300w\" sizes=\"auto, (max-width: 748px) 100vw, 748px\" \/><\/figure>\n\n<figure style=\"padding-right:var(--wp--preset--spacing--50);padding-left:var(--wp--preset--spacing--50);padding-top:var(--wp--preset--spacing--30);padding-bottom:var(--wp--preset--spacing--30);\" class=\"wp-block-image greyd-image   gs_FGAa19\"><img loading=\"lazy\" decoding=\"async\" width=\"703\" height=\"200\" src=\"https:\/\/burgguessing.at\/wp-content\/uploads\/2024\/03\/logo_Landesmuseum_Burgenland_4c.jpg\" class=\"wp-image-1111\" alt=\"logo_Landesmuseum_Burgenland_4c\" srcset=\"https:\/\/burgguessing.at\/wp-content\/uploads\/2024\/03\/logo_Landesmuseum_Burgenland_4c.jpg 703w, https:\/\/burgguessing.at\/wp-content\/uploads\/2024\/03\/logo_Landesmuseum_Burgenland_4c-300x85.jpg 300w\" sizes=\"auto, (max-width: 703px) 100vw, 703px\" \/><\/figure>\n\n<figure style=\"padding-right:var(--wp--preset--spacing--50);padding-left:var(--wp--preset--spacing--50);padding-top:var(--wp--preset--spacing--30);padding-bottom:var(--wp--preset--spacing--30);\" class=\"wp-block-image greyd-image   gs_mFy7hQ\"><img loading=\"lazy\" decoding=\"async\" width=\"473\" height=\"301\" src=\"https:\/\/burgguessing.at\/wp-content\/uploads\/2024\/03\/Logo_Guessing_MeineStadt.png\" class=\"wp-image-1107\" alt=\"Logo_Guessing_MeineStadt\" srcset=\"https:\/\/burgguessing.at\/wp-content\/uploads\/2024\/03\/Logo_Guessing_MeineStadt.png 473w, https:\/\/burgguessing.at\/wp-content\/uploads\/2024\/03\/Logo_Guessing_MeineStadt-300x191.png 300w\" sizes=\"auto, (max-width: 473px) 100vw, 473px\" \/><\/figure>\n\n<figure style=\"padding-right:var(--wp--preset--spacing--50);padding-left:var(--wp--preset--spacing--50);padding-top:var(--wp--preset--spacing--30);padding-bottom:var(--wp--preset--spacing--30);\" class=\"wp-block-image greyd-image   gs_Yt1kDk\"><img loading=\"lazy\" decoding=\"async\" width=\"362\" height=\"169\" src=\"https:\/\/burgguessing.at\/wp-content\/uploads\/2024\/03\/Heiraten-im-Paradies_Logo.jpg\" class=\"wp-image-1103\" alt=\"Heiraten-im-Paradies_Logo\" srcset=\"https:\/\/burgguessing.at\/wp-content\/uploads\/2024\/03\/Heiraten-im-Paradies_Logo.jpg 362w, https:\/\/burgguessing.at\/wp-content\/uploads\/2024\/03\/Heiraten-im-Paradies_Logo-300x140.jpg 300w\" sizes=\"auto, (max-width: 362px) 100vw, 362px\" \/><\/figure>\n\n<figure style=\"padding-right:var(--wp--preset--spacing--50);padding-left:var(--wp--preset--spacing--50);padding-top:var(--wp--preset--spacing--30);padding-bottom:var(--wp--preset--spacing--30);\" class=\"wp-block-image greyd-image   gs_wRBp70\"><img loading=\"lazy\" decoding=\"async\" width=\"429\" height=\"300\" src=\"https:\/\/burgguessing.at\/wp-content\/uploads\/2024\/03\/Castle-Road-LOGO.jpg\" class=\"wp-image-1101\" alt=\"Castle-Road-LOGO\" srcset=\"https:\/\/burgguessing.at\/wp-content\/uploads\/2024\/03\/Castle-Road-LOGO.jpg 429w, https:\/\/burgguessing.at\/wp-content\/uploads\/2024\/03\/Castle-Road-LOGO-300x210.jpg 300w\" sizes=\"auto, (max-width: 429px) 100vw, 429px\" \/><\/figure>\n\n<figure style=\"padding-right:var(--wp--preset--spacing--50);padding-left:var(--wp--preset--spacing--50);padding-top:var(--wp--preset--spacing--30);padding-bottom:var(--wp--preset--spacing--30);\" class=\"wp-block-image greyd-image   gs_XXbhpG\"><img loading=\"lazy\" decoding=\"async\" width=\"996\" height=\"300\" src=\"https:\/\/burgguessing.at\/wp-content\/uploads\/2024\/03\/interreg_si-at_sl_de.jpg\" class=\"wp-image-1105\" alt=\"interreg_si-at_sl_de\" srcset=\"https:\/\/burgguessing.at\/wp-content\/uploads\/2024\/03\/interreg_si-at_sl_de.jpg 996w, https:\/\/burgguessing.at\/wp-content\/uploads\/2024\/03\/interreg_si-at_sl_de-300x90.jpg 300w, https:\/\/burgguessing.at\/wp-content\/uploads\/2024\/03\/interreg_si-at_sl_de-768x231.jpg 768w\" sizes=\"auto, (max-width: 996px) 100vw, 996px\" \/><\/figure><\/div>\n<\/div>\n<\/div>\n<\/div>","protected":false},"excerpt":{"rendered":"<p>Current special exhibition: The pelican over G\u00fcssing500 years of the Batthy\u00e1ny family at the castle G\u00fcssing Castle \u2013 historical jewel in South Burgenland Discover G\u00fcssing Castle, a highlight for all those who enjoy excursions into the past. The castle towers over the idyllic landscape of southern Burgenland and offers an impressive view from the castle [&hellip;]<\/p>\n","protected":false},"author":1,"featured_media":1422,"parent":0,"menu_order":0,"comment_status":"closed","ping_status":"closed","template":"","meta":{"greyd_block_editor_preview":[],"footnotes":""},"class_list":["post-1187","page","type-page","status-publish","has-post-thumbnail","hentry"],"_links":{"self":[{"href":"https:\/\/burgguessing.at\/en\/wp-json\/wp\/v2\/pages\/1187","targetHints":{"allow":["GET"]}}],"collection":[{"href":"https:\/\/burgguessing.at\/en\/wp-json\/wp\/v2\/pages"}],"about":[{"href":"https:\/\/burgguessing.at\/en\/wp-json\/wp\/v2\/types\/page"}],"author":[{"embeddable":true,"href":"https:\/\/burgguessing.at\/en\/wp-json\/wp\/v2\/users\/1"}],"replies":[{"embeddable":true,"href":"https:\/\/burgguessing.at\/en\/wp-json\/wp\/v2\/comments?post=1187"}],"version-history":[{"count":21,"href":"https:\/\/burgguessing.at\/en\/wp-json\/wp\/v2\/pages\/1187\/revisions"}],"predecessor-version":[{"id":1566,"href":"https:\/\/burgguessing.at\/en\/wp-json\/wp\/v2\/pages\/1187\/revisions\/1566"}],"wp:featuredmedia":[{"embeddable":true,"href":"https:\/\/burgguessing.at\/en\/wp-json\/wp\/v2\/media\/1422"}],"wp:attachment":[{"href":"https:\/\/burgguessing.at\/en\/wp-json\/wp\/v2\/media?parent=1187"}],"curies":[{"name":"wp","href":"https:\/\/api.w.org\/{rel}","templated":true}]}}